{"id":13671,"date":"2024-11-23T17:45:01","date_gmt":"2024-11-23T17:45:01","guid":{"rendered":"https:\/\/antoniomartinezclinicadental.com\/vie-privee\/"},"modified":"2025-11-19T13:39:38","modified_gmt":"2025-11-19T13:39:38","slug":"vie-privee","status":"publish","type":"page","link":"https:\/\/antoniomartinezclinicadental.com\/fr\/vie-privee\/","title":{"rendered":"Vie priv\u00e9e"},"content":{"rendered":"\t\t<div data-elementor-type=\"wp-page\" data-elementor-id=\"13671\" class=\"elementor elementor-13671 elementor-398\" data-elementor-post-type=\"page\">\n\t\t\t\t<div class=\"elementor-element elementor-element-781416f e-grid e-con-boxed e-con e-parent\" data-id=\"781416f\" data-element_type=\"container\" data-settings=\"{&quot;background_background&quot;:&quot;classic&quot;}\">\n\t\t\t\t\t<div class=\"e-con-inner\">\n\t\t\t\t<div class=\"elementor-element elementor-element-d086fe7 elementor-widget elementor-widget-text-editor\" data-id=\"d086fe7\" data-element_type=\"widget\" data-widget_type=\"text-editor.default\">\n\t\t\t\t<div class=\"elementor-widget-container\">\n\t\t\t\t\t\t\t\t\t<h1>Politique de confidentialit\u00e9<\/h1>\t\t\t\t\t\t\t\t<\/div>\n\t\t\t\t<\/div>\n\t\t\t\t\t<\/div>\n\t\t\t\t<\/div>\n\t\t<div class=\"elementor-element elementor-element-59e00dd e-flex e-con-boxed e-con e-parent\" data-id=\"59e00dd\" data-element_type=\"container\">\n\t\t\t\t\t<div class=\"e-con-inner\">\n\t\t\t\t<div class=\"elementor-element elementor-element-b713d4b elementor-widget elementor-widget-text-editor\" data-id=\"b713d4b\" data-element_type=\"widget\" data-widget_type=\"text-editor.default\">\n\t\t\t\t<div class=\"elementor-widget-container\">\n\t\t\t\t\t\t\t\t\t<p>Conform\u00e9ment aux dispositions de l&rsquo;article 10 de la loi 34\/2002 sur les services de la soci\u00e9t\u00e9 de l&rsquo;information et le commerce \u00e9lectronique, nous informons tous nos clients, utilisateurs et visiteurs des informations l\u00e9gales concernant l&rsquo;entreprise propri\u00e9taire du site Web situ\u00e9 \u00e0 l&rsquo;adresse Internet :<br><strong><a href=\"http:\/\/www.antonioantoniomartinezdental.com\" target=\"_new\" rel=\"noopener\">www.antonioantoniomartinezdental.com<\/a><\/strong><\/p><ul><li><strong>Nom de l&rsquo;entreprise<\/strong>: JOS\u00c9 ANTONIO MART\u00cdNEZ FORTES<\/li><li><strong>Adresse<\/strong>: C. Cam de M\u00e1laga, 9, 29700 V\u00e9lez-M\u00e1laga, M\u00e1laga<\/li><li><strong>Num\u00e9ro d&rsquo;identification fiscale (C.I.F.)<\/strong>: 53154357V<\/li><li><strong>A.I.C.I.N.<\/strong>: 31342<\/li><\/ul><p> <\/p><p>Toute communication avec <strong><a href=\"http:\/\/www.antonioantoniomartinezdental.com\" target=\"_new\" rel=\"noopener\">www.antonioantoniomartinezdental.com<\/a><\/strong> par quelque moyen que ce soit ou par le biais de votre adresse \u00e9lectronique, ou du formulaire de ce site Web, implique le consentement expr\u00e8s \u00e0 l&rsquo;inclusion de vos donn\u00e9es personnelles dans des fichiers appartenant \u00e0 <strong>JOS\u00c9 ANTONIO MART\u00cdNEZ FORTES<\/strong>, dont l&rsquo;adresse est C. Cam de M\u00e1laga, 9, 29700 V\u00e9lez-M\u00e1laga, (M\u00c1LAGA).<\/p><p>Conform\u00e9ment aux dispositions du R\u00e8glement g\u00e9n\u00e9ral sur la protection des donn\u00e9es de l&rsquo;UE (2016\/679), nous informons les utilisateurs que les donn\u00e9es personnelles fournies volontairement, par l&rsquo;un de nos moyens de collecte d&rsquo;informations, seront incorpor\u00e9es aux activit\u00e9s de traitement automatis\u00e9 des donn\u00e9es personnelles appartenant \u00e0 <strong>JOS\u00c9 ANTONIO MART\u00cdNEZ FORTES<\/strong>, afin de fournir nos services, ainsi que de se tenir inform\u00e9 des questions li\u00e9es \u00e0 l&rsquo;activit\u00e9 de l&rsquo;entreprise et de ses services.<\/p><p><strong>JOS\u00c9 ANTONIO MART\u00cdNEZ FORTES<\/strong> respecte pleinement la l\u00e9gislation en vigueur en mati\u00e8re de protection des donn\u00e9es \u00e0 caract\u00e8re personnel, ainsi que les engagements de confidentialit\u00e9 inh\u00e9rents \u00e0 son activit\u00e9.<\/p><p><strong>JOS\u00c9 ANTONIO MART\u00cdNEZ FORTES<\/strong> a adopt\u00e9 les mesures techniques n\u00e9cessaires pour maintenir le niveau de s\u00e9curit\u00e9 requis, en fonction de la nature des donn\u00e9es personnelles trait\u00e9es et des circonstances du traitement, dans le but d&rsquo;\u00e9viter, dans la mesure du possible et toujours selon l&rsquo;\u00e9tat de la technique, leur alt\u00e9ration, perte, traitement ou acc\u00e8s non autoris\u00e9. Pour effectuer le traitement susmentionn\u00e9, il peut \u00eatre n\u00e9cessaire de transf\u00e9rer les donn\u00e9es \u00e0 des responsables du traitement, \u00e0 des administrations publiques (qui peuvent v\u00e9rifier la v\u00e9racit\u00e9 des donn\u00e9es). <\/p><p>Dans le cas o\u00f9 l&rsquo;UTILISATEUR fournit des donn\u00e9es personnelles se r\u00e9f\u00e9rant \u00e0 des personnes physiques autres que lui-m\u00eame, l&rsquo;utilisateur doit, avant l&rsquo;inclusion, les informer du contenu de cette clause, conform\u00e9ment aux dispositions du R\u00e8glement g\u00e9n\u00e9ral sur la protection des donn\u00e9es (UE) 2016\/679.<\/p><p><strong>JOS\u00c9 ANTONIO MART\u00cdNEZ FORTES<\/strong>, en tant que responsable de l&rsquo;Activit\u00e9 de traitement, garantit l&rsquo;exercice des droits d&rsquo;acc\u00e8s, de rectification, de suppression, de limitation, d&rsquo;opposition et de portabilit\u00e9 des donn\u00e9es fournies, conform\u00e9ment aux dispositions du R\u00e8glement g\u00e9n\u00e9ral sur la protection des donn\u00e9es 2016\/679. L&rsquo;UTILISATEUR peut exercer ces droits \u00e0 tout moment en \u00e9crivant au si\u00e8ge social, en joignant une copie de sa carte d&rsquo;identit\u00e9 ou de son passeport. <\/p><p><strong>JOS\u00c9 ANTONIO MART\u00cdNEZ FORTES<\/strong> garantit que toutes les communications commerciales envoy\u00e9es \u00e0 ses clients sont conformes \u00e0 la l\u00e9gislation en vigueur.<\/p><p>Par cons\u00e9quent, conform\u00e9ment \u00e0 la loi 34\/2002 sur les services de la soci\u00e9t\u00e9 de l&rsquo;information et le commerce \u00e9lectronique et la loi 9\/2014 sur les t\u00e9l\u00e9communications g\u00e9n\u00e9rales, informe l&rsquo;utilisateur que <strong>JOS\u00c9 ANTONIO MART\u00cdNEZ FORTES<\/strong> demandera pr\u00e9c\u00e9demment par des moyens \u00e9lectroniques des informations sur les produits ou services d&rsquo;int\u00e9r\u00eat pour lesquels vous donnez votre consentement.<\/p><p>Vous pouvez r\u00e9voquer cette autorisation \u00e0 tout moment \u00e0 l&rsquo;adresse suivante <strong><a rel=\"noopener\">info@antonioantoniomartinezdental.com<\/a><\/strong>.<\/p>\t\t\t\t\t\t\t\t<\/div>\n\t\t\t\t<\/div>\n\t\t\t\t\t<\/div>\n\t\t\t\t<\/div>\n\t\t\t\t<\/div>\n\t\t","protected":false},"excerpt":{"rendered":"<p>Politique de confidentialit\u00e9 Conform\u00e9ment aux dispositions de l&rsquo;article 10 de la loi 34\/2002 sur les services de la soci\u00e9t\u00e9 de l&rsquo;information et le commerce \u00e9lectronique, nous informons tous nos clients, utilisateurs et visiteurs des informations l\u00e9gales concernant l&rsquo;entreprise propri\u00e9taire du site Web situ\u00e9 \u00e0 l&rsquo;adresse Internet :www.antonioantoniomartinezdental.com Nom de l&rsquo;entreprise: JOS\u00c9 ANTONIO MART\u00cdNEZ FORTES Adresse: [&hellip;]<\/p>\n","protected":false},"author":1,"featured_media":0,"parent":0,"menu_order":0,"comment_status":"closed","ping_status":"closed","template":"","meta":{"footnotes":""},"class_list":["post-13671","page","type-page","status-publish","hentry"],"yoast_head":"<!-- This site is optimized with the Yoast SEO plugin v26.8 - https:\/\/yoast.com\/product\/yoast-seo-wordpress\/ -->\n<title>Vie priv\u00e9e - Antonio Martinez Cl\u00ednica Dental<\/title>\n<meta name=\"robots\" content=\"index, follow, max-snippet:-1, max-image-preview:large, max-video-preview:-1\" \/>\n<link rel=\"canonical\" href=\"https:\/\/antoniomartinezclinicadental.com\/fr\/vie-privee\/\" \/>\n<meta property=\"og:locale\" content=\"fr_FR\" \/>\n<meta property=\"og:type\" content=\"article\" \/>\n<meta property=\"og:title\" content=\"Vie priv\u00e9e - Antonio Martinez Cl\u00ednica Dental\" \/>\n<meta property=\"og:description\" content=\"Politique de confidentialit\u00e9 Conform\u00e9ment aux dispositions de l&rsquo;article 10 de la loi 34\/2002 sur les services de la soci\u00e9t\u00e9 de l&rsquo;information et le commerce \u00e9lectronique, nous informons tous nos clients, utilisateurs et visiteurs des informations l\u00e9gales concernant l&rsquo;entreprise propri\u00e9taire du site Web situ\u00e9 \u00e0 l&rsquo;adresse Internet :www.antonioantoniomartinezdental.com Nom de l&rsquo;entreprise: JOS\u00c9 ANTONIO MART\u00cdNEZ FORTES Adresse: [&hellip;]\" \/>\n<meta property=\"og:url\" content=\"https:\/\/antoniomartinezclinicadental.com\/fr\/vie-privee\/\" \/>\n<meta property=\"og:site_name\" content=\"Antonio Martinez Cl\u00ednica Dental\" \/>\n<meta property=\"article:publisher\" content=\"https:\/\/www.facebook.com\/p\/Clinica-Dental-Antonio-Martinez-100066372022427\/?locale=es_ES\" \/>\n<meta property=\"article:modified_time\" content=\"2025-11-19T13:39:38+00:00\" \/>\n<meta name=\"twitter:card\" content=\"summary_large_image\" \/>\n<meta name=\"twitter:label1\" content=\"Dur\u00e9e de lecture estim\u00e9e\" \/>\n\t<meta name=\"twitter:data1\" content=\"3 minutes\" \/>\n<script type=\"application\/ld+json\" class=\"yoast-schema-graph\">{\"@context\":\"https:\/\/schema.org\",\"@graph\":[{\"@type\":\"WebPage\",\"@id\":\"https:\/\/antoniomartinezclinicadental.com\/fr\/vie-privee\/\",\"url\":\"https:\/\/antoniomartinezclinicadental.com\/fr\/vie-privee\/\",\"name\":\"Vie priv\u00e9e - Antonio Martinez Cl\u00ednica Dental\",\"isPartOf\":{\"@id\":\"https:\/\/antoniomartinezclinicadental.com\/fr\/#website\"},\"datePublished\":\"2024-11-23T17:45:01+00:00\",\"dateModified\":\"2025-11-19T13:39:38+00:00\",\"breadcrumb\":{\"@id\":\"https:\/\/antoniomartinezclinicadental.com\/fr\/vie-privee\/#breadcrumb\"},\"inLanguage\":\"fr-FR\",\"potentialAction\":[{\"@type\":\"ReadAction\",\"target\":[\"https:\/\/antoniomartinezclinicadental.com\/fr\/vie-privee\/\"]}]},{\"@type\":\"BreadcrumbList\",\"@id\":\"https:\/\/antoniomartinezclinicadental.com\/fr\/vie-privee\/#breadcrumb\",\"itemListElement\":[{\"@type\":\"ListItem\",\"position\":1,\"name\":\"Home\",\"item\":\"https:\/\/antoniomartinezclinicadental.com\/fr\/\"},{\"@type\":\"ListItem\",\"position\":2,\"name\":\"Vie priv\u00e9e\"}]},{\"@type\":\"WebSite\",\"@id\":\"https:\/\/antoniomartinezclinicadental.com\/fr\/#website\",\"url\":\"https:\/\/antoniomartinezclinicadental.com\/fr\/\",\"name\":\"Antonio Martinez Cl\u00ednica Dental\",\"description\":\"Dentista en V\u00e9lez-M\u00e1laga\",\"publisher\":{\"@id\":\"https:\/\/antoniomartinezclinicadental.com\/fr\/#organization\"},\"potentialAction\":[{\"@type\":\"SearchAction\",\"target\":{\"@type\":\"EntryPoint\",\"urlTemplate\":\"https:\/\/antoniomartinezclinicadental.com\/fr\/?s={search_term_string}\"},\"query-input\":{\"@type\":\"PropertyValueSpecification\",\"valueRequired\":true,\"valueName\":\"search_term_string\"}}],\"inLanguage\":\"fr-FR\"},{\"@type\":\"Organization\",\"@id\":\"https:\/\/antoniomartinezclinicadental.com\/fr\/#organization\",\"name\":\"Antonio Martinez Cl\u00ednica Dental\",\"url\":\"https:\/\/antoniomartinezclinicadental.com\/fr\/\",\"logo\":{\"@type\":\"ImageObject\",\"inLanguage\":\"fr-FR\",\"@id\":\"https:\/\/antoniomartinezclinicadental.com\/fr\/#\/schema\/logo\/image\/\",\"url\":\"https:\/\/antoniomartinezclinicadental.com\/wp-content\/uploads\/2025\/02\/logosinfondo.webp\",\"contentUrl\":\"https:\/\/antoniomartinezclinicadental.com\/wp-content\/uploads\/2025\/02\/logosinfondo.webp\",\"width\":533,\"height\":69,\"caption\":\"Antonio Martinez Cl\u00ednica Dental\"},\"image\":{\"@id\":\"https:\/\/antoniomartinezclinicadental.com\/fr\/#\/schema\/logo\/image\/\"},\"sameAs\":[\"https:\/\/www.facebook.com\/p\/Clinica-Dental-Antonio-Martinez-100066372022427\/?locale=es_ES\",\"https:\/\/www.instagram.com\/antoniomartinezclinicadental\/?igsh=MTI2OGtxaDhweHJnbA#\"]}]}<\/script>\n<!-- \/ Yoast SEO plugin. -->","yoast_head_json":{"title":"Vie priv\u00e9e - Antonio Martinez Cl\u00ednica Dental","robots":{"index":"index","follow":"follow","max-snippet":"max-snippet:-1","max-image-preview":"max-image-preview:large","max-video-preview":"max-video-preview:-1"},"canonical":"https:\/\/antoniomartinezclinicadental.com\/fr\/vie-privee\/","og_locale":"fr_FR","og_type":"article","og_title":"Vie priv\u00e9e - Antonio Martinez Cl\u00ednica Dental","og_description":"Politique de confidentialit\u00e9 Conform\u00e9ment aux dispositions de l&rsquo;article 10 de la loi 34\/2002 sur les services de la soci\u00e9t\u00e9 de l&rsquo;information et le commerce \u00e9lectronique, nous informons tous nos clients, utilisateurs et visiteurs des informations l\u00e9gales concernant l&rsquo;entreprise propri\u00e9taire du site Web situ\u00e9 \u00e0 l&rsquo;adresse Internet :www.antonioantoniomartinezdental.com Nom de l&rsquo;entreprise: JOS\u00c9 ANTONIO MART\u00cdNEZ FORTES Adresse: [&hellip;]","og_url":"https:\/\/antoniomartinezclinicadental.com\/fr\/vie-privee\/","og_site_name":"Antonio Martinez Cl\u00ednica Dental","article_publisher":"https:\/\/www.facebook.com\/p\/Clinica-Dental-Antonio-Martinez-100066372022427\/?locale=es_ES","article_modified_time":"2025-11-19T13:39:38+00:00","twitter_card":"summary_large_image","twitter_misc":{"Dur\u00e9e de lecture estim\u00e9e":"3 minutes"},"schema":{"@context":"https:\/\/schema.org","@graph":[{"@type":"WebPage","@id":"https:\/\/antoniomartinezclinicadental.com\/fr\/vie-privee\/","url":"https:\/\/antoniomartinezclinicadental.com\/fr\/vie-privee\/","name":"Vie priv\u00e9e - Antonio Martinez Cl\u00ednica Dental","isPartOf":{"@id":"https:\/\/antoniomartinezclinicadental.com\/fr\/#website"},"datePublished":"2024-11-23T17:45:01+00:00","dateModified":"2025-11-19T13:39:38+00:00","breadcrumb":{"@id":"https:\/\/antoniomartinezclinicadental.com\/fr\/vie-privee\/#breadcrumb"},"inLanguage":"fr-FR","potentialAction":[{"@type":"ReadAction","target":["https:\/\/antoniomartinezclinicadental.com\/fr\/vie-privee\/"]}]},{"@type":"BreadcrumbList","@id":"https:\/\/antoniomartinezclinicadental.com\/fr\/vie-privee\/#breadcrumb","itemListElement":[{"@type":"ListItem","position":1,"name":"Home","item":"https:\/\/antoniomartinezclinicadental.com\/fr\/"},{"@type":"ListItem","position":2,"name":"Vie priv\u00e9e"}]},{"@type":"WebSite","@id":"https:\/\/antoniomartinezclinicadental.com\/fr\/#website","url":"https:\/\/antoniomartinezclinicadental.com\/fr\/","name":"Antonio Martinez Cl\u00ednica Dental","description":"Dentista en V\u00e9lez-M\u00e1laga","publisher":{"@id":"https:\/\/antoniomartinezclinicadental.com\/fr\/#organization"},"potentialAction":[{"@type":"SearchAction","target":{"@type":"EntryPoint","urlTemplate":"https:\/\/antoniomartinezclinicadental.com\/fr\/?s={search_term_string}"},"query-input":{"@type":"PropertyValueSpecification","valueRequired":true,"valueName":"search_term_string"}}],"inLanguage":"fr-FR"},{"@type":"Organization","@id":"https:\/\/antoniomartinezclinicadental.com\/fr\/#organization","name":"Antonio Martinez Cl\u00ednica Dental","url":"https:\/\/antoniomartinezclinicadental.com\/fr\/","logo":{"@type":"ImageObject","inLanguage":"fr-FR","@id":"https:\/\/antoniomartinezclinicadental.com\/fr\/#\/schema\/logo\/image\/","url":"https:\/\/antoniomartinezclinicadental.com\/wp-content\/uploads\/2025\/02\/logosinfondo.webp","contentUrl":"https:\/\/antoniomartinezclinicadental.com\/wp-content\/uploads\/2025\/02\/logosinfondo.webp","width":533,"height":69,"caption":"Antonio Martinez Cl\u00ednica Dental"},"image":{"@id":"https:\/\/antoniomartinezclinicadental.com\/fr\/#\/schema\/logo\/image\/"},"sameAs":["https:\/\/www.facebook.com\/p\/Clinica-Dental-Antonio-Martinez-100066372022427\/?locale=es_ES","https:\/\/www.instagram.com\/antoniomartinezclinicadental\/?igsh=MTI2OGtxaDhweHJnbA#"]}]}},"_links":{"self":[{"href":"https:\/\/antoniomartinezclinicadental.com\/fr\/wp-json\/wp\/v2\/pages\/13671","targetHints":{"allow":["GET"]}}],"collection":[{"href":"https:\/\/antoniomartinezclinicadental.com\/fr\/wp-json\/wp\/v2\/pages"}],"about":[{"href":"https:\/\/antoniomartinezclinicadental.com\/fr\/wp-json\/wp\/v2\/types\/page"}],"author":[{"embeddable":true,"href":"https:\/\/antoniomartinezclinicadental.com\/fr\/wp-json\/wp\/v2\/users\/1"}],"replies":[{"embeddable":true,"href":"https:\/\/antoniomartinezclinicadental.com\/fr\/wp-json\/wp\/v2\/comments?post=13671"}],"version-history":[{"count":1,"href":"https:\/\/antoniomartinezclinicadental.com\/fr\/wp-json\/wp\/v2\/pages\/13671\/revisions"}],"predecessor-version":[{"id":13713,"href":"https:\/\/antoniomartinezclinicadental.com\/fr\/wp-json\/wp\/v2\/pages\/13671\/revisions\/13713"}],"wp:attachment":[{"href":"https:\/\/antoniomartinezclinicadental.com\/fr\/wp-json\/wp\/v2\/media?parent=13671"}],"curies":[{"name":"wp","href":"https:\/\/api.w.org\/{rel}","templated":true}]}}