{"id":13538,"date":"2024-11-22T11:37:54","date_gmt":"2024-11-22T11:37:54","guid":{"rendered":"https:\/\/antoniomartinezclinicadental.com\/nous\/"},"modified":"2025-11-19T13:39:25","modified_gmt":"2025-11-19T13:39:25","slug":"nous","status":"publish","type":"page","link":"https:\/\/antoniomartinezclinicadental.com\/fr\/nous\/","title":{"rendered":"Nous"},"content":{"rendered":"\t\t<div data-elementor-type=\"wp-page\" data-elementor-id=\"13538\" class=\"elementor elementor-13538 elementor-69\" data-elementor-post-type=\"page\">\n\t\t\t\t<div class=\"elementor-element elementor-element-dc210e5 e-flex e-con-boxed e-con e-parent\" data-id=\"dc210e5\" data-element_type=\"container\" data-e-type=\"container\">\n\t\t\t\t\t<div class=\"e-con-inner\">\n\t\t<div class=\"elementor-element elementor-element-917fe5d e-con-full e-flex e-con e-child\" data-id=\"917fe5d\" data-element_type=\"container\" data-e-type=\"container\">\n\t\t\t\t<div class=\"elementor-element elementor-element-7e043e3 elementor-widget elementor-widget-heading\" data-id=\"7e043e3\" data-element_type=\"widget\" data-e-type=\"widget\" data-widget_type=\"heading.default\">\n\t\t\t\t<div class=\"elementor-widget-container\">\n\t\t\t\t\t<h1 class=\"elementor-heading-title elementor-size-default\">Clinique dentaire Antonio Mart\u00ednez,\nnotre histoire<\/h1>\t\t\t\t<\/div>\n\t\t\t\t<\/div>\n\t\t\t\t<div class=\"elementor-element elementor-element-3d304ac elementor-widget elementor-widget-text-editor\" data-id=\"3d304ac\" data-element_type=\"widget\" data-e-type=\"widget\" data-widget_type=\"text-editor.default\">\n\t\t\t\t<div class=\"elementor-widget-container\">\n\t\t\t\t\t\t\t\t\t<p>Ayant eu l&rsquo;occasion de pratiquer la dentisterie dans des pays tels que la France et l&rsquo;Angleterre, le Dr Antonio Martinez a pu s&rsquo;immerger dans la dentisterie de pointe, en apprenant directement aupr\u00e8s de certains des meilleurs m\u00e9decins et leaders dans ce domaine. Dans ces pays, r\u00e9put\u00e9s pour leur excellence en mati\u00e8re de recherche et de pratique dentaires, il a acquis des connaissances approfondies dans les domaines suivants <br>des <b>techniques avanc\u00e9es<\/b>, ainsi que des technologies et<br><b>des m\u00e9thodes innovantes<\/b> qui r\u00e9volutionnent les soins dentaires.<\/p><p>Cet apprentissage et ce d\u00e9veloppement professionnel ont incit\u00e9 le Dr Martinez \u00e0 fonder la clinique dentaire Antonio Martinez \u00e0 Velez-Malaga en 2009, o\u00f9 il a mis en pratique tout ce qu&rsquo;il avait appris au cours de ses voyages. Son objectif \u00e9tait de cr\u00e9er un espace qui associe les meilleures pratiques \u00e0 un service de soins dentaires de qualit\u00e9. <br><b>des soins chaleureux et personnalis\u00e9s<\/b>, adapt\u00e9s aux besoins de chaque patient.<\/p><p>La philosophie de la clinique dentaire Antonio Mart\u00ednez consiste \u00e0 comprendre les besoins uniques de chaque patient et \u00e0 leur fournir un traitement qui combine les \u00e9l\u00e9ments suivants<br>l<b>&lsquo;excellence technique<\/b> et un <b>traitement convivial<\/b>. Nous disposons d&rsquo;une \u00e9quipe multidisciplinaire, hautement qualifi\u00e9e dans divers domaines de la dentisterie, notamment l&rsquo;implantologie, l&rsquo;orthodontie et la dentisterie esth\u00e9tique. \u00c0 la clinique dentaire Antonio Mart\u00ednez, notre objectif n&rsquo;est pas seulement d&rsquo;am\u00e9liorer la sant\u00e9 bucco-dentaire de ceux qui nous rendent visite, mais aussi de cr\u00e9er une exp\u00e9rience agr\u00e9able pour nos patients.  <br>la <b>confiance<\/b> et le <b>bien-\u00eatre<\/b>.<\/p><p>L&rsquo;<b>attention port\u00e9e aux d\u00e9tails<\/b>, l&rsquo;<b>honn\u00eatet\u00e9<\/b> et l&rsquo;<b>engagement dans<\/b> chaque traitement nous d\u00e9finissent, et avec chaque patient, nous renouvelons notre promesse de fournir une excellente dentisterie et un environnement o\u00f9 ils peuvent se sentir en s\u00e9curit\u00e9 et bien soign\u00e9s.<\/p>\t\t\t\t\t\t\t\t<\/div>\n\t\t\t\t<\/div>\n\t\t\t\t<\/div>\n\t\t<div class=\"elementor-element elementor-element-cdad250 e-con-full e-flex e-con e-child\" data-id=\"cdad250\" data-element_type=\"container\" data-e-type=\"container\">\n\t\t\t\t<div class=\"elementor-element elementor-element-79d96d9 elementor-widget elementor-widget-image\" data-id=\"79d96d9\" data-element_type=\"widget\" data-e-type=\"widget\" data-widget_type=\"image.default\">\n\t\t\t\t<div class=\"elementor-widget-container\">\n\t\t\t\t\t\t\t\t\t\t\t\t\t\t\t<img fetchpriority=\"high\" decoding=\"async\" width=\"1500\" height=\"1261\" src=\"https:\/\/antoniomartinezclinicadental.com\/wp-content\/uploads\/2025\/09\/DSC1182-Editar-2.jpg\" class=\"attachment-full size-full wp-image-13542\" alt=\"Clinica Dental Antonio Mart\u00ednez V\u00e9lez-M\u00e1laga\" srcset=\"https:\/\/antoniomartinezclinicadental.com\/wp-content\/uploads\/2025\/09\/DSC1182-Editar-2.jpg 1500w, https:\/\/antoniomartinezclinicadental.com\/wp-content\/uploads\/2025\/09\/DSC1182-Editar-2-300x252.jpg 300w, https:\/\/antoniomartinezclinicadental.com\/wp-content\/uploads\/2025\/09\/DSC1182-Editar-2-1024x861.jpg 1024w, https:\/\/antoniomartinezclinicadental.com\/wp-content\/uploads\/2025\/09\/DSC1182-Editar-2-768x646.jpg 768w\" sizes=\"(max-width: 1500px) 100vw, 1500px\" \/>\t\t\t\t\t\t\t\t\t\t\t\t\t\t\t<\/div>\n\t\t\t\t<\/div>\n\t\t\t\t<\/div>\n\t\t\t\t\t<\/div>\n\t\t\t\t<\/div>\n\t\t\t\t<\/div>\n\t\t","protected":false},"excerpt":{"rendered":"<p>Clinique dentaire Antonio Mart\u00ednez, notre histoire Ayant eu l&rsquo;occasion de pratiquer la dentisterie dans des pays tels que la France et l&rsquo;Angleterre, le Dr Antonio Martinez a pu s&rsquo;immerger dans la dentisterie de pointe, en apprenant directement aupr\u00e8s de certains des meilleurs m\u00e9decins et leaders dans ce domaine. Dans ces pays, r\u00e9put\u00e9s pour leur excellence [&hellip;]<\/p>\n","protected":false},"author":1,"featured_media":0,"parent":0,"menu_order":0,"comment_status":"closed","ping_status":"closed","template":"","meta":{"footnotes":""},"class_list":["post-13538","page","type-page","status-publish","hentry"],"yoast_head":"<!-- This site is optimized with the Yoast SEO plugin v27.4 - https:\/\/yoast.com\/product\/yoast-seo-wordpress\/ -->\n<title>Nous - Antonio Martinez Cl\u00ednica Dental<\/title>\n<meta name=\"robots\" content=\"index, follow, max-snippet:-1, max-image-preview:large, max-video-preview:-1\" \/>\n<link rel=\"canonical\" href=\"https:\/\/antoniomartinezclinicadental.com\/fr\/nous\/\" \/>\n<meta property=\"og:locale\" content=\"fr_FR\" \/>\n<meta property=\"og:type\" content=\"article\" \/>\n<meta property=\"og:title\" content=\"Nous - Antonio Martinez Cl\u00ednica Dental\" \/>\n<meta property=\"og:description\" content=\"Clinique dentaire Antonio Mart\u00ednez, notre histoire Ayant eu l&rsquo;occasion de pratiquer la dentisterie dans des pays tels que la France et l&rsquo;Angleterre, le Dr Antonio Martinez a pu s&rsquo;immerger dans la dentisterie de pointe, en apprenant directement aupr\u00e8s de certains des meilleurs m\u00e9decins et leaders dans ce domaine. Dans ces pays, r\u00e9put\u00e9s pour leur excellence [&hellip;]\" \/>\n<meta property=\"og:url\" content=\"https:\/\/antoniomartinezclinicadental.com\/fr\/nous\/\" \/>\n<meta property=\"og:site_name\" content=\"Antonio Martinez Cl\u00ednica Dental\" \/>\n<meta property=\"article:publisher\" content=\"https:\/\/www.facebook.com\/p\/Clinica-Dental-Antonio-Martinez-100066372022427\/?locale=es_ES\" \/>\n<meta property=\"article:modified_time\" content=\"2025-11-19T13:39:25+00:00\" \/>\n<meta property=\"og:image\" content=\"https:\/\/antoniomartinezclinicadental.com\/wp-content\/uploads\/2025\/09\/DSC1182-Editar-2.jpg\" \/>\n\t<meta property=\"og:image:width\" content=\"1500\" \/>\n\t<meta property=\"og:image:height\" content=\"1261\" \/>\n\t<meta property=\"og:image:type\" content=\"image\/jpeg\" \/>\n<meta name=\"twitter:card\" content=\"summary_large_image\" \/>\n<meta name=\"twitter:label1\" content=\"Dur\u00e9e de lecture estim\u00e9e\" \/>\n\t<meta name=\"twitter:data1\" content=\"2 minutes\" \/>\n<script type=\"application\/ld+json\" class=\"yoast-schema-graph\">{\"@context\":\"https:\\\/\\\/schema.org\",\"@graph\":[{\"@type\":\"WebPage\",\"@id\":\"https:\\\/\\\/antoniomartinezclinicadental.com\\\/fr\\\/nous\\\/\",\"url\":\"https:\\\/\\\/antoniomartinezclinicadental.com\\\/fr\\\/nous\\\/\",\"name\":\"Nous - Antonio Martinez Cl\u00ednica Dental\",\"isPartOf\":{\"@id\":\"https:\\\/\\\/antoniomartinezclinicadental.com\\\/fr\\\/#website\"},\"primaryImageOfPage\":{\"@id\":\"https:\\\/\\\/antoniomartinezclinicadental.com\\\/fr\\\/nous\\\/#primaryimage\"},\"image\":{\"@id\":\"https:\\\/\\\/antoniomartinezclinicadental.com\\\/fr\\\/nous\\\/#primaryimage\"},\"thumbnailUrl\":\"https:\\\/\\\/antoniomartinezclinicadental.com\\\/wp-content\\\/uploads\\\/2025\\\/09\\\/DSC1182-Editar-2.jpg\",\"datePublished\":\"2024-11-22T11:37:54+00:00\",\"dateModified\":\"2025-11-19T13:39:25+00:00\",\"breadcrumb\":{\"@id\":\"https:\\\/\\\/antoniomartinezclinicadental.com\\\/fr\\\/nous\\\/#breadcrumb\"},\"inLanguage\":\"fr-FR\",\"potentialAction\":[{\"@type\":\"ReadAction\",\"target\":[\"https:\\\/\\\/antoniomartinezclinicadental.com\\\/fr\\\/nous\\\/\"]}]},{\"@type\":\"ImageObject\",\"inLanguage\":\"fr-FR\",\"@id\":\"https:\\\/\\\/antoniomartinezclinicadental.com\\\/fr\\\/nous\\\/#primaryimage\",\"url\":\"https:\\\/\\\/antoniomartinezclinicadental.com\\\/wp-content\\\/uploads\\\/2025\\\/09\\\/DSC1182-Editar-2.jpg\",\"contentUrl\":\"https:\\\/\\\/antoniomartinezclinicadental.com\\\/wp-content\\\/uploads\\\/2025\\\/09\\\/DSC1182-Editar-2.jpg\"},{\"@type\":\"BreadcrumbList\",\"@id\":\"https:\\\/\\\/antoniomartinezclinicadental.com\\\/fr\\\/nous\\\/#breadcrumb\",\"itemListElement\":[{\"@type\":\"ListItem\",\"position\":1,\"name\":\"Home\",\"item\":\"https:\\\/\\\/antoniomartinezclinicadental.com\\\/fr\\\/\"},{\"@type\":\"ListItem\",\"position\":2,\"name\":\"Nous\"}]},{\"@type\":\"WebSite\",\"@id\":\"https:\\\/\\\/antoniomartinezclinicadental.com\\\/fr\\\/#website\",\"url\":\"https:\\\/\\\/antoniomartinezclinicadental.com\\\/fr\\\/\",\"name\":\"Antonio Martinez Cl\u00ednica Dental\",\"description\":\"Dentista en V\u00e9lez-M\u00e1laga\",\"publisher\":{\"@id\":\"https:\\\/\\\/antoniomartinezclinicadental.com\\\/fr\\\/#organization\"},\"potentialAction\":[{\"@type\":\"SearchAction\",\"target\":{\"@type\":\"EntryPoint\",\"urlTemplate\":\"https:\\\/\\\/antoniomartinezclinicadental.com\\\/fr\\\/?s={search_term_string}\"},\"query-input\":{\"@type\":\"PropertyValueSpecification\",\"valueRequired\":true,\"valueName\":\"search_term_string\"}}],\"inLanguage\":\"fr-FR\"},{\"@type\":\"Organization\",\"@id\":\"https:\\\/\\\/antoniomartinezclinicadental.com\\\/fr\\\/#organization\",\"name\":\"Antonio Martinez Cl\u00ednica Dental\",\"url\":\"https:\\\/\\\/antoniomartinezclinicadental.com\\\/fr\\\/\",\"logo\":{\"@type\":\"ImageObject\",\"inLanguage\":\"fr-FR\",\"@id\":\"https:\\\/\\\/antoniomartinezclinicadental.com\\\/fr\\\/#\\\/schema\\\/logo\\\/image\\\/\",\"url\":\"https:\\\/\\\/antoniomartinezclinicadental.com\\\/wp-content\\\/uploads\\\/2025\\\/02\\\/logosinfondo.webp\",\"contentUrl\":\"https:\\\/\\\/antoniomartinezclinicadental.com\\\/wp-content\\\/uploads\\\/2025\\\/02\\\/logosinfondo.webp\",\"width\":533,\"height\":69,\"caption\":\"Antonio Martinez Cl\u00ednica Dental\"},\"image\":{\"@id\":\"https:\\\/\\\/antoniomartinezclinicadental.com\\\/fr\\\/#\\\/schema\\\/logo\\\/image\\\/\"},\"sameAs\":[\"https:\\\/\\\/www.facebook.com\\\/p\\\/Clinica-Dental-Antonio-Martinez-100066372022427\\\/?locale=es_ES\",\"https:\\\/\\\/www.instagram.com\\\/antoniomartinezclinicadental\\\/?igsh=MTI2OGtxaDhweHJnbA#\"]}]}<\/script>\n<!-- \/ Yoast SEO plugin. -->","yoast_head_json":{"title":"Nous - Antonio Martinez Cl\u00ednica Dental","robots":{"index":"index","follow":"follow","max-snippet":"max-snippet:-1","max-image-preview":"max-image-preview:large","max-video-preview":"max-video-preview:-1"},"canonical":"https:\/\/antoniomartinezclinicadental.com\/fr\/nous\/","og_locale":"fr_FR","og_type":"article","og_title":"Nous - Antonio Martinez Cl\u00ednica Dental","og_description":"Clinique dentaire Antonio Mart\u00ednez, notre histoire Ayant eu l&rsquo;occasion de pratiquer la dentisterie dans des pays tels que la France et l&rsquo;Angleterre, le Dr Antonio Martinez a pu s&rsquo;immerger dans la dentisterie de pointe, en apprenant directement aupr\u00e8s de certains des meilleurs m\u00e9decins et leaders dans ce domaine. Dans ces pays, r\u00e9put\u00e9s pour leur excellence [&hellip;]","og_url":"https:\/\/antoniomartinezclinicadental.com\/fr\/nous\/","og_site_name":"Antonio Martinez Cl\u00ednica Dental","article_publisher":"https:\/\/www.facebook.com\/p\/Clinica-Dental-Antonio-Martinez-100066372022427\/?locale=es_ES","article_modified_time":"2025-11-19T13:39:25+00:00","og_image":[{"width":1500,"height":1261,"url":"https:\/\/antoniomartinezclinicadental.com\/wp-content\/uploads\/2025\/09\/DSC1182-Editar-2.jpg","type":"image\/jpeg"}],"twitter_card":"summary_large_image","twitter_misc":{"Dur\u00e9e de lecture estim\u00e9e":"2 minutes"},"schema":{"@context":"https:\/\/schema.org","@graph":[{"@type":"WebPage","@id":"https:\/\/antoniomartinezclinicadental.com\/fr\/nous\/","url":"https:\/\/antoniomartinezclinicadental.com\/fr\/nous\/","name":"Nous - Antonio Martinez Cl\u00ednica Dental","isPartOf":{"@id":"https:\/\/antoniomartinezclinicadental.com\/fr\/#website"},"primaryImageOfPage":{"@id":"https:\/\/antoniomartinezclinicadental.com\/fr\/nous\/#primaryimage"},"image":{"@id":"https:\/\/antoniomartinezclinicadental.com\/fr\/nous\/#primaryimage"},"thumbnailUrl":"https:\/\/antoniomartinezclinicadental.com\/wp-content\/uploads\/2025\/09\/DSC1182-Editar-2.jpg","datePublished":"2024-11-22T11:37:54+00:00","dateModified":"2025-11-19T13:39:25+00:00","breadcrumb":{"@id":"https:\/\/antoniomartinezclinicadental.com\/fr\/nous\/#breadcrumb"},"inLanguage":"fr-FR","potentialAction":[{"@type":"ReadAction","target":["https:\/\/antoniomartinezclinicadental.com\/fr\/nous\/"]}]},{"@type":"ImageObject","inLanguage":"fr-FR","@id":"https:\/\/antoniomartinezclinicadental.com\/fr\/nous\/#primaryimage","url":"https:\/\/antoniomartinezclinicadental.com\/wp-content\/uploads\/2025\/09\/DSC1182-Editar-2.jpg","contentUrl":"https:\/\/antoniomartinezclinicadental.com\/wp-content\/uploads\/2025\/09\/DSC1182-Editar-2.jpg"},{"@type":"BreadcrumbList","@id":"https:\/\/antoniomartinezclinicadental.com\/fr\/nous\/#breadcrumb","itemListElement":[{"@type":"ListItem","position":1,"name":"Home","item":"https:\/\/antoniomartinezclinicadental.com\/fr\/"},{"@type":"ListItem","position":2,"name":"Nous"}]},{"@type":"WebSite","@id":"https:\/\/antoniomartinezclinicadental.com\/fr\/#website","url":"https:\/\/antoniomartinezclinicadental.com\/fr\/","name":"Antonio Martinez Cl\u00ednica Dental","description":"Dentista en V\u00e9lez-M\u00e1laga","publisher":{"@id":"https:\/\/antoniomartinezclinicadental.com\/fr\/#organization"},"potentialAction":[{"@type":"SearchAction","target":{"@type":"EntryPoint","urlTemplate":"https:\/\/antoniomartinezclinicadental.com\/fr\/?s={search_term_string}"},"query-input":{"@type":"PropertyValueSpecification","valueRequired":true,"valueName":"search_term_string"}}],"inLanguage":"fr-FR"},{"@type":"Organization","@id":"https:\/\/antoniomartinezclinicadental.com\/fr\/#organization","name":"Antonio Martinez Cl\u00ednica Dental","url":"https:\/\/antoniomartinezclinicadental.com\/fr\/","logo":{"@type":"ImageObject","inLanguage":"fr-FR","@id":"https:\/\/antoniomartinezclinicadental.com\/fr\/#\/schema\/logo\/image\/","url":"https:\/\/antoniomartinezclinicadental.com\/wp-content\/uploads\/2025\/02\/logosinfondo.webp","contentUrl":"https:\/\/antoniomartinezclinicadental.com\/wp-content\/uploads\/2025\/02\/logosinfondo.webp","width":533,"height":69,"caption":"Antonio Martinez Cl\u00ednica Dental"},"image":{"@id":"https:\/\/antoniomartinezclinicadental.com\/fr\/#\/schema\/logo\/image\/"},"sameAs":["https:\/\/www.facebook.com\/p\/Clinica-Dental-Antonio-Martinez-100066372022427\/?locale=es_ES","https:\/\/www.instagram.com\/antoniomartinezclinicadental\/?igsh=MTI2OGtxaDhweHJnbA#"]}]}},"_links":{"self":[{"href":"https:\/\/antoniomartinezclinicadental.com\/fr\/wp-json\/wp\/v2\/pages\/13538","targetHints":{"allow":["GET"]}}],"collection":[{"href":"https:\/\/antoniomartinezclinicadental.com\/fr\/wp-json\/wp\/v2\/pages"}],"about":[{"href":"https:\/\/antoniomartinezclinicadental.com\/fr\/wp-json\/wp\/v2\/types\/page"}],"author":[{"embeddable":true,"href":"https:\/\/antoniomartinezclinicadental.com\/fr\/wp-json\/wp\/v2\/users\/1"}],"replies":[{"embeddable":true,"href":"https:\/\/antoniomartinezclinicadental.com\/fr\/wp-json\/wp\/v2\/comments?post=13538"}],"version-history":[{"count":1,"href":"https:\/\/antoniomartinezclinicadental.com\/fr\/wp-json\/wp\/v2\/pages\/13538\/revisions"}],"predecessor-version":[{"id":13562,"href":"https:\/\/antoniomartinezclinicadental.com\/fr\/wp-json\/wp\/v2\/pages\/13538\/revisions\/13562"}],"wp:attachment":[{"href":"https:\/\/antoniomartinezclinicadental.com\/fr\/wp-json\/wp\/v2\/media?parent=13538"}],"curies":[{"name":"wp","href":"https:\/\/api.w.org\/{rel}","templated":true}]}}