{"id":13313,"date":"2024-11-23T17:45:15","date_gmt":"2024-11-23T17:45:15","guid":{"rendered":"https:\/\/antoniomartinezclinicadental.com\/quality\/"},"modified":"2025-11-18T23:25:15","modified_gmt":"2025-11-18T23:25:15","slug":"quality","status":"publish","type":"page","link":"https:\/\/antoniomartinezclinicadental.com\/en\/quality\/","title":{"rendered":"Quality"},"content":{"rendered":"\t\t<div data-elementor-type=\"wp-page\" data-elementor-id=\"13313\" class=\"elementor elementor-13313 elementor-400\" data-elementor-post-type=\"page\">\n\t\t\t\t<div class=\"elementor-element elementor-element-30920c7 e-grid e-con-boxed e-con e-parent\" data-id=\"30920c7\" data-element_type=\"container\" data-e-type=\"container\" data-settings=\"{&quot;background_background&quot;:&quot;classic&quot;}\">\n\t\t\t\t\t<div class=\"e-con-inner\">\n\t\t\t\t<div class=\"elementor-element elementor-element-480f6af elementor-widget elementor-widget-text-editor\" data-id=\"480f6af\" data-element_type=\"widget\" data-e-type=\"widget\" data-widget_type=\"text-editor.default\">\n\t\t\t\t<div class=\"elementor-widget-container\">\n\t\t\t\t\t\t\t\t\t<h1>Quality Policy<\/h1>\t\t\t\t\t\t\t\t<\/div>\n\t\t\t\t<\/div>\n\t\t\t\t\t<\/div>\n\t\t\t\t<\/div>\n\t\t<div class=\"elementor-element elementor-element-38ebbe0 e-grid e-con-boxed e-con e-parent\" data-id=\"38ebbe0\" data-element_type=\"container\" data-e-type=\"container\">\n\t\t\t\t\t<div class=\"e-con-inner\">\n\t\t\t\t<div class=\"elementor-element elementor-element-87ecd61 elementor-widget elementor-widget-text-editor\" data-id=\"87ecd61\" data-element_type=\"widget\" data-e-type=\"widget\" data-widget_type=\"text-editor.default\">\n\t\t\t\t<div class=\"elementor-widget-container\">\n\t\t\t\t\t\t\t\t\t<p><strong>CL\u00cdNICA DENTAL ANTONIO MART\u00cdNEZ<\/strong>, founded in 2009, bases its approach to dentistry on the development and use of the most modern technologies, in the hands of a team that is distinguished not only for its training, but also for its human quality.<\/p><p><strong>CL\u00cdNICA DENTAL ANTONIO MART\u00cdNEZ<\/strong> has decided to implement a quality management system, in order to offer its services to meet and improve the expectations of our patients.<\/p><p>The quality system aims to offer a total guarantee of our services and ensure patient satisfaction, meeting the established requirements, respecting the agreed deadlines and prices, and providing personalized attention.<\/p><p>With the implementation of this quality system, the Administrator commits to:<\/p><ul><li>To remain at the forefront of instrumentation and technological advances.<\/li><li>To meet the needs of patients, consolidating their trust in the Clinic and complying with legal, regulatory and other requirements applicable to our services.<\/li><li>Efficiently manage and control processes.<\/li><li>Act with honesty in the recommendations and procedures performed to our patients.<\/li><li>To satisfy the needs and expectations of patients, gaining their trust and loyalty through our actions, ensuring the quality of the services provided.<\/li><li>Encourage teamwork and motivation for continuous improvement.<\/li><li>Promote the constant training of our human capital.<\/li><\/ul><p> <\/p><p>The Administrator of <strong>CL\u00cdNICA DENTAL ANTONIO MART\u00cdNEZ<\/strong> is committed to provide the necessary technical and human resources so that the quality policy is applied and disseminated in all areas of the clinic, ensuring its understanding and review to achieve the established objectives. It also undertakes to adequately manage the risks and opportunities of our processes. <\/p><p>Likewise, the Administrator of <strong>CL\u00cdNICA DENTAL ANTONIO MART\u00cdNEZ<\/strong> makes our policy available to interested parties and carries out periodic reviews and audits of our management system, in order to verify and evaluate compliance with the established objectives, goals and programs. With these principles, the clinic aims to achieve maximum customer satisfaction. <\/p><p>V\u00e9lez-M\u00e1laga, October 2024<br><strong>The Administrator<\/strong><\/p>\t\t\t\t\t\t\t\t<\/div>\n\t\t\t\t<\/div>\n\t\t\t\t\t<\/div>\n\t\t\t\t<\/div>\n\t\t\t\t<\/div>\n\t\t","protected":false},"excerpt":{"rendered":"<p>Quality Policy CL\u00cdNICA DENTAL ANTONIO MART\u00cdNEZ, founded in 2009, bases its approach to dentistry on the development and use of the most modern technologies, in the hands of a team that is distinguished not only for its training, but also for its human quality. CL\u00cdNICA DENTAL ANTONIO MART\u00cdNEZ has decided to implement a quality management [&hellip;]<\/p>\n","protected":false},"author":1,"featured_media":0,"parent":0,"menu_order":0,"comment_status":"closed","ping_status":"closed","template":"","meta":{"footnotes":""},"class_list":["post-13313","page","type-page","status-publish","hentry"],"yoast_head":"<!-- This site is optimized with the Yoast SEO plugin v27.4 - https:\/\/yoast.com\/product\/yoast-seo-wordpress\/ -->\n<title>Quality - Antonio Martinez Cl\u00ednica Dental<\/title>\n<meta name=\"robots\" content=\"index, follow, max-snippet:-1, max-image-preview:large, max-video-preview:-1\" \/>\n<link rel=\"canonical\" href=\"https:\/\/antoniomartinezclinicadental.com\/en\/quality\/\" \/>\n<meta property=\"og:locale\" content=\"en_US\" \/>\n<meta property=\"og:type\" content=\"article\" \/>\n<meta property=\"og:title\" content=\"Quality - Antonio Martinez Cl\u00ednica Dental\" \/>\n<meta property=\"og:description\" content=\"Quality Policy CL\u00cdNICA DENTAL ANTONIO MART\u00cdNEZ, founded in 2009, bases its approach to dentistry on the development and use of the most modern technologies, in the hands of a team that is distinguished not only for its training, but also for its human quality. CL\u00cdNICA DENTAL ANTONIO MART\u00cdNEZ has decided to implement a quality management [&hellip;]\" \/>\n<meta property=\"og:url\" content=\"https:\/\/antoniomartinezclinicadental.com\/en\/quality\/\" \/>\n<meta property=\"og:site_name\" content=\"Antonio Martinez Cl\u00ednica Dental\" \/>\n<meta property=\"article:publisher\" content=\"https:\/\/www.facebook.com\/p\/Clinica-Dental-Antonio-Martinez-100066372022427\/?locale=es_ES\" \/>\n<meta property=\"article:modified_time\" content=\"2025-11-18T23:25:15+00:00\" \/>\n<meta name=\"twitter:card\" content=\"summary_large_image\" \/>\n<meta name=\"twitter:label1\" content=\"Est. reading time\" \/>\n\t<meta name=\"twitter:data1\" content=\"2 minutes\" \/>\n<script type=\"application\/ld+json\" class=\"yoast-schema-graph\">{\"@context\":\"https:\\\/\\\/schema.org\",\"@graph\":[{\"@type\":\"WebPage\",\"@id\":\"https:\\\/\\\/antoniomartinezclinicadental.com\\\/en\\\/quality\\\/\",\"url\":\"https:\\\/\\\/antoniomartinezclinicadental.com\\\/en\\\/quality\\\/\",\"name\":\"Quality - Antonio Martinez Cl\u00ednica Dental\",\"isPartOf\":{\"@id\":\"https:\\\/\\\/antoniomartinezclinicadental.com\\\/en\\\/#website\"},\"datePublished\":\"2024-11-23T17:45:15+00:00\",\"dateModified\":\"2025-11-18T23:25:15+00:00\",\"breadcrumb\":{\"@id\":\"https:\\\/\\\/antoniomartinezclinicadental.com\\\/en\\\/quality\\\/#breadcrumb\"},\"inLanguage\":\"en-US\",\"potentialAction\":[{\"@type\":\"ReadAction\",\"target\":[\"https:\\\/\\\/antoniomartinezclinicadental.com\\\/en\\\/quality\\\/\"]}]},{\"@type\":\"BreadcrumbList\",\"@id\":\"https:\\\/\\\/antoniomartinezclinicadental.com\\\/en\\\/quality\\\/#breadcrumb\",\"itemListElement\":[{\"@type\":\"ListItem\",\"position\":1,\"name\":\"Home\",\"item\":\"https:\\\/\\\/antoniomartinezclinicadental.com\\\/en\\\/\"},{\"@type\":\"ListItem\",\"position\":2,\"name\":\"Quality\"}]},{\"@type\":\"WebSite\",\"@id\":\"https:\\\/\\\/antoniomartinezclinicadental.com\\\/en\\\/#website\",\"url\":\"https:\\\/\\\/antoniomartinezclinicadental.com\\\/en\\\/\",\"name\":\"Antonio Martinez Cl\u00ednica Dental\",\"description\":\"Dentista en V\u00e9lez-M\u00e1laga\",\"publisher\":{\"@id\":\"https:\\\/\\\/antoniomartinezclinicadental.com\\\/en\\\/#organization\"},\"potentialAction\":[{\"@type\":\"SearchAction\",\"target\":{\"@type\":\"EntryPoint\",\"urlTemplate\":\"https:\\\/\\\/antoniomartinezclinicadental.com\\\/en\\\/?s={search_term_string}\"},\"query-input\":{\"@type\":\"PropertyValueSpecification\",\"valueRequired\":true,\"valueName\":\"search_term_string\"}}],\"inLanguage\":\"en-US\"},{\"@type\":\"Organization\",\"@id\":\"https:\\\/\\\/antoniomartinezclinicadental.com\\\/en\\\/#organization\",\"name\":\"Antonio Martinez Cl\u00ednica Dental\",\"url\":\"https:\\\/\\\/antoniomartinezclinicadental.com\\\/en\\\/\",\"logo\":{\"@type\":\"ImageObject\",\"inLanguage\":\"en-US\",\"@id\":\"https:\\\/\\\/antoniomartinezclinicadental.com\\\/en\\\/#\\\/schema\\\/logo\\\/image\\\/\",\"url\":\"https:\\\/\\\/antoniomartinezclinicadental.com\\\/wp-content\\\/uploads\\\/2025\\\/02\\\/logosinfondo.webp\",\"contentUrl\":\"https:\\\/\\\/antoniomartinezclinicadental.com\\\/wp-content\\\/uploads\\\/2025\\\/02\\\/logosinfondo.webp\",\"width\":533,\"height\":69,\"caption\":\"Antonio Martinez Cl\u00ednica Dental\"},\"image\":{\"@id\":\"https:\\\/\\\/antoniomartinezclinicadental.com\\\/en\\\/#\\\/schema\\\/logo\\\/image\\\/\"},\"sameAs\":[\"https:\\\/\\\/www.facebook.com\\\/p\\\/Clinica-Dental-Antonio-Martinez-100066372022427\\\/?locale=es_ES\",\"https:\\\/\\\/www.instagram.com\\\/antoniomartinezclinicadental\\\/?igsh=MTI2OGtxaDhweHJnbA#\"]}]}<\/script>\n<!-- \/ Yoast SEO plugin. -->","yoast_head_json":{"title":"Quality - Antonio Martinez Cl\u00ednica Dental","robots":{"index":"index","follow":"follow","max-snippet":"max-snippet:-1","max-image-preview":"max-image-preview:large","max-video-preview":"max-video-preview:-1"},"canonical":"https:\/\/antoniomartinezclinicadental.com\/en\/quality\/","og_locale":"en_US","og_type":"article","og_title":"Quality - Antonio Martinez Cl\u00ednica Dental","og_description":"Quality Policy CL\u00cdNICA DENTAL ANTONIO MART\u00cdNEZ, founded in 2009, bases its approach to dentistry on the development and use of the most modern technologies, in the hands of a team that is distinguished not only for its training, but also for its human quality. CL\u00cdNICA DENTAL ANTONIO MART\u00cdNEZ has decided to implement a quality management [&hellip;]","og_url":"https:\/\/antoniomartinezclinicadental.com\/en\/quality\/","og_site_name":"Antonio Martinez Cl\u00ednica Dental","article_publisher":"https:\/\/www.facebook.com\/p\/Clinica-Dental-Antonio-Martinez-100066372022427\/?locale=es_ES","article_modified_time":"2025-11-18T23:25:15+00:00","twitter_card":"summary_large_image","twitter_misc":{"Est. reading time":"2 minutes"},"schema":{"@context":"https:\/\/schema.org","@graph":[{"@type":"WebPage","@id":"https:\/\/antoniomartinezclinicadental.com\/en\/quality\/","url":"https:\/\/antoniomartinezclinicadental.com\/en\/quality\/","name":"Quality - Antonio Martinez Cl\u00ednica Dental","isPartOf":{"@id":"https:\/\/antoniomartinezclinicadental.com\/en\/#website"},"datePublished":"2024-11-23T17:45:15+00:00","dateModified":"2025-11-18T23:25:15+00:00","breadcrumb":{"@id":"https:\/\/antoniomartinezclinicadental.com\/en\/quality\/#breadcrumb"},"inLanguage":"en-US","potentialAction":[{"@type":"ReadAction","target":["https:\/\/antoniomartinezclinicadental.com\/en\/quality\/"]}]},{"@type":"BreadcrumbList","@id":"https:\/\/antoniomartinezclinicadental.com\/en\/quality\/#breadcrumb","itemListElement":[{"@type":"ListItem","position":1,"name":"Home","item":"https:\/\/antoniomartinezclinicadental.com\/en\/"},{"@type":"ListItem","position":2,"name":"Quality"}]},{"@type":"WebSite","@id":"https:\/\/antoniomartinezclinicadental.com\/en\/#website","url":"https:\/\/antoniomartinezclinicadental.com\/en\/","name":"Antonio Martinez Cl\u00ednica Dental","description":"Dentista en V\u00e9lez-M\u00e1laga","publisher":{"@id":"https:\/\/antoniomartinezclinicadental.com\/en\/#organization"},"potentialAction":[{"@type":"SearchAction","target":{"@type":"EntryPoint","urlTemplate":"https:\/\/antoniomartinezclinicadental.com\/en\/?s={search_term_string}"},"query-input":{"@type":"PropertyValueSpecification","valueRequired":true,"valueName":"search_term_string"}}],"inLanguage":"en-US"},{"@type":"Organization","@id":"https:\/\/antoniomartinezclinicadental.com\/en\/#organization","name":"Antonio Martinez Cl\u00ednica Dental","url":"https:\/\/antoniomartinezclinicadental.com\/en\/","logo":{"@type":"ImageObject","inLanguage":"en-US","@id":"https:\/\/antoniomartinezclinicadental.com\/en\/#\/schema\/logo\/image\/","url":"https:\/\/antoniomartinezclinicadental.com\/wp-content\/uploads\/2025\/02\/logosinfondo.webp","contentUrl":"https:\/\/antoniomartinezclinicadental.com\/wp-content\/uploads\/2025\/02\/logosinfondo.webp","width":533,"height":69,"caption":"Antonio Martinez Cl\u00ednica Dental"},"image":{"@id":"https:\/\/antoniomartinezclinicadental.com\/en\/#\/schema\/logo\/image\/"},"sameAs":["https:\/\/www.facebook.com\/p\/Clinica-Dental-Antonio-Martinez-100066372022427\/?locale=es_ES","https:\/\/www.instagram.com\/antoniomartinezclinicadental\/?igsh=MTI2OGtxaDhweHJnbA#"]}]}},"_links":{"self":[{"href":"https:\/\/antoniomartinezclinicadental.com\/en\/wp-json\/wp\/v2\/pages\/13313","targetHints":{"allow":["GET"]}}],"collection":[{"href":"https:\/\/antoniomartinezclinicadental.com\/en\/wp-json\/wp\/v2\/pages"}],"about":[{"href":"https:\/\/antoniomartinezclinicadental.com\/en\/wp-json\/wp\/v2\/types\/page"}],"author":[{"embeddable":true,"href":"https:\/\/antoniomartinezclinicadental.com\/en\/wp-json\/wp\/v2\/users\/1"}],"replies":[{"embeddable":true,"href":"https:\/\/antoniomartinezclinicadental.com\/en\/wp-json\/wp\/v2\/comments?post=13313"}],"version-history":[{"count":1,"href":"https:\/\/antoniomartinezclinicadental.com\/en\/wp-json\/wp\/v2\/pages\/13313\/revisions"}],"predecessor-version":[{"id":13317,"href":"https:\/\/antoniomartinezclinicadental.com\/en\/wp-json\/wp\/v2\/pages\/13313\/revisions\/13317"}],"wp:attachment":[{"href":"https:\/\/antoniomartinezclinicadental.com\/en\/wp-json\/wp\/v2\/media?parent=13313"}],"curies":[{"name":"wp","href":"https:\/\/api.w.org\/{rel}","templated":true}]}}