{"id":13310,"date":"2024-11-23T17:45:01","date_gmt":"2024-11-23T17:45:01","guid":{"rendered":"https:\/\/antoniomartinezclinicadental.com\/privacy\/"},"modified":"2025-11-18T23:25:15","modified_gmt":"2025-11-18T23:25:15","slug":"privacy","status":"publish","type":"page","link":"https:\/\/antoniomartinezclinicadental.com\/en\/privacy\/","title":{"rendered":"Privacy"},"content":{"rendered":"\t\t<div data-elementor-type=\"wp-page\" data-elementor-id=\"13310\" class=\"elementor elementor-13310 elementor-398\" data-elementor-post-type=\"page\">\n\t\t\t\t<div class=\"elementor-element elementor-element-781416f e-grid e-con-boxed e-con e-parent\" data-id=\"781416f\" data-element_type=\"container\" data-e-type=\"container\" data-settings=\"{&quot;background_background&quot;:&quot;classic&quot;}\">\n\t\t\t\t\t<div class=\"e-con-inner\">\n\t\t\t\t<div class=\"elementor-element elementor-element-d086fe7 elementor-widget elementor-widget-text-editor\" data-id=\"d086fe7\" data-element_type=\"widget\" data-e-type=\"widget\" data-widget_type=\"text-editor.default\">\n\t\t\t\t<div class=\"elementor-widget-container\">\n\t\t\t\t\t\t\t\t\t<h1>Privacy Policy<\/h1>\t\t\t\t\t\t\t\t<\/div>\n\t\t\t\t<\/div>\n\t\t\t\t\t<\/div>\n\t\t\t\t<\/div>\n\t\t<div class=\"elementor-element elementor-element-59e00dd e-flex e-con-boxed e-con e-parent\" data-id=\"59e00dd\" data-element_type=\"container\" data-e-type=\"container\">\n\t\t\t\t\t<div class=\"e-con-inner\">\n\t\t\t\t<div class=\"elementor-element elementor-element-b713d4b elementor-widget elementor-widget-text-editor\" data-id=\"b713d4b\" data-element_type=\"widget\" data-e-type=\"widget\" data-widget_type=\"text-editor.default\">\n\t\t\t\t<div class=\"elementor-widget-container\">\n\t\t\t\t\t\t\t\t\t<p>In accordance with the provisions of Article 10 of Law 34\/2002, of Services of the Information Society and Electronic Commerce, we inform all our customers, users and visitors about the legal information concerning the company that owns the website located at the Internet address:<br><strong><a href=\"http:\/\/www.antonioantoniomartinezdental.com\" target=\"_new\" rel=\"noopener\">www.antonioantoniomartinezdental.com<\/a><\/strong><\/p><ul><li><strong>Company Name<\/strong>: JOS\u00c9 ANTONIO MART\u00cdNEZ FORTES<\/li><li><strong>Address<\/strong>: C. Cam de M\u00e1laga, 9, 29700 V\u00e9lez-M\u00e1laga, M\u00e1laga<\/li><li><strong>Tax Identification Number (C.I.F.)<\/strong>: 53154357V<\/li><li><strong>N.I.C.A.<\/strong>: 31342<\/li><\/ul><p> <\/p><p>All communication with <strong><a href=\"http:\/\/www.antonioantoniomartinezdental.com\" target=\"_new\" rel=\"noopener\">www.antonioantoniomartinezdental.com<\/a><\/strong> by any means or through your email address, or the form on this website, implies express consent for your personal data to be incorporated into files owned by <strong>JOS\u00c9 ANTONIO MART\u00cdNEZ FORTES<\/strong>, whose address is C. Cam de M\u00e1laga, 9, 29700 V\u00e9lez-M\u00e1laga, (M\u00c1LAGA).<\/p><p>In compliance with the provisions of the EU General Regulation (2016\/679) on Data Protection, we inform users that the personal data provided voluntarily, by any of our means of collecting information, will be incorporated into the automated processing activities of personal data owned by <strong>JOSE ANTONIO MARTINEZ FORTES<\/strong>, in order to provide our services, as well as to keep informed about issues related to the activity of the company and its services.<\/p><p><strong>JOS\u00c9 ANTONIO MART\u00cdNEZ FORTES<\/strong> fully complies with current legislation on protection of personal data, and with the commitments of confidentiality of its activity.<\/p><p><strong>JOSE ANTONIO MARTINEZ FORTES<\/strong> has adopted the necessary technical measures to maintain the required level of security, according to the nature of the personal data processed and the circumstances of the treatment, in order to avoid, as far as possible and always according to the state of the art, its alteration, loss, treatment or unauthorized access. In order to carry out the aforementioned management, it may be necessary to transfer the data to data processors, public administrations (which can verify the accuracy of the data). <\/p><p>In the event that the USER provides personal data concerning natural persons other than himself\/herself, the USER must, prior to inclusion, inform them of the content of this clause, in accordance with the provisions of the General Data Protection Regulation (EU) 2016\/679.<\/p><p><strong>JOS\u00c9 ANTONIO MART\u00cdNEZ FORTES<\/strong>, as the party responsible for the Processing Activity, guarantees the exercise of the rights of access, rectification, deletion, limitation, opposition and portability of the data provided, in accordance with the provisions of the General Data Protection Regulation 2016\/679. The USER may at any time exercise these rights by writing a letter to the registered office, enclosing a copy of the ID card or Passport. <\/p><p><strong>JOS\u00c9 ANTONIO MART\u00cdNEZ FORTES<\/strong> guarantees that all commercial communications sent to its customers comply with current regulations.<\/p><p>Therefore, in compliance with Law 34\/2002 of Services of the Information Society and Electronic Commerce and Law 9\/2014 General Telecommunications, informs the USER that <strong>JOSE ANTONIO MARTINEZ FORTES<\/strong> previously requested by electronic means information about products or services of interest to which you give your consent.<\/p><p>You may revoke this authorization at any time at the following address <strong><a rel=\"noopener\">info@antonioantoniomartinezdental.com<\/a><\/strong>.<\/p>\t\t\t\t\t\t\t\t<\/div>\n\t\t\t\t<\/div>\n\t\t\t\t\t<\/div>\n\t\t\t\t<\/div>\n\t\t\t\t<\/div>\n\t\t","protected":false},"excerpt":{"rendered":"<p>Privacy Policy In accordance with the provisions of Article 10 of Law 34\/2002, of Services of the Information Society and Electronic Commerce, we inform all our customers, users and visitors about the legal information concerning the company that owns the website located at the Internet address:www.antonioantoniomartinezdental.com Company Name: JOS\u00c9 ANTONIO MART\u00cdNEZ FORTES Address: C. Cam [&hellip;]<\/p>\n","protected":false},"author":1,"featured_media":0,"parent":0,"menu_order":0,"comment_status":"closed","ping_status":"closed","template":"","meta":{"footnotes":""},"class_list":["post-13310","page","type-page","status-publish","hentry"],"yoast_head":"<!-- This site is optimized with the Yoast SEO plugin v27.4 - https:\/\/yoast.com\/product\/yoast-seo-wordpress\/ -->\n<title>Privacy - Antonio Martinez Cl\u00ednica Dental<\/title>\n<meta name=\"robots\" content=\"index, follow, max-snippet:-1, max-image-preview:large, max-video-preview:-1\" \/>\n<link rel=\"canonical\" href=\"https:\/\/antoniomartinezclinicadental.com\/en\/privacy\/\" \/>\n<meta property=\"og:locale\" content=\"en_US\" \/>\n<meta property=\"og:type\" content=\"article\" \/>\n<meta property=\"og:title\" content=\"Privacy - Antonio Martinez Cl\u00ednica Dental\" \/>\n<meta property=\"og:description\" content=\"Privacy Policy In accordance with the provisions of Article 10 of Law 34\/2002, of Services of the Information Society and Electronic Commerce, we inform all our customers, users and visitors about the legal information concerning the company that owns the website located at the Internet address:www.antonioantoniomartinezdental.com Company Name: JOS\u00c9 ANTONIO MART\u00cdNEZ FORTES Address: C. Cam [&hellip;]\" \/>\n<meta property=\"og:url\" content=\"https:\/\/antoniomartinezclinicadental.com\/en\/privacy\/\" \/>\n<meta property=\"og:site_name\" content=\"Antonio Martinez Cl\u00ednica Dental\" \/>\n<meta property=\"article:publisher\" content=\"https:\/\/www.facebook.com\/p\/Clinica-Dental-Antonio-Martinez-100066372022427\/?locale=es_ES\" \/>\n<meta property=\"article:modified_time\" content=\"2025-11-18T23:25:15+00:00\" \/>\n<meta name=\"twitter:card\" content=\"summary_large_image\" \/>\n<meta name=\"twitter:label1\" content=\"Est. reading time\" \/>\n\t<meta name=\"twitter:data1\" content=\"2 minutes\" \/>\n<script type=\"application\/ld+json\" class=\"yoast-schema-graph\">{\"@context\":\"https:\\\/\\\/schema.org\",\"@graph\":[{\"@type\":\"WebPage\",\"@id\":\"https:\\\/\\\/antoniomartinezclinicadental.com\\\/en\\\/privacy\\\/\",\"url\":\"https:\\\/\\\/antoniomartinezclinicadental.com\\\/en\\\/privacy\\\/\",\"name\":\"Privacy - Antonio Martinez Cl\u00ednica Dental\",\"isPartOf\":{\"@id\":\"https:\\\/\\\/antoniomartinezclinicadental.com\\\/en\\\/#website\"},\"datePublished\":\"2024-11-23T17:45:01+00:00\",\"dateModified\":\"2025-11-18T23:25:15+00:00\",\"breadcrumb\":{\"@id\":\"https:\\\/\\\/antoniomartinezclinicadental.com\\\/en\\\/privacy\\\/#breadcrumb\"},\"inLanguage\":\"en-US\",\"potentialAction\":[{\"@type\":\"ReadAction\",\"target\":[\"https:\\\/\\\/antoniomartinezclinicadental.com\\\/en\\\/privacy\\\/\"]}]},{\"@type\":\"BreadcrumbList\",\"@id\":\"https:\\\/\\\/antoniomartinezclinicadental.com\\\/en\\\/privacy\\\/#breadcrumb\",\"itemListElement\":[{\"@type\":\"ListItem\",\"position\":1,\"name\":\"Home\",\"item\":\"https:\\\/\\\/antoniomartinezclinicadental.com\\\/en\\\/\"},{\"@type\":\"ListItem\",\"position\":2,\"name\":\"Privacy\"}]},{\"@type\":\"WebSite\",\"@id\":\"https:\\\/\\\/antoniomartinezclinicadental.com\\\/en\\\/#website\",\"url\":\"https:\\\/\\\/antoniomartinezclinicadental.com\\\/en\\\/\",\"name\":\"Antonio Martinez Cl\u00ednica Dental\",\"description\":\"Dentista en V\u00e9lez-M\u00e1laga\",\"publisher\":{\"@id\":\"https:\\\/\\\/antoniomartinezclinicadental.com\\\/en\\\/#organization\"},\"potentialAction\":[{\"@type\":\"SearchAction\",\"target\":{\"@type\":\"EntryPoint\",\"urlTemplate\":\"https:\\\/\\\/antoniomartinezclinicadental.com\\\/en\\\/?s={search_term_string}\"},\"query-input\":{\"@type\":\"PropertyValueSpecification\",\"valueRequired\":true,\"valueName\":\"search_term_string\"}}],\"inLanguage\":\"en-US\"},{\"@type\":\"Organization\",\"@id\":\"https:\\\/\\\/antoniomartinezclinicadental.com\\\/en\\\/#organization\",\"name\":\"Antonio Martinez Cl\u00ednica Dental\",\"url\":\"https:\\\/\\\/antoniomartinezclinicadental.com\\\/en\\\/\",\"logo\":{\"@type\":\"ImageObject\",\"inLanguage\":\"en-US\",\"@id\":\"https:\\\/\\\/antoniomartinezclinicadental.com\\\/en\\\/#\\\/schema\\\/logo\\\/image\\\/\",\"url\":\"https:\\\/\\\/antoniomartinezclinicadental.com\\\/wp-content\\\/uploads\\\/2025\\\/02\\\/logosinfondo.webp\",\"contentUrl\":\"https:\\\/\\\/antoniomartinezclinicadental.com\\\/wp-content\\\/uploads\\\/2025\\\/02\\\/logosinfondo.webp\",\"width\":533,\"height\":69,\"caption\":\"Antonio Martinez Cl\u00ednica Dental\"},\"image\":{\"@id\":\"https:\\\/\\\/antoniomartinezclinicadental.com\\\/en\\\/#\\\/schema\\\/logo\\\/image\\\/\"},\"sameAs\":[\"https:\\\/\\\/www.facebook.com\\\/p\\\/Clinica-Dental-Antonio-Martinez-100066372022427\\\/?locale=es_ES\",\"https:\\\/\\\/www.instagram.com\\\/antoniomartinezclinicadental\\\/?igsh=MTI2OGtxaDhweHJnbA#\"]}]}<\/script>\n<!-- \/ Yoast SEO plugin. -->","yoast_head_json":{"title":"Privacy - Antonio Martinez Cl\u00ednica Dental","robots":{"index":"index","follow":"follow","max-snippet":"max-snippet:-1","max-image-preview":"max-image-preview:large","max-video-preview":"max-video-preview:-1"},"canonical":"https:\/\/antoniomartinezclinicadental.com\/en\/privacy\/","og_locale":"en_US","og_type":"article","og_title":"Privacy - Antonio Martinez Cl\u00ednica Dental","og_description":"Privacy Policy In accordance with the provisions of Article 10 of Law 34\/2002, of Services of the Information Society and Electronic Commerce, we inform all our customers, users and visitors about the legal information concerning the company that owns the website located at the Internet address:www.antonioantoniomartinezdental.com Company Name: JOS\u00c9 ANTONIO MART\u00cdNEZ FORTES Address: C. Cam [&hellip;]","og_url":"https:\/\/antoniomartinezclinicadental.com\/en\/privacy\/","og_site_name":"Antonio Martinez Cl\u00ednica Dental","article_publisher":"https:\/\/www.facebook.com\/p\/Clinica-Dental-Antonio-Martinez-100066372022427\/?locale=es_ES","article_modified_time":"2025-11-18T23:25:15+00:00","twitter_card":"summary_large_image","twitter_misc":{"Est. reading time":"2 minutes"},"schema":{"@context":"https:\/\/schema.org","@graph":[{"@type":"WebPage","@id":"https:\/\/antoniomartinezclinicadental.com\/en\/privacy\/","url":"https:\/\/antoniomartinezclinicadental.com\/en\/privacy\/","name":"Privacy - Antonio Martinez Cl\u00ednica Dental","isPartOf":{"@id":"https:\/\/antoniomartinezclinicadental.com\/en\/#website"},"datePublished":"2024-11-23T17:45:01+00:00","dateModified":"2025-11-18T23:25:15+00:00","breadcrumb":{"@id":"https:\/\/antoniomartinezclinicadental.com\/en\/privacy\/#breadcrumb"},"inLanguage":"en-US","potentialAction":[{"@type":"ReadAction","target":["https:\/\/antoniomartinezclinicadental.com\/en\/privacy\/"]}]},{"@type":"BreadcrumbList","@id":"https:\/\/antoniomartinezclinicadental.com\/en\/privacy\/#breadcrumb","itemListElement":[{"@type":"ListItem","position":1,"name":"Home","item":"https:\/\/antoniomartinezclinicadental.com\/en\/"},{"@type":"ListItem","position":2,"name":"Privacy"}]},{"@type":"WebSite","@id":"https:\/\/antoniomartinezclinicadental.com\/en\/#website","url":"https:\/\/antoniomartinezclinicadental.com\/en\/","name":"Antonio Martinez Cl\u00ednica Dental","description":"Dentista en V\u00e9lez-M\u00e1laga","publisher":{"@id":"https:\/\/antoniomartinezclinicadental.com\/en\/#organization"},"potentialAction":[{"@type":"SearchAction","target":{"@type":"EntryPoint","urlTemplate":"https:\/\/antoniomartinezclinicadental.com\/en\/?s={search_term_string}"},"query-input":{"@type":"PropertyValueSpecification","valueRequired":true,"valueName":"search_term_string"}}],"inLanguage":"en-US"},{"@type":"Organization","@id":"https:\/\/antoniomartinezclinicadental.com\/en\/#organization","name":"Antonio Martinez Cl\u00ednica Dental","url":"https:\/\/antoniomartinezclinicadental.com\/en\/","logo":{"@type":"ImageObject","inLanguage":"en-US","@id":"https:\/\/antoniomartinezclinicadental.com\/en\/#\/schema\/logo\/image\/","url":"https:\/\/antoniomartinezclinicadental.com\/wp-content\/uploads\/2025\/02\/logosinfondo.webp","contentUrl":"https:\/\/antoniomartinezclinicadental.com\/wp-content\/uploads\/2025\/02\/logosinfondo.webp","width":533,"height":69,"caption":"Antonio Martinez Cl\u00ednica Dental"},"image":{"@id":"https:\/\/antoniomartinezclinicadental.com\/en\/#\/schema\/logo\/image\/"},"sameAs":["https:\/\/www.facebook.com\/p\/Clinica-Dental-Antonio-Martinez-100066372022427\/?locale=es_ES","https:\/\/www.instagram.com\/antoniomartinezclinicadental\/?igsh=MTI2OGtxaDhweHJnbA#"]}]}},"_links":{"self":[{"href":"https:\/\/antoniomartinezclinicadental.com\/en\/wp-json\/wp\/v2\/pages\/13310","targetHints":{"allow":["GET"]}}],"collection":[{"href":"https:\/\/antoniomartinezclinicadental.com\/en\/wp-json\/wp\/v2\/pages"}],"about":[{"href":"https:\/\/antoniomartinezclinicadental.com\/en\/wp-json\/wp\/v2\/types\/page"}],"author":[{"embeddable":true,"href":"https:\/\/antoniomartinezclinicadental.com\/en\/wp-json\/wp\/v2\/users\/1"}],"replies":[{"embeddable":true,"href":"https:\/\/antoniomartinezclinicadental.com\/en\/wp-json\/wp\/v2\/comments?post=13310"}],"version-history":[{"count":1,"href":"https:\/\/antoniomartinezclinicadental.com\/en\/wp-json\/wp\/v2\/pages\/13310\/revisions"}],"predecessor-version":[{"id":13311,"href":"https:\/\/antoniomartinezclinicadental.com\/en\/wp-json\/wp\/v2\/pages\/13310\/revisions\/13311"}],"wp:attachment":[{"href":"https:\/\/antoniomartinezclinicadental.com\/en\/wp-json\/wp\/v2\/media?parent=13310"}],"curies":[{"name":"wp","href":"https:\/\/api.w.org\/{rel}","templated":true}]}}