{"id":13292,"date":"2024-11-23T17:44:41","date_gmt":"2024-11-23T17:44:41","guid":{"rendered":"https:\/\/antoniomartinezclinicadental.com\/cookies\/"},"modified":"2025-11-18T23:25:15","modified_gmt":"2025-11-18T23:25:15","slug":"cookies","status":"publish","type":"page","link":"https:\/\/antoniomartinezclinicadental.com\/en\/cookies\/","title":{"rendered":"Cookies"},"content":{"rendered":"\t\t<div data-elementor-type=\"wp-page\" data-elementor-id=\"13292\" class=\"elementor elementor-13292 elementor-396\" data-elementor-post-type=\"page\">\n\t\t\t\t<div class=\"elementor-element elementor-element-c08ebb9 e-grid e-con-boxed e-con e-parent\" data-id=\"c08ebb9\" data-element_type=\"container\" data-e-type=\"container\" data-settings=\"{&quot;background_background&quot;:&quot;classic&quot;}\">\n\t\t\t\t\t<div class=\"e-con-inner\">\n\t\t\t\t<div class=\"elementor-element elementor-element-3f23bde elementor-widget elementor-widget-text-editor\" data-id=\"3f23bde\" data-element_type=\"widget\" data-e-type=\"widget\" data-widget_type=\"text-editor.default\">\n\t\t\t\t<div class=\"elementor-widget-container\">\n\t\t\t\t\t\t\t\t\t<h1>Cookies Policy<\/h1>\t\t\t\t\t\t\t\t<\/div>\n\t\t\t\t<\/div>\n\t\t\t\t\t<\/div>\n\t\t\t\t<\/div>\n\t\t<div class=\"elementor-element elementor-element-c3e6807 e-grid e-con-boxed e-con e-parent\" data-id=\"c3e6807\" data-element_type=\"container\" data-e-type=\"container\">\n\t\t\t\t\t<div class=\"e-con-inner\">\n\t\t\t\t<div class=\"elementor-element elementor-element-82171d5 elementor-widget elementor-widget-text-editor\" data-id=\"82171d5\" data-element_type=\"widget\" data-e-type=\"widget\" data-widget_type=\"text-editor.default\">\n\t\t\t\t<div class=\"elementor-widget-container\">\n\t\t\t\t\t\t\t\t\t<div class=\"flex max-w-full flex-col flex-grow\">\n<div class=\"min-h-8 text-message flex w-full flex-col items-end gap-2 whitespace-normal break-words [.text-message+&amp;]:mt-5\" dir=\"auto\" data-message-author-role=\"assistant\" data-message-id=\"f79350be-e2a6-4be8-a3e3-50d9c89f667a\" data-message-model-slug=\"gpt-4o\">\n<div class=\"flex w-full flex-col gap-1 empty:hidden first:pt-[3px]\">\n<div class=\"markdown prose w-full break-words dark:prose-invert dark\">\n<p><strong>antonioantoniomartinezdental.com<\/strong>, dental clinic in Velez-Malaga, like most Internet portals, uses cookies to improve services and facilitate the user experience when browsing the website.<\/p>\n<p>At <strong>antonioantoniomartinezdental.com<\/strong>, it is the user who decides whether or not to accept these cookies.<\/p>\n<h2>&nbsp;<\/h2>\n<h2>What are cookies?<\/h2>\n<p>Cookies are small amounts of information that are stored in the browser used by each user so that the server remembers certain information that can later be used for different purposes, from making the web browsing experience much more efficient, to remembering login information, what is in your shopping cart or connecting to social networks.<\/p>\n<p>It is the website operator who determines what type of information the cookie contains and what its purpose is, and it can also be used by the web server each time the user visits the website.<\/p>\n<p>There are many guides that explain in detail what cookies are and what they are used for, such as the ones below:<\/p>\n<ul>\n<li>Wikipedia &#8211; Cookies<\/li>\n<li>All About Cookies<\/li>\n<li>Your Online Choices<\/li>\n<li>International Chamber of Commerce<\/li>\n<\/ul>\n<h3>&nbsp;<\/h3>\n<h2>How do we use cookies?<\/h2>\n<p><strong>antonioantoniomartinezdental.com<\/strong> only uses cookies that the user allows us to use. In addition to accepting or rejecting the use of such cookies through our website, the user can always manage and control them through your browser settings. <\/p>\n<p>The following is a source of information on how to carry out this process:<\/p>\n<ul>\n<li>Firefox: Cookie guide<\/li>\n<li>Chrome: Cookie guide<\/li>\n<li>Internet Explorer: Cookie Guide<\/li>\n<li>Safari: Cookie Guide<\/li>\n<li>Others: All About Cookies<\/li>\n<\/ul>\n<h3>&nbsp;<\/h3>\n<h3>What cookies do we use?<\/h3>\n<p>We have used some existing guidelines to classify and define the cookies we use, grouping them into three groups:<\/p>\n<h4>&nbsp;<\/h4>\n<h3>A) Performance Cookies<\/h3>\n<p>These cookies collect information about how the user uses the website (pages visited, navigation error control). All information collected is completely anonymous and its purpose is to help us understand how our website works, as well as to identify and solve problems to facilitate the user&#8217;s navigation. <\/p>\n<p>These cookies allow:<\/p>\n<ul>\n<li>That the user navigates correctly through the website.<\/li>\n<li>That <strong>antonioantoniomartinezdental.com<\/strong> collects information about the use of the website to improve its usability.<\/li>\n<li>They do not collect user information that can be used for advertising purposes, or information about your preferences beyond that particular visit.<\/li>\n<\/ul>\n<h4>&nbsp;<\/h4>\n<h3>B) Functional Cookies<\/h3>\n<p>The purpose of these cookies is to improve the user experience. <strong>antonioantoniomartinezdental.com<\/strong> uses these cookies to remember certain settings or to provide certain services that can improve your experience on the website. For example, they remember the country or language selected when visiting the pages, and are not used for marketing purposes. <\/p>\n<p>These cookies allow:<\/p>\n<ul>\n<li>Remember your customer login details when you return to the page.<\/li>\n<li>They do not collect user information that can be used for advertising purposes, nor beyond the visit in question.<\/li>\n<\/ul>\n<h4>&nbsp;<\/h4>\n<h3>C) Marketing Cookies<\/h3>\n<p>These cookies are managed by third parties, so you can use their tools to restrict their use. Some of these cookies are used to link to other websites that provide services to <g id=\"gid_0\">antonioantoniomartinezdental.com<\/g>, such as Facebook, Twitter or Google. They can also tailor advertisements on other pages according to your preferences.  <\/p>\n<p>These cookies allow:<\/p>\n<ul>\n<li>Link to social networks.<\/li>\n<li>Pass information about your visit to the <strong>antonioantoniomartinezdental.com<\/strong> site to personalize ads on other sites.<\/li>\n<\/ul>\n<p>Remember that those cookies installed before modifying the configuration will remain on your device until you delete them through your browser options.<\/p>\n<h3>&nbsp;<\/h3>\n<h2>What happens if Cookies are disabled?<\/h2>\n<p>Some functionalities of the website will be disabled, such as remaining identified, keeping products in the &#8220;shopping cart&#8221; in e-commerce services or receiving information directed to your location.<\/p>\n<h3>&nbsp;<\/h3>\n<h3>Changes in privacy\/cookies policy<\/h3>\n<p><strong>antonioantoniomartinezdental.com<\/strong> may modify this Cookies Policy according to legislative and regulatory requirements, to adapt to the instructions issued by the Spanish Data Protection Agency. Users are advised to visit it periodically. However, when significant changes occur in this Cookies Policy, they will be communicated to users through the website or by email to registered users.  <\/p>\n<\/div>\n<\/div>\n<\/div>\n<\/div>\t\t\t\t\t\t\t\t<\/div>\n\t\t\t\t<\/div>\n\t\t\t\t\t<\/div>\n\t\t\t\t<\/div>\n\t\t\t\t<\/div>\n\t\t","protected":false},"excerpt":{"rendered":"<p>Cookies Policy antonioantoniomartinezdental.com, dental clinic in Velez-Malaga, like most Internet portals, uses cookies to improve services and facilitate the user experience when browsing the website. At antonioantoniomartinezdental.com, it is the user who decides whether or not to accept these cookies. &nbsp; What are cookies? Cookies are small amounts of information that are stored in the [&hellip;]<\/p>\n","protected":false},"author":1,"featured_media":0,"parent":0,"menu_order":0,"comment_status":"closed","ping_status":"closed","template":"","meta":{"footnotes":""},"class_list":["post-13292","page","type-page","status-publish","hentry"],"yoast_head":"<!-- This site is optimized with the Yoast SEO plugin v27.4 - https:\/\/yoast.com\/product\/yoast-seo-wordpress\/ -->\n<title>Cookies - Antonio Martinez Cl\u00ednica Dental<\/title>\n<meta name=\"robots\" content=\"index, follow, max-snippet:-1, max-image-preview:large, max-video-preview:-1\" \/>\n<link rel=\"canonical\" href=\"https:\/\/antoniomartinezclinicadental.com\/en\/cookies\/\" \/>\n<meta property=\"og:locale\" content=\"en_US\" \/>\n<meta property=\"og:type\" content=\"article\" \/>\n<meta property=\"og:title\" content=\"Cookies - Antonio Martinez Cl\u00ednica Dental\" \/>\n<meta property=\"og:description\" content=\"Cookies Policy antonioantoniomartinezdental.com, dental clinic in Velez-Malaga, like most Internet portals, uses cookies to improve services and facilitate the user experience when browsing the website. At antonioantoniomartinezdental.com, it is the user who decides whether or not to accept these cookies. &nbsp; What are cookies? Cookies are small amounts of information that are stored in the [&hellip;]\" \/>\n<meta property=\"og:url\" content=\"https:\/\/antoniomartinezclinicadental.com\/en\/cookies\/\" \/>\n<meta property=\"og:site_name\" content=\"Antonio Martinez Cl\u00ednica Dental\" \/>\n<meta property=\"article:publisher\" content=\"https:\/\/www.facebook.com\/p\/Clinica-Dental-Antonio-Martinez-100066372022427\/?locale=es_ES\" \/>\n<meta property=\"article:modified_time\" content=\"2025-11-18T23:25:15+00:00\" \/>\n<meta name=\"twitter:card\" content=\"summary_large_image\" \/>\n<meta name=\"twitter:label1\" content=\"Est. reading time\" \/>\n\t<meta name=\"twitter:data1\" content=\"3 minutes\" \/>\n<script type=\"application\/ld+json\" class=\"yoast-schema-graph\">{\"@context\":\"https:\\\/\\\/schema.org\",\"@graph\":[{\"@type\":\"WebPage\",\"@id\":\"https:\\\/\\\/antoniomartinezclinicadental.com\\\/en\\\/cookies\\\/\",\"url\":\"https:\\\/\\\/antoniomartinezclinicadental.com\\\/en\\\/cookies\\\/\",\"name\":\"Cookies - Antonio Martinez Cl\u00ednica Dental\",\"isPartOf\":{\"@id\":\"https:\\\/\\\/antoniomartinezclinicadental.com\\\/en\\\/#website\"},\"datePublished\":\"2024-11-23T17:44:41+00:00\",\"dateModified\":\"2025-11-18T23:25:15+00:00\",\"breadcrumb\":{\"@id\":\"https:\\\/\\\/antoniomartinezclinicadental.com\\\/en\\\/cookies\\\/#breadcrumb\"},\"inLanguage\":\"en-US\",\"potentialAction\":[{\"@type\":\"ReadAction\",\"target\":[\"https:\\\/\\\/antoniomartinezclinicadental.com\\\/en\\\/cookies\\\/\"]}]},{\"@type\":\"BreadcrumbList\",\"@id\":\"https:\\\/\\\/antoniomartinezclinicadental.com\\\/en\\\/cookies\\\/#breadcrumb\",\"itemListElement\":[{\"@type\":\"ListItem\",\"position\":1,\"name\":\"Home\",\"item\":\"https:\\\/\\\/antoniomartinezclinicadental.com\\\/en\\\/\"},{\"@type\":\"ListItem\",\"position\":2,\"name\":\"Cookies\"}]},{\"@type\":\"WebSite\",\"@id\":\"https:\\\/\\\/antoniomartinezclinicadental.com\\\/en\\\/#website\",\"url\":\"https:\\\/\\\/antoniomartinezclinicadental.com\\\/en\\\/\",\"name\":\"Antonio Martinez Cl\u00ednica Dental\",\"description\":\"Dentista en V\u00e9lez-M\u00e1laga\",\"publisher\":{\"@id\":\"https:\\\/\\\/antoniomartinezclinicadental.com\\\/en\\\/#organization\"},\"potentialAction\":[{\"@type\":\"SearchAction\",\"target\":{\"@type\":\"EntryPoint\",\"urlTemplate\":\"https:\\\/\\\/antoniomartinezclinicadental.com\\\/en\\\/?s={search_term_string}\"},\"query-input\":{\"@type\":\"PropertyValueSpecification\",\"valueRequired\":true,\"valueName\":\"search_term_string\"}}],\"inLanguage\":\"en-US\"},{\"@type\":\"Organization\",\"@id\":\"https:\\\/\\\/antoniomartinezclinicadental.com\\\/en\\\/#organization\",\"name\":\"Antonio Martinez Cl\u00ednica Dental\",\"url\":\"https:\\\/\\\/antoniomartinezclinicadental.com\\\/en\\\/\",\"logo\":{\"@type\":\"ImageObject\",\"inLanguage\":\"en-US\",\"@id\":\"https:\\\/\\\/antoniomartinezclinicadental.com\\\/en\\\/#\\\/schema\\\/logo\\\/image\\\/\",\"url\":\"https:\\\/\\\/antoniomartinezclinicadental.com\\\/wp-content\\\/uploads\\\/2025\\\/02\\\/logosinfondo.webp\",\"contentUrl\":\"https:\\\/\\\/antoniomartinezclinicadental.com\\\/wp-content\\\/uploads\\\/2025\\\/02\\\/logosinfondo.webp\",\"width\":533,\"height\":69,\"caption\":\"Antonio Martinez Cl\u00ednica Dental\"},\"image\":{\"@id\":\"https:\\\/\\\/antoniomartinezclinicadental.com\\\/en\\\/#\\\/schema\\\/logo\\\/image\\\/\"},\"sameAs\":[\"https:\\\/\\\/www.facebook.com\\\/p\\\/Clinica-Dental-Antonio-Martinez-100066372022427\\\/?locale=es_ES\",\"https:\\\/\\\/www.instagram.com\\\/antoniomartinezclinicadental\\\/?igsh=MTI2OGtxaDhweHJnbA#\"]}]}<\/script>\n<!-- \/ Yoast SEO plugin. -->","yoast_head_json":{"title":"Cookies - Antonio Martinez Cl\u00ednica Dental","robots":{"index":"index","follow":"follow","max-snippet":"max-snippet:-1","max-image-preview":"max-image-preview:large","max-video-preview":"max-video-preview:-1"},"canonical":"https:\/\/antoniomartinezclinicadental.com\/en\/cookies\/","og_locale":"en_US","og_type":"article","og_title":"Cookies - Antonio Martinez Cl\u00ednica Dental","og_description":"Cookies Policy antonioantoniomartinezdental.com, dental clinic in Velez-Malaga, like most Internet portals, uses cookies to improve services and facilitate the user experience when browsing the website. At antonioantoniomartinezdental.com, it is the user who decides whether or not to accept these cookies. &nbsp; What are cookies? Cookies are small amounts of information that are stored in the [&hellip;]","og_url":"https:\/\/antoniomartinezclinicadental.com\/en\/cookies\/","og_site_name":"Antonio Martinez Cl\u00ednica Dental","article_publisher":"https:\/\/www.facebook.com\/p\/Clinica-Dental-Antonio-Martinez-100066372022427\/?locale=es_ES","article_modified_time":"2025-11-18T23:25:15+00:00","twitter_card":"summary_large_image","twitter_misc":{"Est. reading time":"3 minutes"},"schema":{"@context":"https:\/\/schema.org","@graph":[{"@type":"WebPage","@id":"https:\/\/antoniomartinezclinicadental.com\/en\/cookies\/","url":"https:\/\/antoniomartinezclinicadental.com\/en\/cookies\/","name":"Cookies - Antonio Martinez Cl\u00ednica Dental","isPartOf":{"@id":"https:\/\/antoniomartinezclinicadental.com\/en\/#website"},"datePublished":"2024-11-23T17:44:41+00:00","dateModified":"2025-11-18T23:25:15+00:00","breadcrumb":{"@id":"https:\/\/antoniomartinezclinicadental.com\/en\/cookies\/#breadcrumb"},"inLanguage":"en-US","potentialAction":[{"@type":"ReadAction","target":["https:\/\/antoniomartinezclinicadental.com\/en\/cookies\/"]}]},{"@type":"BreadcrumbList","@id":"https:\/\/antoniomartinezclinicadental.com\/en\/cookies\/#breadcrumb","itemListElement":[{"@type":"ListItem","position":1,"name":"Home","item":"https:\/\/antoniomartinezclinicadental.com\/en\/"},{"@type":"ListItem","position":2,"name":"Cookies"}]},{"@type":"WebSite","@id":"https:\/\/antoniomartinezclinicadental.com\/en\/#website","url":"https:\/\/antoniomartinezclinicadental.com\/en\/","name":"Antonio Martinez Cl\u00ednica Dental","description":"Dentista en V\u00e9lez-M\u00e1laga","publisher":{"@id":"https:\/\/antoniomartinezclinicadental.com\/en\/#organization"},"potentialAction":[{"@type":"SearchAction","target":{"@type":"EntryPoint","urlTemplate":"https:\/\/antoniomartinezclinicadental.com\/en\/?s={search_term_string}"},"query-input":{"@type":"PropertyValueSpecification","valueRequired":true,"valueName":"search_term_string"}}],"inLanguage":"en-US"},{"@type":"Organization","@id":"https:\/\/antoniomartinezclinicadental.com\/en\/#organization","name":"Antonio Martinez Cl\u00ednica Dental","url":"https:\/\/antoniomartinezclinicadental.com\/en\/","logo":{"@type":"ImageObject","inLanguage":"en-US","@id":"https:\/\/antoniomartinezclinicadental.com\/en\/#\/schema\/logo\/image\/","url":"https:\/\/antoniomartinezclinicadental.com\/wp-content\/uploads\/2025\/02\/logosinfondo.webp","contentUrl":"https:\/\/antoniomartinezclinicadental.com\/wp-content\/uploads\/2025\/02\/logosinfondo.webp","width":533,"height":69,"caption":"Antonio Martinez Cl\u00ednica Dental"},"image":{"@id":"https:\/\/antoniomartinezclinicadental.com\/en\/#\/schema\/logo\/image\/"},"sameAs":["https:\/\/www.facebook.com\/p\/Clinica-Dental-Antonio-Martinez-100066372022427\/?locale=es_ES","https:\/\/www.instagram.com\/antoniomartinezclinicadental\/?igsh=MTI2OGtxaDhweHJnbA#"]}]}},"_links":{"self":[{"href":"https:\/\/antoniomartinezclinicadental.com\/en\/wp-json\/wp\/v2\/pages\/13292","targetHints":{"allow":["GET"]}}],"collection":[{"href":"https:\/\/antoniomartinezclinicadental.com\/en\/wp-json\/wp\/v2\/pages"}],"about":[{"href":"https:\/\/antoniomartinezclinicadental.com\/en\/wp-json\/wp\/v2\/types\/page"}],"author":[{"embeddable":true,"href":"https:\/\/antoniomartinezclinicadental.com\/en\/wp-json\/wp\/v2\/users\/1"}],"replies":[{"embeddable":true,"href":"https:\/\/antoniomartinezclinicadental.com\/en\/wp-json\/wp\/v2\/comments?post=13292"}],"version-history":[{"count":1,"href":"https:\/\/antoniomartinezclinicadental.com\/en\/wp-json\/wp\/v2\/pages\/13292\/revisions"}],"predecessor-version":[{"id":13307,"href":"https:\/\/antoniomartinezclinicadental.com\/en\/wp-json\/wp\/v2\/pages\/13292\/revisions\/13307"}],"wp:attachment":[{"href":"https:\/\/antoniomartinezclinicadental.com\/en\/wp-json\/wp\/v2\/media?parent=13292"}],"curies":[{"name":"wp","href":"https:\/\/api.w.org\/{rel}","templated":true}]}}