{"id":13244,"date":"2024-11-22T11:37:54","date_gmt":"2024-11-22T11:37:54","guid":{"rendered":"https:\/\/antoniomartinezclinicadental.com\/we\/"},"modified":"2025-11-18T23:25:06","modified_gmt":"2025-11-18T23:25:06","slug":"we","status":"publish","type":"page","link":"https:\/\/antoniomartinezclinicadental.com\/en\/we\/","title":{"rendered":"We"},"content":{"rendered":"\t\t<div data-elementor-type=\"wp-page\" data-elementor-id=\"13244\" class=\"elementor elementor-13244 elementor-69\" data-elementor-post-type=\"page\">\n\t\t\t\t<div class=\"elementor-element elementor-element-dc210e5 e-flex e-con-boxed e-con e-parent\" data-id=\"dc210e5\" data-element_type=\"container\" data-e-type=\"container\">\n\t\t\t\t\t<div class=\"e-con-inner\">\n\t\t<div class=\"elementor-element elementor-element-917fe5d e-con-full e-flex e-con e-child\" data-id=\"917fe5d\" data-element_type=\"container\" data-e-type=\"container\">\n\t\t\t\t<div class=\"elementor-element elementor-element-7e043e3 elementor-widget elementor-widget-heading\" data-id=\"7e043e3\" data-element_type=\"widget\" data-e-type=\"widget\" data-widget_type=\"heading.default\">\n\t\t\t\t<div class=\"elementor-widget-container\">\n\t\t\t\t\t<h1 class=\"elementor-heading-title elementor-size-default\">Antonio Mart\u00ednez Dental Clinic,\nour history<\/h1>\t\t\t\t<\/div>\n\t\t\t\t<\/div>\n\t\t\t\t<div class=\"elementor-element elementor-element-3d304ac elementor-widget elementor-widget-text-editor\" data-id=\"3d304ac\" data-element_type=\"widget\" data-e-type=\"widget\" data-widget_type=\"text-editor.default\">\n\t\t\t\t<div class=\"elementor-widget-container\">\n\t\t\t\t\t\t\t\t\t<p>Having had the opportunity to practice dentistry in countries such as France and England, Dr. Antonio Martinez was able to immerse himself in cutting-edge dentistry, learning directly from some of the best doctors and leaders in the field. In these countries, renowned for their excellence in dental research and practice, he acquired a deep understanding of <br><b>advanced techniques<\/b>, as well as technologies and<br><b>innovative methods<\/b> that revolutionize dental care.<\/p><p>This learning and professional growth inspired Dr. Martinez to found the Antonio Martinez Dental Clinic in Velez-Malaga in 2009, where he applied everything he learned on his travels. His goal was to create a space that would merge best practices with a <br><b>warm and personalized attention<\/b>, adapted to the needs of each patient.<\/p><p>The philosophy of the Antonio Martinez Dental Clinic is focused on understanding the unique needs of each patient, providing them with a treatment that combines<br><b>technical excellence<\/b> and a <b>close treatment<\/b>. We have a multidisciplinary team, highly qualified in various areas of dentistry, including implantology, orthodontics and cosmetic dentistry among others. At the Dental Clinic Antonio Martinez, we seek not only to improve the oral health of those who visit us, but also to create a personalized experience for our patients.  <br><b>confidence<\/b> and <b>well-being<\/b>.<\/p><p><b>Attention to detail<\/b>, <b>honesty<\/b> and <b>commitment<\/b> to each treatment define us, and with each patient, we renew our promise to provide excellent dentistry and an environment where they can feel safe and well cared for.<\/p>\t\t\t\t\t\t\t\t<\/div>\n\t\t\t\t<\/div>\n\t\t\t\t<\/div>\n\t\t<div class=\"elementor-element elementor-element-cdad250 e-con-full e-flex e-con e-child\" data-id=\"cdad250\" data-element_type=\"container\" data-e-type=\"container\">\n\t\t\t\t<div class=\"elementor-element elementor-element-79d96d9 elementor-widget elementor-widget-image\" data-id=\"79d96d9\" data-element_type=\"widget\" data-e-type=\"widget\" data-widget_type=\"image.default\">\n\t\t\t\t<div class=\"elementor-widget-container\">\n\t\t\t\t\t\t\t\t\t\t\t\t\t\t\t<img fetchpriority=\"high\" decoding=\"async\" width=\"1500\" height=\"1261\" src=\"https:\/\/antoniomartinezclinicadental.com\/wp-content\/uploads\/2025\/09\/DSC1182-Editar-2.jpg\" class=\"attachment-full size-full wp-image-13247\" alt=\"Clinica Dental Antonio Mart\u00ednez V\u00e9lez-M\u00e1laga\" srcset=\"https:\/\/antoniomartinezclinicadental.com\/wp-content\/uploads\/2025\/09\/DSC1182-Editar-2.jpg 1500w, https:\/\/antoniomartinezclinicadental.com\/wp-content\/uploads\/2025\/09\/DSC1182-Editar-2-300x252.jpg 300w, https:\/\/antoniomartinezclinicadental.com\/wp-content\/uploads\/2025\/09\/DSC1182-Editar-2-1024x861.jpg 1024w, https:\/\/antoniomartinezclinicadental.com\/wp-content\/uploads\/2025\/09\/DSC1182-Editar-2-768x646.jpg 768w\" sizes=\"(max-width: 1500px) 100vw, 1500px\" \/>\t\t\t\t\t\t\t\t\t\t\t\t\t\t\t<\/div>\n\t\t\t\t<\/div>\n\t\t\t\t<\/div>\n\t\t\t\t\t<\/div>\n\t\t\t\t<\/div>\n\t\t\t\t<\/div>\n\t\t","protected":false},"excerpt":{"rendered":"<p>Antonio Mart\u00ednez Dental Clinic, our history Having had the opportunity to practice dentistry in countries such as France and England, Dr. Antonio Martinez was able to immerse himself in cutting-edge dentistry, learning directly from some of the best doctors and leaders in the field. In these countries, renowned for their excellence in dental research and [&hellip;]<\/p>\n","protected":false},"author":1,"featured_media":0,"parent":0,"menu_order":0,"comment_status":"closed","ping_status":"closed","template":"","meta":{"footnotes":""},"class_list":["post-13244","page","type-page","status-publish","hentry"],"yoast_head":"<!-- This site is optimized with the Yoast SEO plugin v27.4 - https:\/\/yoast.com\/product\/yoast-seo-wordpress\/ -->\n<title>We - Antonio Martinez Cl\u00ednica Dental<\/title>\n<meta name=\"robots\" content=\"index, follow, max-snippet:-1, max-image-preview:large, max-video-preview:-1\" \/>\n<link rel=\"canonical\" href=\"https:\/\/antoniomartinezclinicadental.com\/en\/we\/\" \/>\n<meta property=\"og:locale\" content=\"en_US\" \/>\n<meta property=\"og:type\" content=\"article\" \/>\n<meta property=\"og:title\" content=\"We - Antonio Martinez Cl\u00ednica Dental\" \/>\n<meta property=\"og:description\" content=\"Antonio Mart\u00ednez Dental Clinic, our history Having had the opportunity to practice dentistry in countries such as France and England, Dr. Antonio Martinez was able to immerse himself in cutting-edge dentistry, learning directly from some of the best doctors and leaders in the field. In these countries, renowned for their excellence in dental research and [&hellip;]\" \/>\n<meta property=\"og:url\" content=\"https:\/\/antoniomartinezclinicadental.com\/en\/we\/\" \/>\n<meta property=\"og:site_name\" content=\"Antonio Martinez Cl\u00ednica Dental\" \/>\n<meta property=\"article:publisher\" content=\"https:\/\/www.facebook.com\/p\/Clinica-Dental-Antonio-Martinez-100066372022427\/?locale=es_ES\" \/>\n<meta property=\"article:modified_time\" content=\"2025-11-18T23:25:06+00:00\" \/>\n<meta property=\"og:image\" content=\"https:\/\/antoniomartinezclinicadental.com\/wp-content\/uploads\/2025\/09\/DSC1182-Editar-2.jpg\" \/>\n\t<meta property=\"og:image:width\" content=\"1500\" \/>\n\t<meta property=\"og:image:height\" content=\"1261\" \/>\n\t<meta property=\"og:image:type\" content=\"image\/jpeg\" \/>\n<meta name=\"twitter:card\" content=\"summary_large_image\" \/>\n<meta name=\"twitter:label1\" content=\"Est. reading time\" \/>\n\t<meta name=\"twitter:data1\" content=\"1 minute\" \/>\n<script type=\"application\/ld+json\" class=\"yoast-schema-graph\">{\"@context\":\"https:\\\/\\\/schema.org\",\"@graph\":[{\"@type\":\"WebPage\",\"@id\":\"https:\\\/\\\/antoniomartinezclinicadental.com\\\/en\\\/we\\\/\",\"url\":\"https:\\\/\\\/antoniomartinezclinicadental.com\\\/en\\\/we\\\/\",\"name\":\"We - Antonio Martinez Cl\u00ednica Dental\",\"isPartOf\":{\"@id\":\"https:\\\/\\\/antoniomartinezclinicadental.com\\\/en\\\/#website\"},\"primaryImageOfPage\":{\"@id\":\"https:\\\/\\\/antoniomartinezclinicadental.com\\\/en\\\/we\\\/#primaryimage\"},\"image\":{\"@id\":\"https:\\\/\\\/antoniomartinezclinicadental.com\\\/en\\\/we\\\/#primaryimage\"},\"thumbnailUrl\":\"https:\\\/\\\/antoniomartinezclinicadental.com\\\/wp-content\\\/uploads\\\/2025\\\/09\\\/DSC1182-Editar-2.jpg\",\"datePublished\":\"2024-11-22T11:37:54+00:00\",\"dateModified\":\"2025-11-18T23:25:06+00:00\",\"breadcrumb\":{\"@id\":\"https:\\\/\\\/antoniomartinezclinicadental.com\\\/en\\\/we\\\/#breadcrumb\"},\"inLanguage\":\"en-US\",\"potentialAction\":[{\"@type\":\"ReadAction\",\"target\":[\"https:\\\/\\\/antoniomartinezclinicadental.com\\\/en\\\/we\\\/\"]}]},{\"@type\":\"ImageObject\",\"inLanguage\":\"en-US\",\"@id\":\"https:\\\/\\\/antoniomartinezclinicadental.com\\\/en\\\/we\\\/#primaryimage\",\"url\":\"https:\\\/\\\/antoniomartinezclinicadental.com\\\/wp-content\\\/uploads\\\/2025\\\/09\\\/DSC1182-Editar-2.jpg\",\"contentUrl\":\"https:\\\/\\\/antoniomartinezclinicadental.com\\\/wp-content\\\/uploads\\\/2025\\\/09\\\/DSC1182-Editar-2.jpg\"},{\"@type\":\"BreadcrumbList\",\"@id\":\"https:\\\/\\\/antoniomartinezclinicadental.com\\\/en\\\/we\\\/#breadcrumb\",\"itemListElement\":[{\"@type\":\"ListItem\",\"position\":1,\"name\":\"Home\",\"item\":\"https:\\\/\\\/antoniomartinezclinicadental.com\\\/en\\\/\"},{\"@type\":\"ListItem\",\"position\":2,\"name\":\"We\"}]},{\"@type\":\"WebSite\",\"@id\":\"https:\\\/\\\/antoniomartinezclinicadental.com\\\/en\\\/#website\",\"url\":\"https:\\\/\\\/antoniomartinezclinicadental.com\\\/en\\\/\",\"name\":\"Antonio Martinez Cl\u00ednica Dental\",\"description\":\"Dentista en V\u00e9lez-M\u00e1laga\",\"publisher\":{\"@id\":\"https:\\\/\\\/antoniomartinezclinicadental.com\\\/en\\\/#organization\"},\"potentialAction\":[{\"@type\":\"SearchAction\",\"target\":{\"@type\":\"EntryPoint\",\"urlTemplate\":\"https:\\\/\\\/antoniomartinezclinicadental.com\\\/en\\\/?s={search_term_string}\"},\"query-input\":{\"@type\":\"PropertyValueSpecification\",\"valueRequired\":true,\"valueName\":\"search_term_string\"}}],\"inLanguage\":\"en-US\"},{\"@type\":\"Organization\",\"@id\":\"https:\\\/\\\/antoniomartinezclinicadental.com\\\/en\\\/#organization\",\"name\":\"Antonio Martinez Cl\u00ednica Dental\",\"url\":\"https:\\\/\\\/antoniomartinezclinicadental.com\\\/en\\\/\",\"logo\":{\"@type\":\"ImageObject\",\"inLanguage\":\"en-US\",\"@id\":\"https:\\\/\\\/antoniomartinezclinicadental.com\\\/en\\\/#\\\/schema\\\/logo\\\/image\\\/\",\"url\":\"https:\\\/\\\/antoniomartinezclinicadental.com\\\/wp-content\\\/uploads\\\/2025\\\/02\\\/logosinfondo.webp\",\"contentUrl\":\"https:\\\/\\\/antoniomartinezclinicadental.com\\\/wp-content\\\/uploads\\\/2025\\\/02\\\/logosinfondo.webp\",\"width\":533,\"height\":69,\"caption\":\"Antonio Martinez Cl\u00ednica Dental\"},\"image\":{\"@id\":\"https:\\\/\\\/antoniomartinezclinicadental.com\\\/en\\\/#\\\/schema\\\/logo\\\/image\\\/\"},\"sameAs\":[\"https:\\\/\\\/www.facebook.com\\\/p\\\/Clinica-Dental-Antonio-Martinez-100066372022427\\\/?locale=es_ES\",\"https:\\\/\\\/www.instagram.com\\\/antoniomartinezclinicadental\\\/?igsh=MTI2OGtxaDhweHJnbA#\"]}]}<\/script>\n<!-- \/ Yoast SEO plugin. -->","yoast_head_json":{"title":"We - Antonio Martinez Cl\u00ednica Dental","robots":{"index":"index","follow":"follow","max-snippet":"max-snippet:-1","max-image-preview":"max-image-preview:large","max-video-preview":"max-video-preview:-1"},"canonical":"https:\/\/antoniomartinezclinicadental.com\/en\/we\/","og_locale":"en_US","og_type":"article","og_title":"We - Antonio Martinez Cl\u00ednica Dental","og_description":"Antonio Mart\u00ednez Dental Clinic, our history Having had the opportunity to practice dentistry in countries such as France and England, Dr. Antonio Martinez was able to immerse himself in cutting-edge dentistry, learning directly from some of the best doctors and leaders in the field. In these countries, renowned for their excellence in dental research and [&hellip;]","og_url":"https:\/\/antoniomartinezclinicadental.com\/en\/we\/","og_site_name":"Antonio Martinez Cl\u00ednica Dental","article_publisher":"https:\/\/www.facebook.com\/p\/Clinica-Dental-Antonio-Martinez-100066372022427\/?locale=es_ES","article_modified_time":"2025-11-18T23:25:06+00:00","og_image":[{"width":1500,"height":1261,"url":"https:\/\/antoniomartinezclinicadental.com\/wp-content\/uploads\/2025\/09\/DSC1182-Editar-2.jpg","type":"image\/jpeg"}],"twitter_card":"summary_large_image","twitter_misc":{"Est. reading time":"1 minute"},"schema":{"@context":"https:\/\/schema.org","@graph":[{"@type":"WebPage","@id":"https:\/\/antoniomartinezclinicadental.com\/en\/we\/","url":"https:\/\/antoniomartinezclinicadental.com\/en\/we\/","name":"We - Antonio Martinez Cl\u00ednica Dental","isPartOf":{"@id":"https:\/\/antoniomartinezclinicadental.com\/en\/#website"},"primaryImageOfPage":{"@id":"https:\/\/antoniomartinezclinicadental.com\/en\/we\/#primaryimage"},"image":{"@id":"https:\/\/antoniomartinezclinicadental.com\/en\/we\/#primaryimage"},"thumbnailUrl":"https:\/\/antoniomartinezclinicadental.com\/wp-content\/uploads\/2025\/09\/DSC1182-Editar-2.jpg","datePublished":"2024-11-22T11:37:54+00:00","dateModified":"2025-11-18T23:25:06+00:00","breadcrumb":{"@id":"https:\/\/antoniomartinezclinicadental.com\/en\/we\/#breadcrumb"},"inLanguage":"en-US","potentialAction":[{"@type":"ReadAction","target":["https:\/\/antoniomartinezclinicadental.com\/en\/we\/"]}]},{"@type":"ImageObject","inLanguage":"en-US","@id":"https:\/\/antoniomartinezclinicadental.com\/en\/we\/#primaryimage","url":"https:\/\/antoniomartinezclinicadental.com\/wp-content\/uploads\/2025\/09\/DSC1182-Editar-2.jpg","contentUrl":"https:\/\/antoniomartinezclinicadental.com\/wp-content\/uploads\/2025\/09\/DSC1182-Editar-2.jpg"},{"@type":"BreadcrumbList","@id":"https:\/\/antoniomartinezclinicadental.com\/en\/we\/#breadcrumb","itemListElement":[{"@type":"ListItem","position":1,"name":"Home","item":"https:\/\/antoniomartinezclinicadental.com\/en\/"},{"@type":"ListItem","position":2,"name":"We"}]},{"@type":"WebSite","@id":"https:\/\/antoniomartinezclinicadental.com\/en\/#website","url":"https:\/\/antoniomartinezclinicadental.com\/en\/","name":"Antonio Martinez Cl\u00ednica Dental","description":"Dentista en V\u00e9lez-M\u00e1laga","publisher":{"@id":"https:\/\/antoniomartinezclinicadental.com\/en\/#organization"},"potentialAction":[{"@type":"SearchAction","target":{"@type":"EntryPoint","urlTemplate":"https:\/\/antoniomartinezclinicadental.com\/en\/?s={search_term_string}"},"query-input":{"@type":"PropertyValueSpecification","valueRequired":true,"valueName":"search_term_string"}}],"inLanguage":"en-US"},{"@type":"Organization","@id":"https:\/\/antoniomartinezclinicadental.com\/en\/#organization","name":"Antonio Martinez Cl\u00ednica Dental","url":"https:\/\/antoniomartinezclinicadental.com\/en\/","logo":{"@type":"ImageObject","inLanguage":"en-US","@id":"https:\/\/antoniomartinezclinicadental.com\/en\/#\/schema\/logo\/image\/","url":"https:\/\/antoniomartinezclinicadental.com\/wp-content\/uploads\/2025\/02\/logosinfondo.webp","contentUrl":"https:\/\/antoniomartinezclinicadental.com\/wp-content\/uploads\/2025\/02\/logosinfondo.webp","width":533,"height":69,"caption":"Antonio Martinez Cl\u00ednica Dental"},"image":{"@id":"https:\/\/antoniomartinezclinicadental.com\/en\/#\/schema\/logo\/image\/"},"sameAs":["https:\/\/www.facebook.com\/p\/Clinica-Dental-Antonio-Martinez-100066372022427\/?locale=es_ES","https:\/\/www.instagram.com\/antoniomartinezclinicadental\/?igsh=MTI2OGtxaDhweHJnbA#"]}]}},"_links":{"self":[{"href":"https:\/\/antoniomartinezclinicadental.com\/en\/wp-json\/wp\/v2\/pages\/13244","targetHints":{"allow":["GET"]}}],"collection":[{"href":"https:\/\/antoniomartinezclinicadental.com\/en\/wp-json\/wp\/v2\/pages"}],"about":[{"href":"https:\/\/antoniomartinezclinicadental.com\/en\/wp-json\/wp\/v2\/types\/page"}],"author":[{"embeddable":true,"href":"https:\/\/antoniomartinezclinicadental.com\/en\/wp-json\/wp\/v2\/users\/1"}],"replies":[{"embeddable":true,"href":"https:\/\/antoniomartinezclinicadental.com\/en\/wp-json\/wp\/v2\/comments?post=13244"}],"version-history":[{"count":1,"href":"https:\/\/antoniomartinezclinicadental.com\/en\/wp-json\/wp\/v2\/pages\/13244\/revisions"}],"predecessor-version":[{"id":13248,"href":"https:\/\/antoniomartinezclinicadental.com\/en\/wp-json\/wp\/v2\/pages\/13244\/revisions\/13248"}],"wp:attachment":[{"href":"https:\/\/antoniomartinezclinicadental.com\/en\/wp-json\/wp\/v2\/media?parent=13244"}],"curies":[{"name":"wp","href":"https:\/\/api.w.org\/{rel}","templated":true}]}}