{"id":13172,"date":"2024-11-22T11:37:00","date_gmt":"2024-11-22T11:37:00","guid":{"rendered":"https:\/\/antoniomartinezclinicadental.com\/contact\/"},"modified":"2025-11-18T23:24:57","modified_gmt":"2025-11-18T23:24:57","slug":"contact","status":"publish","type":"page","link":"https:\/\/antoniomartinezclinicadental.com\/en\/contact\/","title":{"rendered":"Contact"},"content":{"rendered":"\t\t<div data-elementor-type=\"wp-page\" data-elementor-id=\"13172\" class=\"elementor elementor-13172 elementor-61\" data-elementor-post-type=\"page\">\n\t\t\t\t<div class=\"elementor-element elementor-element-5127da3 e-grid e-con-boxed e-con e-parent\" data-id=\"5127da3\" data-element_type=\"container\">\n\t\t\t\t\t<div class=\"e-con-inner\">\n\t\t<div class=\"elementor-element elementor-element-b95f634 e-grid e-con-full e-con e-child\" data-id=\"b95f634\" data-element_type=\"container\">\n\t\t<div class=\"elementor-element elementor-element-4e55285 e-con-full e-flex e-con e-child\" data-id=\"4e55285\" data-element_type=\"container\">\n\t\t\t\t<div class=\"elementor-element elementor-element-52bc799 elementor-widget__width-initial elementor-widget elementor-widget-text-editor\" data-id=\"52bc799\" data-element_type=\"widget\" data-widget_type=\"text-editor.default\">\n\t\t\t\t<div class=\"elementor-widget-container\">\n\t\t\t\t\t\t\t\t\t<h1 style=\"text-align: center;\"><em><strong>Antonio Martinez Dental Clinic<\/strong><\/em><\/h1><p style=\"text-align: center;\">Don&#8217;t wait any longer, make your appointment today at Cl\u00ednica Dental Antonio Mart\u00ednez!<\/p>\t\t\t\t\t\t\t\t<\/div>\n\t\t\t\t<\/div>\n\t\t<div class=\"elementor-element elementor-element-caeeb9c e-con-full e-flex e-con e-child\" data-id=\"caeeb9c\" data-element_type=\"container\">\n\t\t\t\t<div class=\"elementor-element elementor-element-d0b937f elementor-align-left elementor-widget__width-initial elementor-mobile-align-center elementor-widget-tablet__width-initial elementor-tablet_extra-align-left elementor-tablet-align-center elementor-widget-tablet_extra__width-initial elementor-widget elementor-widget-button\" data-id=\"d0b937f\" data-element_type=\"widget\" data-widget_type=\"button.default\">\n\t\t\t\t<div class=\"elementor-widget-container\">\n\t\t\t\t\t\t\t\t\t<div class=\"elementor-button-wrapper\">\n\t\t\t\t\t<a class=\"elementor-button elementor-button-link elementor-size-sm\" href=\"https:\/\/maps.app.goo.gl\/DxnKhzUbq5vmMX4Z8\" target=\"_blank\">\n\t\t\t\t\t\t<span class=\"elementor-button-content-wrapper\">\n\t\t\t\t\t\t<span class=\"elementor-button-icon\">\n\t\t\t\t<svg aria-hidden=\"true\" class=\"e-font-icon-svg e-fas-map-marker-alt\" viewBox=\"0 0 384 512\" xmlns=\"http:\/\/www.w3.org\/2000\/svg\"><path d=\"M172.268 501.67C26.97 291.031 0 269.413 0 192 0 85.961 85.961 0 192 0s192 85.961 192 192c0 77.413-26.97 99.031-172.268 309.67-9.535 13.774-29.93 13.773-39.464 0zM192 272c44.183 0 80-35.817 80-80s-35.817-80-80-80-80 35.817-80 80 35.817 80 80 80z\"><\/path><\/svg>\t\t\t<\/span>\n\t\t\t\t\t\t\t\t\t<span class=\"elementor-button-text\">How to get there<\/span>\n\t\t\t\t\t<\/span>\n\t\t\t\t\t<\/a>\n\t\t\t\t<\/div>\n\t\t\t\t\t\t\t\t<\/div>\n\t\t\t\t<\/div>\n\t\t\t\t<div class=\"elementor-element elementor-element-4359e4b elementor-align-right elementor-widget__width-initial elementor-tablet_extra-align-right elementor-tablet-align-center elementor-mobile-align-center elementor-widget-tablet_extra__width-initial elementor-widget-tablet__width-initial elementor-widget-mobile__width-initial elementor-widget elementor-widget-button\" data-id=\"4359e4b\" data-element_type=\"widget\" data-widget_type=\"button.default\">\n\t\t\t\t<div class=\"elementor-widget-container\">\n\t\t\t\t\t\t\t\t\t<div class=\"elementor-button-wrapper\">\n\t\t\t\t\t<a class=\"elementor-button elementor-button-link elementor-size-sm\" href=\"tel:+34692978801\">\n\t\t\t\t\t\t<span class=\"elementor-button-content-wrapper\">\n\t\t\t\t\t\t<span class=\"elementor-button-icon\">\n\t\t\t\t<svg aria-hidden=\"true\" class=\"e-font-icon-svg e-fas-phone-volume\" viewBox=\"0 0 384 512\" xmlns=\"http:\/\/www.w3.org\/2000\/svg\"><path d=\"M97.333 506.966c-129.874-129.874-129.681-340.252 0-469.933 5.698-5.698 14.527-6.632 21.263-2.422l64.817 40.513a17.187 17.187 0 0 1 6.849 20.958l-32.408 81.021a17.188 17.188 0 0 1-17.669 10.719l-55.81-5.58c-21.051 58.261-20.612 122.471 0 179.515l55.811-5.581a17.188 17.188 0 0 1 17.669 10.719l32.408 81.022a17.188 17.188 0 0 1-6.849 20.958l-64.817 40.513a17.19 17.19 0 0 1-21.264-2.422zM247.126 95.473c11.832 20.047 11.832 45.008 0 65.055-3.95 6.693-13.108 7.959-18.718 2.581l-5.975-5.726c-3.911-3.748-4.793-9.622-2.261-14.41a32.063 32.063 0 0 0 0-29.945c-2.533-4.788-1.65-10.662 2.261-14.41l5.975-5.726c5.61-5.378 14.768-4.112 18.718 2.581zm91.787-91.187c60.14 71.604 60.092 175.882 0 247.428-4.474 5.327-12.53 5.746-17.552.933l-5.798-5.557c-4.56-4.371-4.977-11.529-.93-16.379 49.687-59.538 49.646-145.933 0-205.422-4.047-4.85-3.631-12.008.93-16.379l5.798-5.557c5.022-4.813 13.078-4.394 17.552.933zm-45.972 44.941c36.05 46.322 36.108 111.149 0 157.546-4.39 5.641-12.697 6.251-17.856 1.304l-5.818-5.579c-4.4-4.219-4.998-11.095-1.285-15.931 26.536-34.564 26.534-82.572 0-117.134-3.713-4.836-3.115-11.711 1.285-15.931l5.818-5.579c5.159-4.947 13.466-4.337 17.856 1.304z\"><\/path><\/svg>\t\t\t<\/span>\n\t\t\t\t\t\t\t\t\t<span class=\"elementor-button-text\">Call<\/span>\n\t\t\t\t\t<\/span>\n\t\t\t\t\t<\/a>\n\t\t\t\t<\/div>\n\t\t\t\t\t\t\t\t<\/div>\n\t\t\t\t<\/div>\n\t\t\t\t<\/div>\n\t\t<div class=\"elementor-element elementor-element-5c67f66 e-con-full e-flex e-con e-child\" data-id=\"5c67f66\" data-element_type=\"container\">\n\t\t\t\t<div class=\"elementor-element elementor-element-6a6f8f5 elementor-widget-mobile__width-initial elementor-widget elementor-widget-text-editor\" data-id=\"6a6f8f5\" data-element_type=\"widget\" data-widget_type=\"text-editor.default\">\n\t\t\t\t<div class=\"elementor-widget-container\">\n\t\t\t\t\t\t\t\t\t<p style=\"font-family: Raleway, sans-serif; color: #1a3d4d;\"><strong style=\"text-decoration: underline;\">Address<\/strong><\/p><p style=\"font-family: Raleway, sans-serif; color: #1a3d4d;\">C. Cam. de M\u00e1laga, 9, 29700 V\u00e9lez-M\u00e1laga, M\u00e1laga <\/p><p style=\"font-family: Raleway, sans-serif; color: #1a3d4d;\"><strong style=\"text-decoration: underline;\">Schedules<\/strong><\/p><p style=\"font-family: Raleway, sans-serif; color: #1a3d4d;\">Monday to Friday: 9:00-13:00, 16:00-20:00<\/p><p style=\"font-family: Raleway, sans-serif; color: #1a3d4d;\"><strong style=\"text-decoration: underline;\">Phone<\/strong><\/p><p style=\"font-family: Raleway, sans-serif; color: #1a3d4d; display: inline;\"><a style=\"text-decoration: underline; color: #007bff;\" href=\"tel:692978801\">692978801<\/a><\/p><p><span style=\"font-family: Raleway, sans-serif; color: #1a3d4d; margin: 0 10px;\">&#8211;<\/span><\/p><p style=\"font-family: Raleway, sans-serif; color: #1a3d4d; display: inline;\"><a style=\"text-decoration: underline; color: #007bff;\" href=\"tel:952506525\">952506525<\/a><\/p>\t\t\t\t\t\t\t\t<\/div>\n\t\t\t\t<\/div>\n\t\t\t\t<\/div>\n\t\t\t\t<\/div>\n\t\t\t\t<\/div>\n\t\t\t\t<div class=\"elementor-element elementor-element-33dc4d6 elementor-widget elementor-widget-google_maps\" data-id=\"33dc4d6\" data-element_type=\"widget\" data-widget_type=\"google_maps.default\">\n\t\t\t\t<div class=\"elementor-widget-container\">\n\t\t\t\t\t\t\t<div class=\"elementor-custom-embed\">\n\t\t\t<iframe loading=\"lazy\"\n\t\t\t\t\tsrc=\"https:\/\/maps.google.com\/maps?q=Clinica%20Dental%20Antonio%20Martinez%2C%20C.%20Cam.%20de%20M%C3%A1laga%2C%209%2C%2029700%20V%C3%A9lez-M%C3%A1laga%2C%20M%C3%A1laga&#038;t=m&#038;z=12&#038;output=embed&#038;iwloc=near\"\n\t\t\t\t\ttitle=\"Clinica Dental Antonio Martinez, C. Cam. de M\u00e1laga, 9, 29700 V\u00e9lez-M\u00e1laga, M\u00e1laga\"\n\t\t\t\t\taria-label=\"Clinica Dental Antonio Martinez, C. Cam. de M\u00e1laga, 9, 29700 V\u00e9lez-M\u00e1laga, M\u00e1laga\"\n\t\t\t><\/iframe>\n\t\t<\/div>\n\t\t\t\t\t\t<\/div>\n\t\t\t\t<\/div>\n\t\t\t\t\t<\/div>\n\t\t\t\t<\/div>\n\t\t\t\t<\/div>\n\t\t","protected":false},"excerpt":{"rendered":"<p>Antonio Martinez Dental Clinic Don&#8217;t wait any longer, make your appointment today at Cl\u00ednica Dental Antonio Mart\u00ednez! How to get there Call Address C. Cam. de M\u00e1laga, 9, 29700 V\u00e9lez-M\u00e1laga, M\u00e1laga Schedules Monday to Friday: 9:00-13:00, 16:00-20:00 Phone 692978801 &#8211; 952506525<\/p>\n","protected":false},"author":1,"featured_media":13006,"parent":0,"menu_order":0,"comment_status":"closed","ping_status":"closed","template":"","meta":{"footnotes":""},"class_list":["post-13172","page","type-page","status-publish","has-post-thumbnail","hentry"],"yoast_head":"<!-- This site is optimized with the Yoast SEO plugin v26.8 - https:\/\/yoast.com\/product\/yoast-seo-wordpress\/ -->\n<title>Cl\u00ednica Dental Antonio Mart\u00ednez \ud83e\uddb7 Contact \ud83d\udcde<\/title>\n<meta name=\"description\" content=\"Dental Clinic Antonio Martinez, dentist in Velez-Malaga. Experts in oral health. Make your appointment today and look a perfect smile.\" \/>\n<meta name=\"robots\" content=\"index, follow, max-snippet:-1, max-image-preview:large, max-video-preview:-1\" \/>\n<link rel=\"canonical\" href=\"https:\/\/antoniomartinezclinicadental.com\/en\/contact\/\" \/>\n<meta property=\"og:locale\" content=\"en_US\" \/>\n<meta property=\"og:type\" content=\"article\" \/>\n<meta property=\"og:title\" content=\"Cl\u00ednica Dental Antonio Mart\u00ednez \ud83e\uddb7 Contact \ud83d\udcde\" \/>\n<meta property=\"og:description\" content=\"Dental Clinic Antonio Martinez, dentist in Velez-Malaga. Experts in oral health. Make your appointment today and look a perfect smile.\" \/>\n<meta property=\"og:url\" content=\"https:\/\/antoniomartinezclinicadental.com\/en\/contact\/\" \/>\n<meta property=\"og:site_name\" content=\"Antonio Martinez Cl\u00ednica Dental\" \/>\n<meta property=\"article:publisher\" content=\"https:\/\/www.facebook.com\/p\/Clinica-Dental-Antonio-Martinez-100066372022427\/?locale=es_ES\" \/>\n<meta property=\"article:modified_time\" content=\"2025-11-18T23:24:57+00:00\" \/>\n<meta property=\"og:image\" content=\"https:\/\/antoniomartinezclinicadental.com\/wp-content\/uploads\/2025\/10\/FotoInicio-con-corbata.png\" \/>\n\t<meta property=\"og:image:width\" content=\"1248\" \/>\n\t<meta property=\"og:image:height\" content=\"832\" \/>\n\t<meta property=\"og:image:type\" content=\"image\/png\" \/>\n<meta name=\"twitter:card\" content=\"summary_large_image\" \/>\n<script type=\"application\/ld+json\" class=\"yoast-schema-graph\">{\"@context\":\"https:\/\/schema.org\",\"@graph\":[{\"@type\":\"WebPage\",\"@id\":\"https:\/\/antoniomartinezclinicadental.com\/en\/contact\/\",\"url\":\"https:\/\/antoniomartinezclinicadental.com\/en\/contact\/\",\"name\":\"Cl\u00ednica Dental Antonio Mart\u00ednez \ud83e\uddb7 Contact \ud83d\udcde\",\"isPartOf\":{\"@id\":\"https:\/\/antoniomartinezclinicadental.com\/en\/#website\"},\"primaryImageOfPage\":{\"@id\":\"https:\/\/antoniomartinezclinicadental.com\/en\/contact\/#primaryimage\"},\"image\":{\"@id\":\"https:\/\/antoniomartinezclinicadental.com\/en\/contact\/#primaryimage\"},\"thumbnailUrl\":\"https:\/\/antoniomartinezclinicadental.com\/wp-content\/uploads\/2025\/10\/FotoInicio-con-corbata.png\",\"datePublished\":\"2024-11-22T11:37:00+00:00\",\"dateModified\":\"2025-11-18T23:24:57+00:00\",\"description\":\"Dental Clinic Antonio Martinez, dentist in Velez-Malaga. Experts in oral health. Make your appointment today and look a perfect smile.\",\"breadcrumb\":{\"@id\":\"https:\/\/antoniomartinezclinicadental.com\/en\/contact\/#breadcrumb\"},\"inLanguage\":\"en-US\",\"potentialAction\":[{\"@type\":\"ReadAction\",\"target\":[\"https:\/\/antoniomartinezclinicadental.com\/en\/contact\/\"]}]},{\"@type\":\"ImageObject\",\"inLanguage\":\"en-US\",\"@id\":\"https:\/\/antoniomartinezclinicadental.com\/en\/contact\/#primaryimage\",\"url\":\"https:\/\/antoniomartinezclinicadental.com\/wp-content\/uploads\/2025\/10\/FotoInicio-con-corbata.png\",\"contentUrl\":\"https:\/\/antoniomartinezclinicadental.com\/wp-content\/uploads\/2025\/10\/FotoInicio-con-corbata.png\",\"width\":1248,\"height\":832,\"caption\":\"Antonio Martinez Dental Clinic V\u00e9lez -M\u00e1laga\"},{\"@type\":\"BreadcrumbList\",\"@id\":\"https:\/\/antoniomartinezclinicadental.com\/en\/contact\/#breadcrumb\",\"itemListElement\":[{\"@type\":\"ListItem\",\"position\":1,\"name\":\"Home\",\"item\":\"https:\/\/antoniomartinezclinicadental.com\/en\/\"},{\"@type\":\"ListItem\",\"position\":2,\"name\":\"Contact\"}]},{\"@type\":\"WebSite\",\"@id\":\"https:\/\/antoniomartinezclinicadental.com\/en\/#website\",\"url\":\"https:\/\/antoniomartinezclinicadental.com\/en\/\",\"name\":\"Antonio Martinez Cl\u00ednica Dental\",\"description\":\"Dentista en V\u00e9lez-M\u00e1laga\",\"publisher\":{\"@id\":\"https:\/\/antoniomartinezclinicadental.com\/en\/#organization\"},\"potentialAction\":[{\"@type\":\"SearchAction\",\"target\":{\"@type\":\"EntryPoint\",\"urlTemplate\":\"https:\/\/antoniomartinezclinicadental.com\/en\/?s={search_term_string}\"},\"query-input\":{\"@type\":\"PropertyValueSpecification\",\"valueRequired\":true,\"valueName\":\"search_term_string\"}}],\"inLanguage\":\"en-US\"},{\"@type\":\"Organization\",\"@id\":\"https:\/\/antoniomartinezclinicadental.com\/en\/#organization\",\"name\":\"Antonio Martinez Cl\u00ednica Dental\",\"url\":\"https:\/\/antoniomartinezclinicadental.com\/en\/\",\"logo\":{\"@type\":\"ImageObject\",\"inLanguage\":\"en-US\",\"@id\":\"https:\/\/antoniomartinezclinicadental.com\/en\/#\/schema\/logo\/image\/\",\"url\":\"https:\/\/antoniomartinezclinicadental.com\/wp-content\/uploads\/2025\/02\/logosinfondo.webp\",\"contentUrl\":\"https:\/\/antoniomartinezclinicadental.com\/wp-content\/uploads\/2025\/02\/logosinfondo.webp\",\"width\":533,\"height\":69,\"caption\":\"Antonio Martinez Cl\u00ednica Dental\"},\"image\":{\"@id\":\"https:\/\/antoniomartinezclinicadental.com\/en\/#\/schema\/logo\/image\/\"},\"sameAs\":[\"https:\/\/www.facebook.com\/p\/Clinica-Dental-Antonio-Martinez-100066372022427\/?locale=es_ES\",\"https:\/\/www.instagram.com\/antoniomartinezclinicadental\/?igsh=MTI2OGtxaDhweHJnbA#\"]}]}<\/script>\n<!-- \/ Yoast SEO plugin. -->","yoast_head_json":{"title":"Cl\u00ednica Dental Antonio Mart\u00ednez \ud83e\uddb7 Contact \ud83d\udcde","description":"Dental Clinic Antonio Martinez, dentist in Velez-Malaga. Experts in oral health. Make your appointment today and look a perfect smile.","robots":{"index":"index","follow":"follow","max-snippet":"max-snippet:-1","max-image-preview":"max-image-preview:large","max-video-preview":"max-video-preview:-1"},"canonical":"https:\/\/antoniomartinezclinicadental.com\/en\/contact\/","og_locale":"en_US","og_type":"article","og_title":"Cl\u00ednica Dental Antonio Mart\u00ednez \ud83e\uddb7 Contact \ud83d\udcde","og_description":"Dental Clinic Antonio Martinez, dentist in Velez-Malaga. Experts in oral health. Make your appointment today and look a perfect smile.","og_url":"https:\/\/antoniomartinezclinicadental.com\/en\/contact\/","og_site_name":"Antonio Martinez Cl\u00ednica Dental","article_publisher":"https:\/\/www.facebook.com\/p\/Clinica-Dental-Antonio-Martinez-100066372022427\/?locale=es_ES","article_modified_time":"2025-11-18T23:24:57+00:00","og_image":[{"width":1248,"height":832,"url":"https:\/\/antoniomartinezclinicadental.com\/wp-content\/uploads\/2025\/10\/FotoInicio-con-corbata.png","type":"image\/png"}],"twitter_card":"summary_large_image","schema":{"@context":"https:\/\/schema.org","@graph":[{"@type":"WebPage","@id":"https:\/\/antoniomartinezclinicadental.com\/en\/contact\/","url":"https:\/\/antoniomartinezclinicadental.com\/en\/contact\/","name":"Cl\u00ednica Dental Antonio Mart\u00ednez \ud83e\uddb7 Contact \ud83d\udcde","isPartOf":{"@id":"https:\/\/antoniomartinezclinicadental.com\/en\/#website"},"primaryImageOfPage":{"@id":"https:\/\/antoniomartinezclinicadental.com\/en\/contact\/#primaryimage"},"image":{"@id":"https:\/\/antoniomartinezclinicadental.com\/en\/contact\/#primaryimage"},"thumbnailUrl":"https:\/\/antoniomartinezclinicadental.com\/wp-content\/uploads\/2025\/10\/FotoInicio-con-corbata.png","datePublished":"2024-11-22T11:37:00+00:00","dateModified":"2025-11-18T23:24:57+00:00","description":"Dental Clinic Antonio Martinez, dentist in Velez-Malaga. Experts in oral health. Make your appointment today and look a perfect smile.","breadcrumb":{"@id":"https:\/\/antoniomartinezclinicadental.com\/en\/contact\/#breadcrumb"},"inLanguage":"en-US","potentialAction":[{"@type":"ReadAction","target":["https:\/\/antoniomartinezclinicadental.com\/en\/contact\/"]}]},{"@type":"ImageObject","inLanguage":"en-US","@id":"https:\/\/antoniomartinezclinicadental.com\/en\/contact\/#primaryimage","url":"https:\/\/antoniomartinezclinicadental.com\/wp-content\/uploads\/2025\/10\/FotoInicio-con-corbata.png","contentUrl":"https:\/\/antoniomartinezclinicadental.com\/wp-content\/uploads\/2025\/10\/FotoInicio-con-corbata.png","width":1248,"height":832,"caption":"Antonio Martinez Dental Clinic V\u00e9lez -M\u00e1laga"},{"@type":"BreadcrumbList","@id":"https:\/\/antoniomartinezclinicadental.com\/en\/contact\/#breadcrumb","itemListElement":[{"@type":"ListItem","position":1,"name":"Home","item":"https:\/\/antoniomartinezclinicadental.com\/en\/"},{"@type":"ListItem","position":2,"name":"Contact"}]},{"@type":"WebSite","@id":"https:\/\/antoniomartinezclinicadental.com\/en\/#website","url":"https:\/\/antoniomartinezclinicadental.com\/en\/","name":"Antonio Martinez Cl\u00ednica Dental","description":"Dentista en V\u00e9lez-M\u00e1laga","publisher":{"@id":"https:\/\/antoniomartinezclinicadental.com\/en\/#organization"},"potentialAction":[{"@type":"SearchAction","target":{"@type":"EntryPoint","urlTemplate":"https:\/\/antoniomartinezclinicadental.com\/en\/?s={search_term_string}"},"query-input":{"@type":"PropertyValueSpecification","valueRequired":true,"valueName":"search_term_string"}}],"inLanguage":"en-US"},{"@type":"Organization","@id":"https:\/\/antoniomartinezclinicadental.com\/en\/#organization","name":"Antonio Martinez Cl\u00ednica Dental","url":"https:\/\/antoniomartinezclinicadental.com\/en\/","logo":{"@type":"ImageObject","inLanguage":"en-US","@id":"https:\/\/antoniomartinezclinicadental.com\/en\/#\/schema\/logo\/image\/","url":"https:\/\/antoniomartinezclinicadental.com\/wp-content\/uploads\/2025\/02\/logosinfondo.webp","contentUrl":"https:\/\/antoniomartinezclinicadental.com\/wp-content\/uploads\/2025\/02\/logosinfondo.webp","width":533,"height":69,"caption":"Antonio Martinez Cl\u00ednica Dental"},"image":{"@id":"https:\/\/antoniomartinezclinicadental.com\/en\/#\/schema\/logo\/image\/"},"sameAs":["https:\/\/www.facebook.com\/p\/Clinica-Dental-Antonio-Martinez-100066372022427\/?locale=es_ES","https:\/\/www.instagram.com\/antoniomartinezclinicadental\/?igsh=MTI2OGtxaDhweHJnbA#"]}]}},"_links":{"self":[{"href":"https:\/\/antoniomartinezclinicadental.com\/en\/wp-json\/wp\/v2\/pages\/13172","targetHints":{"allow":["GET"]}}],"collection":[{"href":"https:\/\/antoniomartinezclinicadental.com\/en\/wp-json\/wp\/v2\/pages"}],"about":[{"href":"https:\/\/antoniomartinezclinicadental.com\/en\/wp-json\/wp\/v2\/types\/page"}],"author":[{"embeddable":true,"href":"https:\/\/antoniomartinezclinicadental.com\/en\/wp-json\/wp\/v2\/users\/1"}],"replies":[{"embeddable":true,"href":"https:\/\/antoniomartinezclinicadental.com\/en\/wp-json\/wp\/v2\/comments?post=13172"}],"version-history":[{"count":1,"href":"https:\/\/antoniomartinezclinicadental.com\/en\/wp-json\/wp\/v2\/pages\/13172\/revisions"}],"predecessor-version":[{"id":13173,"href":"https:\/\/antoniomartinezclinicadental.com\/en\/wp-json\/wp\/v2\/pages\/13172\/revisions\/13173"}],"wp:featuredmedia":[{"embeddable":true,"href":"https:\/\/antoniomartinezclinicadental.com\/en\/wp-json\/wp\/v2\/media\/13006"}],"wp:attachment":[{"href":"https:\/\/antoniomartinezclinicadental.com\/en\/wp-json\/wp\/v2\/media?parent=13172"}],"curies":[{"name":"wp","href":"https:\/\/api.w.org\/{rel}","templated":true}]}}