{"id":13659,"date":"2024-11-23T17:45:01","date_gmt":"2024-11-23T17:45:01","guid":{"rendered":"https:\/\/antoniomartinezclinicadental.com\/datenschutz\/"},"modified":"2025-11-19T13:39:38","modified_gmt":"2025-11-19T13:39:38","slug":"datenschutz","status":"publish","type":"page","link":"https:\/\/antoniomartinezclinicadental.com\/de\/datenschutz\/","title":{"rendered":"Datenschutz"},"content":{"rendered":"\t\t<div data-elementor-type=\"wp-page\" data-elementor-id=\"13659\" class=\"elementor elementor-13659 elementor-398\" data-elementor-post-type=\"page\">\n\t\t\t\t<div class=\"elementor-element elementor-element-781416f e-grid e-con-boxed e-con e-parent\" data-id=\"781416f\" data-element_type=\"container\" data-e-type=\"container\" data-settings=\"{&quot;background_background&quot;:&quot;classic&quot;}\">\n\t\t\t\t\t<div class=\"e-con-inner\">\n\t\t\t\t<div class=\"elementor-element elementor-element-d086fe7 elementor-widget elementor-widget-text-editor\" data-id=\"d086fe7\" data-element_type=\"widget\" data-e-type=\"widget\" data-widget_type=\"text-editor.default\">\n\t\t\t\t<div class=\"elementor-widget-container\">\n\t\t\t\t\t\t\t\t\t<h1>Datenschutzbestimmungen<\/h1>\t\t\t\t\t\t\t\t<\/div>\n\t\t\t\t<\/div>\n\t\t\t\t\t<\/div>\n\t\t\t\t<\/div>\n\t\t<div class=\"elementor-element elementor-element-59e00dd e-flex e-con-boxed e-con e-parent\" data-id=\"59e00dd\" data-element_type=\"container\" data-e-type=\"container\">\n\t\t\t\t\t<div class=\"e-con-inner\">\n\t\t\t\t<div class=\"elementor-element elementor-element-b713d4b elementor-widget elementor-widget-text-editor\" data-id=\"b713d4b\" data-element_type=\"widget\" data-e-type=\"widget\" data-widget_type=\"text-editor.default\">\n\t\t\t\t<div class=\"elementor-widget-container\">\n\t\t\t\t\t\t\t\t\t<p>Gem\u00e4\u00df den Bestimmungen von Artikel 10 des Gesetzes 34\/2002 \u00fcber die Dienste der Informationsgesellschaft und den elektronischen Handel informieren wir alle unsere Kunden, Benutzer und Besucher \u00fcber die rechtlichen Informationen \u00fcber das Unternehmen, das Eigent\u00fcmer der Website unter der Internetadresse ist:<br><strong><a href=\"http:\/\/www.antonioantoniomartinezdental.com\" target=\"_new\" rel=\"noopener\">www.antonioantoniomartinezdental.com<\/a><\/strong><\/p><ul><li><strong>Name des Unternehmens<\/strong>: JOS\u00c9 ANTONIO MART\u00cdNEZ FORTES<\/li><li><strong>Adresse<\/strong>: C. Cam de M\u00e1laga, 9, 29700 V\u00e9lez-M\u00e1laga, M\u00e1laga<\/li><li><strong>Steueridentifikationsnummer (C.I.F.)<\/strong>: 53154357V<\/li><li><strong>A.I.C.I.N.<\/strong>: 31342<\/li><\/ul><p> <\/p><p>Jegliche Kommunikation mit <strong><a href=\"http:\/\/www.antonioantoniomartinezdental.com\" target=\"_new\" rel=\"noopener\">www.antonioantoniomartinezdental.com<\/a><\/strong> auf jeglichem Weg oder \u00fcber Ihre E-Mail-Adresse oder das Formular auf dieser Website bedeutet die ausdr\u00fcckliche Zustimmung zur Aufnahme Ihrer pers\u00f6nlichen Daten in die Dateien von <strong>JOS\u00c9 ANTONIO MART\u00cdNEZ FORTES<\/strong>, deren Adresse C. Cam de M\u00e1laga, 9, 29700 V\u00e9lez-M\u00e1laga, (M\u00c1LAGA) lautet.<\/p><p>In \u00dcbereinstimmung mit den Bestimmungen der EU-Datenschutzgrundverordnung (2016\/679) informieren wir die Nutzer dar\u00fcber, dass die personenbezogenen Daten, die sie uns freiwillig \u00fcber eines unserer Mittel zur Informationserfassung zur Verf\u00fcgung stellen, in die automatisierte Verarbeitung personenbezogener Daten im Besitz von <strong>JOS\u00c9 ANTONIO MART\u00cdNEZ FORTES<\/strong> einflie\u00dfen, um unsere Dienstleistungen zu erbringen und um \u00fcber Fragen im Zusammenhang mit der T\u00e4tigkeit des Unternehmens und seinen Dienstleistungen informiert zu werden.<\/p><p><strong>JOS\u00c9 ANTONIO MART\u00cdNEZ FORTES<\/strong> h\u00e4lt sich vollst\u00e4ndig an die geltende Gesetzgebung zum Schutz personenbezogener Daten und an die Vertraulichkeitsverpflichtungen, die mit seiner T\u00e4tigkeit verbunden sind.<\/p><p><strong>JOS\u00c9 ANTONIO MART\u00cdNEZ FORTES<\/strong> hat die notwendigen technischen Ma\u00dfnahmen ergriffen, um das erforderliche Sicherheitsniveau entsprechend der Art der verarbeiteten personenbezogenen Daten und der Umst\u00e4nde der Verarbeitung aufrechtzuerhalten, mit dem Ziel, soweit wie m\u00f6glich und immer nach dem Stand der Technik, deren Ver\u00e4nderung, Verlust, unbefugte Verarbeitung oder Zugriff zu vermeiden. Zur Durchf\u00fchrung der vorgenannten Verwaltung kann es erforderlich sein, die Daten an Datenverarbeiter und \u00f6ffentliche Verwaltungen (die die Richtigkeit der Daten \u00fcberpr\u00fcfen k\u00f6nnen) zu \u00fcbermitteln. <\/p><p>F\u00fcr den Fall, dass der BENUTZER personenbezogene Daten zur Verf\u00fcgung stellt, die sich auf andere nat\u00fcrliche Personen als ihn selbst beziehen, muss er diese vor der Aufnahme in \u00dcbereinstimmung mit den Bestimmungen der Allgemeinen Datenschutzverordnung (EU) 2016\/679 \u00fcber den Inhalt dieser Klausel informieren.<\/p><p><strong>JOS\u00c9 ANTONIO MART\u00cdNEZ FORTES<\/strong> als Verantwortlicher f\u00fcr die Verarbeitungst\u00e4tigkeit garantiert die Aus\u00fcbung der Rechte auf Zugang, Berichtigung, L\u00f6schung, Einschr\u00e4nkung, Widerspruch und \u00dcbertragbarkeit der bereitgestellten Daten gem\u00e4\u00df den Bestimmungen der Allgemeinen Datenschutzverordnung 2016\/679. Der BENUTZER kann diese Rechte jederzeit aus\u00fcben, indem er sich schriftlich an den Firmensitz wendet und eine Kopie seines Personalausweises oder Reisepasses beif\u00fcgt. <\/p><p><strong>JOS\u00c9 ANTONIO MART\u00cdNEZ FORTES<\/strong> garantiert, dass alle an seine Kunden gesendeten kommerziellen Mitteilungen der geltenden Gesetzgebung entsprechen.<\/p><p>Daher informiert <strong>JOS\u00c9 ANTONIO MART\u00cdNEZ FORTES<\/strong> den BENUTZER gem\u00e4\u00df dem Gesetz 34\/2002 \u00fcber die Dienste der Informationsgesellschaft und den elektronischen Gesch\u00e4ftsverkehr sowie dem Gesetz 9\/2014 \u00fcber die allgemeine Telekommunikation dar\u00fcber, dass er zuvor auf elektronischem Wege Informationen \u00fcber Produkte oder Dienstleistungen anfordert, die f\u00fcr ihn von Interesse sind und zu denen er seine Zustimmung gibt.<\/p><p>Sie k\u00f6nnen diese Erm\u00e4chtigung jederzeit unter der folgenden Adresse widerrufen <strong><a rel=\"noopener\">info@antonioantoniomartinezdental.com<\/a><\/strong>.<\/p>\t\t\t\t\t\t\t\t<\/div>\n\t\t\t\t<\/div>\n\t\t\t\t\t<\/div>\n\t\t\t\t<\/div>\n\t\t\t\t<\/div>\n\t\t","protected":false},"excerpt":{"rendered":"<p>Datenschutzbestimmungen Gem\u00e4\u00df den Bestimmungen von Artikel 10 des Gesetzes 34\/2002 \u00fcber die Dienste der Informationsgesellschaft und den elektronischen Handel informieren wir alle unsere Kunden, Benutzer und Besucher \u00fcber die rechtlichen Informationen \u00fcber das Unternehmen, das Eigent\u00fcmer der Website unter der Internetadresse ist:www.antonioantoniomartinezdental.com Name des Unternehmens: JOS\u00c9 ANTONIO MART\u00cdNEZ FORTES Adresse: C. Cam de M\u00e1laga, 9, [&hellip;]<\/p>\n","protected":false},"author":1,"featured_media":0,"parent":0,"menu_order":0,"comment_status":"closed","ping_status":"closed","template":"","meta":{"footnotes":""},"class_list":["post-13659","page","type-page","status-publish","hentry"],"yoast_head":"<!-- This site is optimized with the Yoast SEO plugin v27.4 - https:\/\/yoast.com\/product\/yoast-seo-wordpress\/ -->\n<title>Datenschutz - Antonio Martinez Cl\u00ednica Dental<\/title>\n<meta name=\"robots\" content=\"index, follow, max-snippet:-1, max-image-preview:large, max-video-preview:-1\" \/>\n<link rel=\"canonical\" href=\"https:\/\/antoniomartinezclinicadental.com\/de\/datenschutz\/\" \/>\n<meta property=\"og:locale\" content=\"de_DE\" \/>\n<meta property=\"og:type\" content=\"article\" \/>\n<meta property=\"og:title\" content=\"Datenschutz - Antonio Martinez Cl\u00ednica Dental\" \/>\n<meta property=\"og:description\" content=\"Datenschutzbestimmungen Gem\u00e4\u00df den Bestimmungen von Artikel 10 des Gesetzes 34\/2002 \u00fcber die Dienste der Informationsgesellschaft und den elektronischen Handel informieren wir alle unsere Kunden, Benutzer und Besucher \u00fcber die rechtlichen Informationen \u00fcber das Unternehmen, das Eigent\u00fcmer der Website unter der Internetadresse ist:www.antonioantoniomartinezdental.com Name des Unternehmens: JOS\u00c9 ANTONIO MART\u00cdNEZ FORTES Adresse: C. Cam de M\u00e1laga, 9, [&hellip;]\" \/>\n<meta property=\"og:url\" content=\"https:\/\/antoniomartinezclinicadental.com\/de\/datenschutz\/\" \/>\n<meta property=\"og:site_name\" content=\"Antonio Martinez Cl\u00ednica Dental\" \/>\n<meta property=\"article:publisher\" content=\"https:\/\/www.facebook.com\/p\/Clinica-Dental-Antonio-Martinez-100066372022427\/?locale=es_ES\" \/>\n<meta property=\"article:modified_time\" content=\"2025-11-19T13:39:38+00:00\" \/>\n<meta name=\"twitter:card\" content=\"summary_large_image\" \/>\n<meta name=\"twitter:label1\" content=\"Gesch\u00e4tzte Lesezeit\" \/>\n\t<meta name=\"twitter:data1\" content=\"2\u00a0Minuten\" \/>\n<script type=\"application\/ld+json\" class=\"yoast-schema-graph\">{\"@context\":\"https:\\\/\\\/schema.org\",\"@graph\":[{\"@type\":\"WebPage\",\"@id\":\"https:\\\/\\\/antoniomartinezclinicadental.com\\\/de\\\/datenschutz\\\/\",\"url\":\"https:\\\/\\\/antoniomartinezclinicadental.com\\\/de\\\/datenschutz\\\/\",\"name\":\"Datenschutz - Antonio Martinez Cl\u00ednica Dental\",\"isPartOf\":{\"@id\":\"https:\\\/\\\/antoniomartinezclinicadental.com\\\/de\\\/#website\"},\"datePublished\":\"2024-11-23T17:45:01+00:00\",\"dateModified\":\"2025-11-19T13:39:38+00:00\",\"breadcrumb\":{\"@id\":\"https:\\\/\\\/antoniomartinezclinicadental.com\\\/de\\\/datenschutz\\\/#breadcrumb\"},\"inLanguage\":\"de\",\"potentialAction\":[{\"@type\":\"ReadAction\",\"target\":[\"https:\\\/\\\/antoniomartinezclinicadental.com\\\/de\\\/datenschutz\\\/\"]}]},{\"@type\":\"BreadcrumbList\",\"@id\":\"https:\\\/\\\/antoniomartinezclinicadental.com\\\/de\\\/datenschutz\\\/#breadcrumb\",\"itemListElement\":[{\"@type\":\"ListItem\",\"position\":1,\"name\":\"Home\",\"item\":\"https:\\\/\\\/antoniomartinezclinicadental.com\\\/de\\\/\"},{\"@type\":\"ListItem\",\"position\":2,\"name\":\"Datenschutz\"}]},{\"@type\":\"WebSite\",\"@id\":\"https:\\\/\\\/antoniomartinezclinicadental.com\\\/de\\\/#website\",\"url\":\"https:\\\/\\\/antoniomartinezclinicadental.com\\\/de\\\/\",\"name\":\"Antonio Martinez Cl\u00ednica Dental\",\"description\":\"Dentista en V\u00e9lez-M\u00e1laga\",\"publisher\":{\"@id\":\"https:\\\/\\\/antoniomartinezclinicadental.com\\\/de\\\/#organization\"},\"potentialAction\":[{\"@type\":\"SearchAction\",\"target\":{\"@type\":\"EntryPoint\",\"urlTemplate\":\"https:\\\/\\\/antoniomartinezclinicadental.com\\\/de\\\/?s={search_term_string}\"},\"query-input\":{\"@type\":\"PropertyValueSpecification\",\"valueRequired\":true,\"valueName\":\"search_term_string\"}}],\"inLanguage\":\"de\"},{\"@type\":\"Organization\",\"@id\":\"https:\\\/\\\/antoniomartinezclinicadental.com\\\/de\\\/#organization\",\"name\":\"Antonio Martinez Cl\u00ednica Dental\",\"url\":\"https:\\\/\\\/antoniomartinezclinicadental.com\\\/de\\\/\",\"logo\":{\"@type\":\"ImageObject\",\"inLanguage\":\"de\",\"@id\":\"https:\\\/\\\/antoniomartinezclinicadental.com\\\/de\\\/#\\\/schema\\\/logo\\\/image\\\/\",\"url\":\"https:\\\/\\\/antoniomartinezclinicadental.com\\\/wp-content\\\/uploads\\\/2025\\\/02\\\/logosinfondo.webp\",\"contentUrl\":\"https:\\\/\\\/antoniomartinezclinicadental.com\\\/wp-content\\\/uploads\\\/2025\\\/02\\\/logosinfondo.webp\",\"width\":533,\"height\":69,\"caption\":\"Antonio Martinez Cl\u00ednica Dental\"},\"image\":{\"@id\":\"https:\\\/\\\/antoniomartinezclinicadental.com\\\/de\\\/#\\\/schema\\\/logo\\\/image\\\/\"},\"sameAs\":[\"https:\\\/\\\/www.facebook.com\\\/p\\\/Clinica-Dental-Antonio-Martinez-100066372022427\\\/?locale=es_ES\",\"https:\\\/\\\/www.instagram.com\\\/antoniomartinezclinicadental\\\/?igsh=MTI2OGtxaDhweHJnbA#\"]}]}<\/script>\n<!-- \/ Yoast SEO plugin. -->","yoast_head_json":{"title":"Datenschutz - Antonio Martinez Cl\u00ednica Dental","robots":{"index":"index","follow":"follow","max-snippet":"max-snippet:-1","max-image-preview":"max-image-preview:large","max-video-preview":"max-video-preview:-1"},"canonical":"https:\/\/antoniomartinezclinicadental.com\/de\/datenschutz\/","og_locale":"de_DE","og_type":"article","og_title":"Datenschutz - Antonio Martinez Cl\u00ednica Dental","og_description":"Datenschutzbestimmungen Gem\u00e4\u00df den Bestimmungen von Artikel 10 des Gesetzes 34\/2002 \u00fcber die Dienste der Informationsgesellschaft und den elektronischen Handel informieren wir alle unsere Kunden, Benutzer und Besucher \u00fcber die rechtlichen Informationen \u00fcber das Unternehmen, das Eigent\u00fcmer der Website unter der Internetadresse ist:www.antonioantoniomartinezdental.com Name des Unternehmens: JOS\u00c9 ANTONIO MART\u00cdNEZ FORTES Adresse: C. Cam de M\u00e1laga, 9, [&hellip;]","og_url":"https:\/\/antoniomartinezclinicadental.com\/de\/datenschutz\/","og_site_name":"Antonio Martinez Cl\u00ednica Dental","article_publisher":"https:\/\/www.facebook.com\/p\/Clinica-Dental-Antonio-Martinez-100066372022427\/?locale=es_ES","article_modified_time":"2025-11-19T13:39:38+00:00","twitter_card":"summary_large_image","twitter_misc":{"Gesch\u00e4tzte Lesezeit":"2\u00a0Minuten"},"schema":{"@context":"https:\/\/schema.org","@graph":[{"@type":"WebPage","@id":"https:\/\/antoniomartinezclinicadental.com\/de\/datenschutz\/","url":"https:\/\/antoniomartinezclinicadental.com\/de\/datenschutz\/","name":"Datenschutz - Antonio Martinez Cl\u00ednica Dental","isPartOf":{"@id":"https:\/\/antoniomartinezclinicadental.com\/de\/#website"},"datePublished":"2024-11-23T17:45:01+00:00","dateModified":"2025-11-19T13:39:38+00:00","breadcrumb":{"@id":"https:\/\/antoniomartinezclinicadental.com\/de\/datenschutz\/#breadcrumb"},"inLanguage":"de","potentialAction":[{"@type":"ReadAction","target":["https:\/\/antoniomartinezclinicadental.com\/de\/datenschutz\/"]}]},{"@type":"BreadcrumbList","@id":"https:\/\/antoniomartinezclinicadental.com\/de\/datenschutz\/#breadcrumb","itemListElement":[{"@type":"ListItem","position":1,"name":"Home","item":"https:\/\/antoniomartinezclinicadental.com\/de\/"},{"@type":"ListItem","position":2,"name":"Datenschutz"}]},{"@type":"WebSite","@id":"https:\/\/antoniomartinezclinicadental.com\/de\/#website","url":"https:\/\/antoniomartinezclinicadental.com\/de\/","name":"Antonio Martinez Cl\u00ednica Dental","description":"Dentista en V\u00e9lez-M\u00e1laga","publisher":{"@id":"https:\/\/antoniomartinezclinicadental.com\/de\/#organization"},"potentialAction":[{"@type":"SearchAction","target":{"@type":"EntryPoint","urlTemplate":"https:\/\/antoniomartinezclinicadental.com\/de\/?s={search_term_string}"},"query-input":{"@type":"PropertyValueSpecification","valueRequired":true,"valueName":"search_term_string"}}],"inLanguage":"de"},{"@type":"Organization","@id":"https:\/\/antoniomartinezclinicadental.com\/de\/#organization","name":"Antonio Martinez Cl\u00ednica Dental","url":"https:\/\/antoniomartinezclinicadental.com\/de\/","logo":{"@type":"ImageObject","inLanguage":"de","@id":"https:\/\/antoniomartinezclinicadental.com\/de\/#\/schema\/logo\/image\/","url":"https:\/\/antoniomartinezclinicadental.com\/wp-content\/uploads\/2025\/02\/logosinfondo.webp","contentUrl":"https:\/\/antoniomartinezclinicadental.com\/wp-content\/uploads\/2025\/02\/logosinfondo.webp","width":533,"height":69,"caption":"Antonio Martinez Cl\u00ednica Dental"},"image":{"@id":"https:\/\/antoniomartinezclinicadental.com\/de\/#\/schema\/logo\/image\/"},"sameAs":["https:\/\/www.facebook.com\/p\/Clinica-Dental-Antonio-Martinez-100066372022427\/?locale=es_ES","https:\/\/www.instagram.com\/antoniomartinezclinicadental\/?igsh=MTI2OGtxaDhweHJnbA#"]}]}},"_links":{"self":[{"href":"https:\/\/antoniomartinezclinicadental.com\/de\/wp-json\/wp\/v2\/pages\/13659","targetHints":{"allow":["GET"]}}],"collection":[{"href":"https:\/\/antoniomartinezclinicadental.com\/de\/wp-json\/wp\/v2\/pages"}],"about":[{"href":"https:\/\/antoniomartinezclinicadental.com\/de\/wp-json\/wp\/v2\/types\/page"}],"author":[{"embeddable":true,"href":"https:\/\/antoniomartinezclinicadental.com\/de\/wp-json\/wp\/v2\/users\/1"}],"replies":[{"embeddable":true,"href":"https:\/\/antoniomartinezclinicadental.com\/de\/wp-json\/wp\/v2\/comments?post=13659"}],"version-history":[{"count":1,"href":"https:\/\/antoniomartinezclinicadental.com\/de\/wp-json\/wp\/v2\/pages\/13659\/revisions"}],"predecessor-version":[{"id":13661,"href":"https:\/\/antoniomartinezclinicadental.com\/de\/wp-json\/wp\/v2\/pages\/13659\/revisions\/13661"}],"wp:attachment":[{"href":"https:\/\/antoniomartinezclinicadental.com\/de\/wp-json\/wp\/v2\/media?parent=13659"}],"curies":[{"name":"wp","href":"https:\/\/api.w.org\/{rel}","templated":true}]}}