{"id":13649,"date":"2024-11-23T17:45:15","date_gmt":"2024-11-23T17:45:15","guid":{"rendered":"https:\/\/antoniomartinezclinicadental.com\/qualitaet\/"},"modified":"2025-11-19T13:39:38","modified_gmt":"2025-11-19T13:39:38","slug":"qualitaet","status":"publish","type":"page","link":"https:\/\/antoniomartinezclinicadental.com\/de\/qualitaet\/","title":{"rendered":"Qualit\u00e4t"},"content":{"rendered":"\t\t<div data-elementor-type=\"wp-page\" data-elementor-id=\"13649\" class=\"elementor elementor-13649 elementor-400\" data-elementor-post-type=\"page\">\n\t\t\t\t<div class=\"elementor-element elementor-element-30920c7 e-grid e-con-boxed e-con e-parent\" data-id=\"30920c7\" data-element_type=\"container\" data-e-type=\"container\" data-settings=\"{&quot;background_background&quot;:&quot;classic&quot;}\">\n\t\t\t\t\t<div class=\"e-con-inner\">\n\t\t\t\t<div class=\"elementor-element elementor-element-480f6af elementor-widget elementor-widget-text-editor\" data-id=\"480f6af\" data-element_type=\"widget\" data-e-type=\"widget\" data-widget_type=\"text-editor.default\">\n\t\t\t\t<div class=\"elementor-widget-container\">\n\t\t\t\t\t\t\t\t\t<h1>Qualit\u00e4tspolitik<\/h1>\t\t\t\t\t\t\t\t<\/div>\n\t\t\t\t<\/div>\n\t\t\t\t\t<\/div>\n\t\t\t\t<\/div>\n\t\t<div class=\"elementor-element elementor-element-38ebbe0 e-grid e-con-boxed e-con e-parent\" data-id=\"38ebbe0\" data-element_type=\"container\" data-e-type=\"container\">\n\t\t\t\t\t<div class=\"e-con-inner\">\n\t\t\t\t<div class=\"elementor-element elementor-element-87ecd61 elementor-widget elementor-widget-text-editor\" data-id=\"87ecd61\" data-element_type=\"widget\" data-e-type=\"widget\" data-widget_type=\"text-editor.default\">\n\t\t\t\t<div class=\"elementor-widget-container\">\n\t\t\t\t\t\t\t\t\t<p>Die 2009 gegr\u00fcndete <strong>CL\u00cdNICA DENTAL ANTONIO MART\u00cdNEZ<\/strong> st\u00fctzt ihren Ansatz in der Zahnmedizin auf die Entwicklung und den Einsatz modernster Technologien in den H\u00e4nden eines Teams, das sich nicht nur durch seine Ausbildung, sondern auch durch seine menschliche Qualit\u00e4t auszeichnet.<\/p><p><strong>CL\u00cdNICA DENTAL ANTONIO MART\u00cdNEZ<\/strong> hat sich entschlossen, ein Qualit\u00e4tsmanagementsystem einzuf\u00fchren, um seine Dienstleistungen so anzubieten, dass die Erwartungen unserer Patienten erf\u00fcllt und verbessert werden.<\/p><p>Das Qualit\u00e4tssystem zielt darauf ab, eine umfassende Garantie f\u00fcr unsere Dienstleistungen zu bieten und die Zufriedenheit der Patienten zu gew\u00e4hrleisten, indem wir die festgelegten Anforderungen erf\u00fcllen, die vereinbarten Fristen und Preise einhalten und eine pers\u00f6nliche Betreuung bieten.<\/p><p>Mit der Umsetzung dieses Qualit\u00e4tssystems verpflichtet sich der Administrator zu:<\/p><ul><li>Wir sind immer auf dem neuesten Stand der Instrumentierung und des technologischen Fortschritts.<\/li><li>Die Bed\u00fcrfnisse der Patienten zu erf\u00fcllen, ihr Vertrauen in die Klinik zu festigen und die gesetzlichen, beh\u00f6rdlichen und sonstigen Anforderungen an unsere Dienstleistungen zu erf\u00fcllen.<\/li><li>Effiziente Verwaltung und Kontrolle von Prozessen.<\/li><li>Handeln Sie bei den Empfehlungen und Verfahren, die wir f\u00fcr unsere Patienten durchf\u00fchren, aufrichtig.<\/li><li>Die Bed\u00fcrfnisse und Erwartungen der Patienten zu erf\u00fcllen, ihr Vertrauen und ihre Loyalit\u00e4t durch unser Handeln zu gewinnen und die Qualit\u00e4t der angebotenen Dienstleistungen zu gew\u00e4hrleisten.<\/li><li>F\u00f6rdern Sie die Teamarbeit und die Motivation zur kontinuierlichen Verbesserung.<\/li><li>F\u00f6rdern Sie die st\u00e4ndige Weiterbildung unseres Humankapitals.<\/li><\/ul><p> <\/p><p>Der Verwalter von <strong>CL\u00cdNICA DENTAL ANTONIO MART\u00cdNEZ<\/strong> verpflichtet sich, die notwendigen technischen und personellen Ressourcen zur Verf\u00fcgung zu stellen, damit die Qualit\u00e4tspolitik in allen Bereichen der Klinik angewandt und verbreitet wird, damit sie verstanden und \u00fcberpr\u00fcft wird, um die festgelegten Ziele zu erreichen. Sie verpflichtet sich auch, die Risiken und Chancen unserer Prozesse angemessen zu verwalten. <\/p><p>Ebenso stellt der Verwalter von <strong>CL\u00cdNICA DENTAL ANTONIO MART\u00cdNEZ<\/strong> interessierten Parteien unsere Politik zur Verf\u00fcgung und f\u00fchrt regelm\u00e4\u00dfige \u00dcberpr\u00fcfungen und Audits unseres Managementsystems durch, um die Einhaltung der festgelegten Ziele, Vorgaben und Programme zu \u00fcberpr\u00fcfen und zu bewerten. Mit diesen Grunds\u00e4tzen strebt die Klinik eine maximale Kundenzufriedenheit an. <\/p><p>V\u00e9lez-M\u00e1laga, Oktober 2024<br><strong>Der Administrator<\/strong><\/p>\t\t\t\t\t\t\t\t<\/div>\n\t\t\t\t<\/div>\n\t\t\t\t\t<\/div>\n\t\t\t\t<\/div>\n\t\t\t\t<\/div>\n\t\t","protected":false},"excerpt":{"rendered":"<p>Qualit\u00e4tspolitik Die 2009 gegr\u00fcndete CL\u00cdNICA DENTAL ANTONIO MART\u00cdNEZ st\u00fctzt ihren Ansatz in der Zahnmedizin auf die Entwicklung und den Einsatz modernster Technologien in den H\u00e4nden eines Teams, das sich nicht nur durch seine Ausbildung, sondern auch durch seine menschliche Qualit\u00e4t auszeichnet. CL\u00cdNICA DENTAL ANTONIO MART\u00cdNEZ hat sich entschlossen, ein Qualit\u00e4tsmanagementsystem einzuf\u00fchren, um seine Dienstleistungen so [&hellip;]<\/p>\n","protected":false},"author":1,"featured_media":0,"parent":0,"menu_order":0,"comment_status":"closed","ping_status":"closed","template":"","meta":{"footnotes":""},"class_list":["post-13649","page","type-page","status-publish","hentry"],"yoast_head":"<!-- This site is optimized with the Yoast SEO plugin v27.4 - https:\/\/yoast.com\/product\/yoast-seo-wordpress\/ -->\n<title>Qualit\u00e4t - Antonio Martinez Cl\u00ednica Dental<\/title>\n<meta name=\"robots\" content=\"index, follow, max-snippet:-1, max-image-preview:large, max-video-preview:-1\" \/>\n<link rel=\"canonical\" href=\"https:\/\/antoniomartinezclinicadental.com\/de\/qualitaet\/\" \/>\n<meta property=\"og:locale\" content=\"de_DE\" \/>\n<meta property=\"og:type\" content=\"article\" \/>\n<meta property=\"og:title\" content=\"Qualit\u00e4t - Antonio Martinez Cl\u00ednica Dental\" \/>\n<meta property=\"og:description\" content=\"Qualit\u00e4tspolitik Die 2009 gegr\u00fcndete CL\u00cdNICA DENTAL ANTONIO MART\u00cdNEZ st\u00fctzt ihren Ansatz in der Zahnmedizin auf die Entwicklung und den Einsatz modernster Technologien in den H\u00e4nden eines Teams, das sich nicht nur durch seine Ausbildung, sondern auch durch seine menschliche Qualit\u00e4t auszeichnet. CL\u00cdNICA DENTAL ANTONIO MART\u00cdNEZ hat sich entschlossen, ein Qualit\u00e4tsmanagementsystem einzuf\u00fchren, um seine Dienstleistungen so [&hellip;]\" \/>\n<meta property=\"og:url\" content=\"https:\/\/antoniomartinezclinicadental.com\/de\/qualitaet\/\" \/>\n<meta property=\"og:site_name\" content=\"Antonio Martinez Cl\u00ednica Dental\" \/>\n<meta property=\"article:publisher\" content=\"https:\/\/www.facebook.com\/p\/Clinica-Dental-Antonio-Martinez-100066372022427\/?locale=es_ES\" \/>\n<meta property=\"article:modified_time\" content=\"2025-11-19T13:39:38+00:00\" \/>\n<meta name=\"twitter:card\" content=\"summary_large_image\" \/>\n<meta name=\"twitter:label1\" content=\"Gesch\u00e4tzte Lesezeit\" \/>\n\t<meta name=\"twitter:data1\" content=\"2\u00a0Minuten\" \/>\n<script type=\"application\/ld+json\" class=\"yoast-schema-graph\">{\"@context\":\"https:\\\/\\\/schema.org\",\"@graph\":[{\"@type\":\"WebPage\",\"@id\":\"https:\\\/\\\/antoniomartinezclinicadental.com\\\/de\\\/qualitaet\\\/\",\"url\":\"https:\\\/\\\/antoniomartinezclinicadental.com\\\/de\\\/qualitaet\\\/\",\"name\":\"Qualit\u00e4t - Antonio Martinez Cl\u00ednica Dental\",\"isPartOf\":{\"@id\":\"https:\\\/\\\/antoniomartinezclinicadental.com\\\/de\\\/#website\"},\"datePublished\":\"2024-11-23T17:45:15+00:00\",\"dateModified\":\"2025-11-19T13:39:38+00:00\",\"breadcrumb\":{\"@id\":\"https:\\\/\\\/antoniomartinezclinicadental.com\\\/de\\\/qualitaet\\\/#breadcrumb\"},\"inLanguage\":\"de\",\"potentialAction\":[{\"@type\":\"ReadAction\",\"target\":[\"https:\\\/\\\/antoniomartinezclinicadental.com\\\/de\\\/qualitaet\\\/\"]}]},{\"@type\":\"BreadcrumbList\",\"@id\":\"https:\\\/\\\/antoniomartinezclinicadental.com\\\/de\\\/qualitaet\\\/#breadcrumb\",\"itemListElement\":[{\"@type\":\"ListItem\",\"position\":1,\"name\":\"Home\",\"item\":\"https:\\\/\\\/antoniomartinezclinicadental.com\\\/de\\\/\"},{\"@type\":\"ListItem\",\"position\":2,\"name\":\"Qualit\u00e4t\"}]},{\"@type\":\"WebSite\",\"@id\":\"https:\\\/\\\/antoniomartinezclinicadental.com\\\/de\\\/#website\",\"url\":\"https:\\\/\\\/antoniomartinezclinicadental.com\\\/de\\\/\",\"name\":\"Antonio Martinez Cl\u00ednica Dental\",\"description\":\"Dentista en V\u00e9lez-M\u00e1laga\",\"publisher\":{\"@id\":\"https:\\\/\\\/antoniomartinezclinicadental.com\\\/de\\\/#organization\"},\"potentialAction\":[{\"@type\":\"SearchAction\",\"target\":{\"@type\":\"EntryPoint\",\"urlTemplate\":\"https:\\\/\\\/antoniomartinezclinicadental.com\\\/de\\\/?s={search_term_string}\"},\"query-input\":{\"@type\":\"PropertyValueSpecification\",\"valueRequired\":true,\"valueName\":\"search_term_string\"}}],\"inLanguage\":\"de\"},{\"@type\":\"Organization\",\"@id\":\"https:\\\/\\\/antoniomartinezclinicadental.com\\\/de\\\/#organization\",\"name\":\"Antonio Martinez Cl\u00ednica Dental\",\"url\":\"https:\\\/\\\/antoniomartinezclinicadental.com\\\/de\\\/\",\"logo\":{\"@type\":\"ImageObject\",\"inLanguage\":\"de\",\"@id\":\"https:\\\/\\\/antoniomartinezclinicadental.com\\\/de\\\/#\\\/schema\\\/logo\\\/image\\\/\",\"url\":\"https:\\\/\\\/antoniomartinezclinicadental.com\\\/wp-content\\\/uploads\\\/2025\\\/02\\\/logosinfondo.webp\",\"contentUrl\":\"https:\\\/\\\/antoniomartinezclinicadental.com\\\/wp-content\\\/uploads\\\/2025\\\/02\\\/logosinfondo.webp\",\"width\":533,\"height\":69,\"caption\":\"Antonio Martinez Cl\u00ednica Dental\"},\"image\":{\"@id\":\"https:\\\/\\\/antoniomartinezclinicadental.com\\\/de\\\/#\\\/schema\\\/logo\\\/image\\\/\"},\"sameAs\":[\"https:\\\/\\\/www.facebook.com\\\/p\\\/Clinica-Dental-Antonio-Martinez-100066372022427\\\/?locale=es_ES\",\"https:\\\/\\\/www.instagram.com\\\/antoniomartinezclinicadental\\\/?igsh=MTI2OGtxaDhweHJnbA#\"]}]}<\/script>\n<!-- \/ Yoast SEO plugin. -->","yoast_head_json":{"title":"Qualit\u00e4t - Antonio Martinez Cl\u00ednica Dental","robots":{"index":"index","follow":"follow","max-snippet":"max-snippet:-1","max-image-preview":"max-image-preview:large","max-video-preview":"max-video-preview:-1"},"canonical":"https:\/\/antoniomartinezclinicadental.com\/de\/qualitaet\/","og_locale":"de_DE","og_type":"article","og_title":"Qualit\u00e4t - Antonio Martinez Cl\u00ednica Dental","og_description":"Qualit\u00e4tspolitik Die 2009 gegr\u00fcndete CL\u00cdNICA DENTAL ANTONIO MART\u00cdNEZ st\u00fctzt ihren Ansatz in der Zahnmedizin auf die Entwicklung und den Einsatz modernster Technologien in den H\u00e4nden eines Teams, das sich nicht nur durch seine Ausbildung, sondern auch durch seine menschliche Qualit\u00e4t auszeichnet. CL\u00cdNICA DENTAL ANTONIO MART\u00cdNEZ hat sich entschlossen, ein Qualit\u00e4tsmanagementsystem einzuf\u00fchren, um seine Dienstleistungen so [&hellip;]","og_url":"https:\/\/antoniomartinezclinicadental.com\/de\/qualitaet\/","og_site_name":"Antonio Martinez Cl\u00ednica Dental","article_publisher":"https:\/\/www.facebook.com\/p\/Clinica-Dental-Antonio-Martinez-100066372022427\/?locale=es_ES","article_modified_time":"2025-11-19T13:39:38+00:00","twitter_card":"summary_large_image","twitter_misc":{"Gesch\u00e4tzte Lesezeit":"2\u00a0Minuten"},"schema":{"@context":"https:\/\/schema.org","@graph":[{"@type":"WebPage","@id":"https:\/\/antoniomartinezclinicadental.com\/de\/qualitaet\/","url":"https:\/\/antoniomartinezclinicadental.com\/de\/qualitaet\/","name":"Qualit\u00e4t - Antonio Martinez Cl\u00ednica Dental","isPartOf":{"@id":"https:\/\/antoniomartinezclinicadental.com\/de\/#website"},"datePublished":"2024-11-23T17:45:15+00:00","dateModified":"2025-11-19T13:39:38+00:00","breadcrumb":{"@id":"https:\/\/antoniomartinezclinicadental.com\/de\/qualitaet\/#breadcrumb"},"inLanguage":"de","potentialAction":[{"@type":"ReadAction","target":["https:\/\/antoniomartinezclinicadental.com\/de\/qualitaet\/"]}]},{"@type":"BreadcrumbList","@id":"https:\/\/antoniomartinezclinicadental.com\/de\/qualitaet\/#breadcrumb","itemListElement":[{"@type":"ListItem","position":1,"name":"Home","item":"https:\/\/antoniomartinezclinicadental.com\/de\/"},{"@type":"ListItem","position":2,"name":"Qualit\u00e4t"}]},{"@type":"WebSite","@id":"https:\/\/antoniomartinezclinicadental.com\/de\/#website","url":"https:\/\/antoniomartinezclinicadental.com\/de\/","name":"Antonio Martinez Cl\u00ednica Dental","description":"Dentista en V\u00e9lez-M\u00e1laga","publisher":{"@id":"https:\/\/antoniomartinezclinicadental.com\/de\/#organization"},"potentialAction":[{"@type":"SearchAction","target":{"@type":"EntryPoint","urlTemplate":"https:\/\/antoniomartinezclinicadental.com\/de\/?s={search_term_string}"},"query-input":{"@type":"PropertyValueSpecification","valueRequired":true,"valueName":"search_term_string"}}],"inLanguage":"de"},{"@type":"Organization","@id":"https:\/\/antoniomartinezclinicadental.com\/de\/#organization","name":"Antonio Martinez Cl\u00ednica Dental","url":"https:\/\/antoniomartinezclinicadental.com\/de\/","logo":{"@type":"ImageObject","inLanguage":"de","@id":"https:\/\/antoniomartinezclinicadental.com\/de\/#\/schema\/logo\/image\/","url":"https:\/\/antoniomartinezclinicadental.com\/wp-content\/uploads\/2025\/02\/logosinfondo.webp","contentUrl":"https:\/\/antoniomartinezclinicadental.com\/wp-content\/uploads\/2025\/02\/logosinfondo.webp","width":533,"height":69,"caption":"Antonio Martinez Cl\u00ednica Dental"},"image":{"@id":"https:\/\/antoniomartinezclinicadental.com\/de\/#\/schema\/logo\/image\/"},"sameAs":["https:\/\/www.facebook.com\/p\/Clinica-Dental-Antonio-Martinez-100066372022427\/?locale=es_ES","https:\/\/www.instagram.com\/antoniomartinezclinicadental\/?igsh=MTI2OGtxaDhweHJnbA#"]}]}},"_links":{"self":[{"href":"https:\/\/antoniomartinezclinicadental.com\/de\/wp-json\/wp\/v2\/pages\/13649","targetHints":{"allow":["GET"]}}],"collection":[{"href":"https:\/\/antoniomartinezclinicadental.com\/de\/wp-json\/wp\/v2\/pages"}],"about":[{"href":"https:\/\/antoniomartinezclinicadental.com\/de\/wp-json\/wp\/v2\/types\/page"}],"author":[{"embeddable":true,"href":"https:\/\/antoniomartinezclinicadental.com\/de\/wp-json\/wp\/v2\/users\/1"}],"replies":[{"embeddable":true,"href":"https:\/\/antoniomartinezclinicadental.com\/de\/wp-json\/wp\/v2\/comments?post=13649"}],"version-history":[{"count":1,"href":"https:\/\/antoniomartinezclinicadental.com\/de\/wp-json\/wp\/v2\/pages\/13649\/revisions"}],"predecessor-version":[{"id":13652,"href":"https:\/\/antoniomartinezclinicadental.com\/de\/wp-json\/wp\/v2\/pages\/13649\/revisions\/13652"}],"wp:attachment":[{"href":"https:\/\/antoniomartinezclinicadental.com\/de\/wp-json\/wp\/v2\/media?parent=13649"}],"curies":[{"name":"wp","href":"https:\/\/api.w.org\/{rel}","templated":true}]}}