{"id":13647,"date":"2024-11-23T17:44:41","date_gmt":"2024-11-23T17:44:41","guid":{"rendered":"https:\/\/antoniomartinezclinicadental.com\/cookies\/"},"modified":"2025-11-19T13:39:37","modified_gmt":"2025-11-19T13:39:37","slug":"cookies","status":"publish","type":"page","link":"https:\/\/antoniomartinezclinicadental.com\/de\/cookies\/","title":{"rendered":"Cookies"},"content":{"rendered":"\t\t<div data-elementor-type=\"wp-page\" data-elementor-id=\"13647\" class=\"elementor elementor-13647 elementor-396\" data-elementor-post-type=\"page\">\n\t\t\t\t<div class=\"elementor-element elementor-element-c08ebb9 e-grid e-con-boxed e-con e-parent\" data-id=\"c08ebb9\" data-element_type=\"container\" data-e-type=\"container\" data-settings=\"{&quot;background_background&quot;:&quot;classic&quot;}\">\n\t\t\t\t\t<div class=\"e-con-inner\">\n\t\t\t\t<div class=\"elementor-element elementor-element-3f23bde elementor-widget elementor-widget-text-editor\" data-id=\"3f23bde\" data-element_type=\"widget\" data-e-type=\"widget\" data-widget_type=\"text-editor.default\">\n\t\t\t\t<div class=\"elementor-widget-container\">\n\t\t\t\t\t\t\t\t\t<h1>Cookie-Richtlinie<\/h1>\t\t\t\t\t\t\t\t<\/div>\n\t\t\t\t<\/div>\n\t\t\t\t\t<\/div>\n\t\t\t\t<\/div>\n\t\t<div class=\"elementor-element elementor-element-c3e6807 e-grid e-con-boxed e-con e-parent\" data-id=\"c3e6807\" data-element_type=\"container\" data-e-type=\"container\">\n\t\t\t\t\t<div class=\"e-con-inner\">\n\t\t\t\t<div class=\"elementor-element elementor-element-82171d5 elementor-widget elementor-widget-text-editor\" data-id=\"82171d5\" data-element_type=\"widget\" data-e-type=\"widget\" data-widget_type=\"text-editor.default\">\n\t\t\t\t<div class=\"elementor-widget-container\">\n\t\t\t\t\t\t\t\t\t<div class=\"flex max-w-full flex-col flex-grow\">\n<div class=\"min-h-8 text-message flex w-full flex-col items-end gap-2 whitespace-normal break-words [.text-message+&amp;]:mt-5\" dir=\"auto\" data-message-author-role=\"assistant\" data-message-id=\"f79350be-e2a6-4be8-a3e3-50d9c89f667a\" data-message-model-slug=\"gpt-4o\">\n<div class=\"flex w-full flex-col gap-1 empty:hidden first:pt-[3px]\">\n<div class=\"markdown prose w-full break-words dark:prose-invert dark\">\n<p><strong>antonioantoniomartinezdental.com<\/strong>, Zahnklinik in V\u00e9lez-M\u00e1laga, verwendet, wie die meisten Internetportale, Cookies, um den Service zu verbessern und das Surfen auf der Website zu erleichtern.<\/p>\n<p>Bei <strong>antonioantoniomartinezdental.com<\/strong> ist es der Benutzer, der entscheidet, ob er diese Cookies akzeptiert oder nicht.<\/p>\n<h2>&nbsp;<\/h2>\n<h2>Was sind Cookies?<\/h2>\n<p>Cookies sind kleine Datenmengen, die in dem von jedem Benutzer verwendeten Browser gespeichert werden, so dass sich der Server bestimmte Informationen merkt, die dann f\u00fcr verschiedene Zwecke verwendet werden k\u00f6nnen, von der effizienteren Gestaltung des Webbrowsers bis hin zur Erinnerung an Login-Informationen, den Inhalt Ihres Warenkorbs oder die Verbindung zu sozialen Netzwerken.<\/p>\n<p>Es ist der Betreiber der Website, der bestimmt, welche Art von Informationen das Cookie enth\u00e4lt und welchen Zweck es erf\u00fcllt, und es kann auch vom Webserver jedes Mal verwendet werden, wenn der Benutzer die Website besucht.<\/p>\n<p>Es gibt viele Leitf\u00e4den, die detailliert erkl\u00e4ren, was Cookies sind und wof\u00fcr sie verwendet werden, wie z.B. diese Leitf\u00e4den unten:<\/p>\n<ul>\n<li>Wikipedia &#8211; Cookies<\/li>\n<li>Alles \u00fcber Cookies<\/li>\n<li>Ihre Online-Wahlm\u00f6glichkeiten<\/li>\n<li>Internationale Handelskammer<\/li>\n<\/ul>\n<h3>&nbsp;<\/h3>\n<h2>Wie verwenden wir Cookies?<\/h2>\n<p><strong>antonioantoniomartinezdental.com<\/strong> verwendet nur Cookies, deren Verwendung uns der Nutzer erlaubt. Neben der M\u00f6glichkeit, die Verwendung dieser Cookies \u00fcber unsere Website zu akzeptieren oder abzulehnen, kann der Nutzer sie jederzeit \u00fcber seine Browsereinstellungen verwalten und kontrollieren. <\/p>\n<p>Nachfolgend finden Sie eine Informationsquelle, wie Sie diesen Vorgang durchf\u00fchren k\u00f6nnen:<\/p>\n<ul>\n<li>Firefox: Leitfaden f\u00fcr Cookies<\/li>\n<li>Chrome: Leitfaden f\u00fcr Cookies<\/li>\n<li>Internet Explorer: Leitfaden f\u00fcr Cookies<\/li>\n<li>Safari: Leitfaden f\u00fcr Cookies<\/li>\n<li>Sonstiges: Alles \u00fcber Kekse<\/li>\n<\/ul>\n<h3>&nbsp;<\/h3>\n<h3>Welche Cookies verwenden wir?<\/h3>\n<p>Wir haben einige bestehende Richtlinien verwendet, um die von uns verwendeten Cookies in drei Gruppen zu klassifizieren und zu definieren:<\/p>\n<h4>&nbsp;<\/h4>\n<h3>A) Leistungs-Cookies<\/h3>\n<p>Diese Cookies sammeln Informationen dar\u00fcber, wie der Benutzer die Website nutzt (besuchte Seiten, Fehlerkontrolle beim Browsen). Alle gesammelten Informationen sind v\u00f6llig anonym und dienen dazu, zu verstehen, wie unsere Website funktioniert, sowie Probleme zu identifizieren und zu l\u00f6sen, um die Navigation f\u00fcr den Benutzer zu erleichtern. <\/p>\n<p>Diese Cookies erm\u00f6glichen:<\/p>\n<ul>\n<li>Dass der Benutzer korrekt durch die Website navigiert.<\/li>\n<li>Dass <strong>antonioantoniomartinezdental.com<\/strong> Informationen \u00fcber die Nutzung der Website sammelt, um ihre Benutzerfreundlichkeit zu verbessern.<\/li>\n<li>Sie sammeln keine Benutzerdaten, die f\u00fcr Werbezwecke verwendet werden k\u00f6nnen, oder Informationen \u00fcber Ihre Pr\u00e4ferenzen, die \u00fcber diesen speziellen Besuch hinausgehen.<\/li>\n<\/ul>\n<h4>&nbsp;<\/h4>\n<h3>B) Funktionale Cookies<\/h3>\n<p>Der Zweck dieser Cookies ist es, die Benutzererfahrung zu verbessern. <strong>antonioantoniomartinezdental.com<\/strong> verwendet diese Cookies, um sich an bestimmte Einstellungen zu erinnern oder um bestimmte Dienste anzubieten, die Ihre Erfahrung auf der Website verbessern k\u00f6nnen. Sie merken sich zum Beispiel das Land oder die Sprache, die Sie beim Besuch der Seiten ausgew\u00e4hlt haben, und werden nicht f\u00fcr Marketingzwecke verwendet. <\/p>\n<p>Diese Cookies erm\u00f6glichen:<\/p>\n<ul>\n<li>Erinnern Sie sich an Ihre Kunden-Login-Daten, wenn Sie auf die Seite zur\u00fcckkehren.<\/li>\n<li>Sie sammeln keine Benutzerdaten, die zu Werbezwecken verwendet werden k\u00f6nnen, auch nicht \u00fcber den jeweiligen Besuch hinaus.<\/li>\n<\/ul>\n<h4>&nbsp;<\/h4>\n<h3>C) Marketing Cookies<\/h3>\n<p>Diese Cookies werden von Dritten verwaltet, so dass Sie deren Tools verwenden k\u00f6nnen, um ihre Verwendung einzuschr\u00e4nken. Einige dieser Cookies werden verwendet, um Links zu anderen Websites zu erstellen, die Dienstleistungen f\u00fcr <g id=\"gid_0\">antonioantoniomartinezdental.com<\/g> anbieten, wie Facebook, Twitter oder Google. Sie k\u00f6nnen auch die Werbung auf anderen Seiten an Ihre Pr\u00e4ferenzen anpassen.  <\/p>\n<p>Diese Cookies erm\u00f6glichen:<\/p>\n<ul>\n<li>Link zu sozialen Netzwerken.<\/li>\n<li>Weitergabe von Informationen \u00fcber Ihren Besuch auf der Website <strong>antonioantoniomartinezdental.com<\/strong> zur Personalisierung von Werbung auf anderen Websites.<\/li>\n<\/ul>\n<p>Denken Sie daran, dass die Cookies, die vor der \u00c4nderung der Konfiguration installiert wurden, auf Ihrem Ger\u00e4t verbleiben, bis Sie sie mit den Optionen Ihres Browsers l\u00f6schen.<\/p>\n<h3>&nbsp;<\/h3>\n<h2>Was passiert, wenn ich Cookies deaktiviere?<\/h2>\n<p>Einige Funktionen der Website werden deaktiviert, wie z.B. das Beibehalten der Identifizierung, das Beibehalten von Produkten im &#8222;Einkaufswagen&#8220; bei E-Commerce-Diensten oder der Empfang von Informationen, die an Ihren Standort gerichtet sind.<\/p>\n<h3>&nbsp;<\/h3>\n<h3>\u00c4nderungen an der Datenschutz-\/Cookie-Richtlinie<\/h3>\n<p><strong>antonioantoniomartinezdental.com<\/strong> kann diese Cookie-Richtlinie entsprechend den gesetzlichen und regulatorischen Anforderungen \u00e4ndern, um sich an die von der spanischen Datenschutzbeh\u00f6rde herausgegebenen Anweisungen anzupassen. Den Benutzern wird empfohlen, sie regelm\u00e4\u00dfig zu besuchen. Wenn jedoch wesentliche \u00c4nderungen an dieser Cookie-Politik vorgenommen werden, werden sie den Benutzern \u00fcber die Website oder per E-Mail an registrierte Benutzer mitgeteilt.  <\/p>\n<\/div>\n<\/div>\n<\/div>\n<\/div>\t\t\t\t\t\t\t\t<\/div>\n\t\t\t\t<\/div>\n\t\t\t\t\t<\/div>\n\t\t\t\t<\/div>\n\t\t\t\t<\/div>\n\t\t","protected":false},"excerpt":{"rendered":"<p>Cookie-Richtlinie antonioantoniomartinezdental.com, Zahnklinik in V\u00e9lez-M\u00e1laga, verwendet, wie die meisten Internetportale, Cookies, um den Service zu verbessern und das Surfen auf der Website zu erleichtern. Bei antonioantoniomartinezdental.com ist es der Benutzer, der entscheidet, ob er diese Cookies akzeptiert oder nicht. &nbsp; Was sind Cookies? Cookies sind kleine Datenmengen, die in dem von jedem Benutzer verwendeten Browser [&hellip;]<\/p>\n","protected":false},"author":1,"featured_media":0,"parent":0,"menu_order":0,"comment_status":"closed","ping_status":"closed","template":"","meta":{"footnotes":""},"class_list":["post-13647","page","type-page","status-publish","hentry"],"yoast_head":"<!-- This site is optimized with the Yoast SEO plugin v27.4 - https:\/\/yoast.com\/product\/yoast-seo-wordpress\/ -->\n<title>Cookies - Antonio Martinez Cl\u00ednica Dental<\/title>\n<meta name=\"robots\" content=\"index, follow, max-snippet:-1, max-image-preview:large, max-video-preview:-1\" \/>\n<link rel=\"canonical\" href=\"https:\/\/antoniomartinezclinicadental.com\/de\/cookies\/\" \/>\n<meta property=\"og:locale\" content=\"de_DE\" \/>\n<meta property=\"og:type\" content=\"article\" \/>\n<meta property=\"og:title\" content=\"Cookies - Antonio Martinez Cl\u00ednica Dental\" \/>\n<meta property=\"og:description\" content=\"Cookie-Richtlinie antonioantoniomartinezdental.com, Zahnklinik in V\u00e9lez-M\u00e1laga, verwendet, wie die meisten Internetportale, Cookies, um den Service zu verbessern und das Surfen auf der Website zu erleichtern. Bei antonioantoniomartinezdental.com ist es der Benutzer, der entscheidet, ob er diese Cookies akzeptiert oder nicht. &nbsp; Was sind Cookies? Cookies sind kleine Datenmengen, die in dem von jedem Benutzer verwendeten Browser [&hellip;]\" \/>\n<meta property=\"og:url\" content=\"https:\/\/antoniomartinezclinicadental.com\/de\/cookies\/\" \/>\n<meta property=\"og:site_name\" content=\"Antonio Martinez Cl\u00ednica Dental\" \/>\n<meta property=\"article:publisher\" content=\"https:\/\/www.facebook.com\/p\/Clinica-Dental-Antonio-Martinez-100066372022427\/?locale=es_ES\" \/>\n<meta property=\"article:modified_time\" content=\"2025-11-19T13:39:37+00:00\" \/>\n<meta name=\"twitter:card\" content=\"summary_large_image\" \/>\n<meta name=\"twitter:label1\" content=\"Gesch\u00e4tzte Lesezeit\" \/>\n\t<meta name=\"twitter:data1\" content=\"4\u00a0Minuten\" \/>\n<script type=\"application\/ld+json\" class=\"yoast-schema-graph\">{\"@context\":\"https:\\\/\\\/schema.org\",\"@graph\":[{\"@type\":\"WebPage\",\"@id\":\"https:\\\/\\\/antoniomartinezclinicadental.com\\\/de\\\/cookies\\\/\",\"url\":\"https:\\\/\\\/antoniomartinezclinicadental.com\\\/de\\\/cookies\\\/\",\"name\":\"Cookies - Antonio Martinez Cl\u00ednica Dental\",\"isPartOf\":{\"@id\":\"https:\\\/\\\/antoniomartinezclinicadental.com\\\/de\\\/#website\"},\"datePublished\":\"2024-11-23T17:44:41+00:00\",\"dateModified\":\"2025-11-19T13:39:37+00:00\",\"breadcrumb\":{\"@id\":\"https:\\\/\\\/antoniomartinezclinicadental.com\\\/de\\\/cookies\\\/#breadcrumb\"},\"inLanguage\":\"de\",\"potentialAction\":[{\"@type\":\"ReadAction\",\"target\":[\"https:\\\/\\\/antoniomartinezclinicadental.com\\\/de\\\/cookies\\\/\"]}]},{\"@type\":\"BreadcrumbList\",\"@id\":\"https:\\\/\\\/antoniomartinezclinicadental.com\\\/de\\\/cookies\\\/#breadcrumb\",\"itemListElement\":[{\"@type\":\"ListItem\",\"position\":1,\"name\":\"Home\",\"item\":\"https:\\\/\\\/antoniomartinezclinicadental.com\\\/de\\\/\"},{\"@type\":\"ListItem\",\"position\":2,\"name\":\"Cookies\"}]},{\"@type\":\"WebSite\",\"@id\":\"https:\\\/\\\/antoniomartinezclinicadental.com\\\/de\\\/#website\",\"url\":\"https:\\\/\\\/antoniomartinezclinicadental.com\\\/de\\\/\",\"name\":\"Antonio Martinez Cl\u00ednica Dental\",\"description\":\"Dentista en V\u00e9lez-M\u00e1laga\",\"publisher\":{\"@id\":\"https:\\\/\\\/antoniomartinezclinicadental.com\\\/de\\\/#organization\"},\"potentialAction\":[{\"@type\":\"SearchAction\",\"target\":{\"@type\":\"EntryPoint\",\"urlTemplate\":\"https:\\\/\\\/antoniomartinezclinicadental.com\\\/de\\\/?s={search_term_string}\"},\"query-input\":{\"@type\":\"PropertyValueSpecification\",\"valueRequired\":true,\"valueName\":\"search_term_string\"}}],\"inLanguage\":\"de\"},{\"@type\":\"Organization\",\"@id\":\"https:\\\/\\\/antoniomartinezclinicadental.com\\\/de\\\/#organization\",\"name\":\"Antonio Martinez Cl\u00ednica Dental\",\"url\":\"https:\\\/\\\/antoniomartinezclinicadental.com\\\/de\\\/\",\"logo\":{\"@type\":\"ImageObject\",\"inLanguage\":\"de\",\"@id\":\"https:\\\/\\\/antoniomartinezclinicadental.com\\\/de\\\/#\\\/schema\\\/logo\\\/image\\\/\",\"url\":\"https:\\\/\\\/antoniomartinezclinicadental.com\\\/wp-content\\\/uploads\\\/2025\\\/02\\\/logosinfondo.webp\",\"contentUrl\":\"https:\\\/\\\/antoniomartinezclinicadental.com\\\/wp-content\\\/uploads\\\/2025\\\/02\\\/logosinfondo.webp\",\"width\":533,\"height\":69,\"caption\":\"Antonio Martinez Cl\u00ednica Dental\"},\"image\":{\"@id\":\"https:\\\/\\\/antoniomartinezclinicadental.com\\\/de\\\/#\\\/schema\\\/logo\\\/image\\\/\"},\"sameAs\":[\"https:\\\/\\\/www.facebook.com\\\/p\\\/Clinica-Dental-Antonio-Martinez-100066372022427\\\/?locale=es_ES\",\"https:\\\/\\\/www.instagram.com\\\/antoniomartinezclinicadental\\\/?igsh=MTI2OGtxaDhweHJnbA#\"]}]}<\/script>\n<!-- \/ Yoast SEO plugin. -->","yoast_head_json":{"title":"Cookies - Antonio Martinez Cl\u00ednica Dental","robots":{"index":"index","follow":"follow","max-snippet":"max-snippet:-1","max-image-preview":"max-image-preview:large","max-video-preview":"max-video-preview:-1"},"canonical":"https:\/\/antoniomartinezclinicadental.com\/de\/cookies\/","og_locale":"de_DE","og_type":"article","og_title":"Cookies - Antonio Martinez Cl\u00ednica Dental","og_description":"Cookie-Richtlinie antonioantoniomartinezdental.com, Zahnklinik in V\u00e9lez-M\u00e1laga, verwendet, wie die meisten Internetportale, Cookies, um den Service zu verbessern und das Surfen auf der Website zu erleichtern. Bei antonioantoniomartinezdental.com ist es der Benutzer, der entscheidet, ob er diese Cookies akzeptiert oder nicht. &nbsp; Was sind Cookies? Cookies sind kleine Datenmengen, die in dem von jedem Benutzer verwendeten Browser [&hellip;]","og_url":"https:\/\/antoniomartinezclinicadental.com\/de\/cookies\/","og_site_name":"Antonio Martinez Cl\u00ednica Dental","article_publisher":"https:\/\/www.facebook.com\/p\/Clinica-Dental-Antonio-Martinez-100066372022427\/?locale=es_ES","article_modified_time":"2025-11-19T13:39:37+00:00","twitter_card":"summary_large_image","twitter_misc":{"Gesch\u00e4tzte Lesezeit":"4\u00a0Minuten"},"schema":{"@context":"https:\/\/schema.org","@graph":[{"@type":"WebPage","@id":"https:\/\/antoniomartinezclinicadental.com\/de\/cookies\/","url":"https:\/\/antoniomartinezclinicadental.com\/de\/cookies\/","name":"Cookies - Antonio Martinez Cl\u00ednica Dental","isPartOf":{"@id":"https:\/\/antoniomartinezclinicadental.com\/de\/#website"},"datePublished":"2024-11-23T17:44:41+00:00","dateModified":"2025-11-19T13:39:37+00:00","breadcrumb":{"@id":"https:\/\/antoniomartinezclinicadental.com\/de\/cookies\/#breadcrumb"},"inLanguage":"de","potentialAction":[{"@type":"ReadAction","target":["https:\/\/antoniomartinezclinicadental.com\/de\/cookies\/"]}]},{"@type":"BreadcrumbList","@id":"https:\/\/antoniomartinezclinicadental.com\/de\/cookies\/#breadcrumb","itemListElement":[{"@type":"ListItem","position":1,"name":"Home","item":"https:\/\/antoniomartinezclinicadental.com\/de\/"},{"@type":"ListItem","position":2,"name":"Cookies"}]},{"@type":"WebSite","@id":"https:\/\/antoniomartinezclinicadental.com\/de\/#website","url":"https:\/\/antoniomartinezclinicadental.com\/de\/","name":"Antonio Martinez Cl\u00ednica Dental","description":"Dentista en V\u00e9lez-M\u00e1laga","publisher":{"@id":"https:\/\/antoniomartinezclinicadental.com\/de\/#organization"},"potentialAction":[{"@type":"SearchAction","target":{"@type":"EntryPoint","urlTemplate":"https:\/\/antoniomartinezclinicadental.com\/de\/?s={search_term_string}"},"query-input":{"@type":"PropertyValueSpecification","valueRequired":true,"valueName":"search_term_string"}}],"inLanguage":"de"},{"@type":"Organization","@id":"https:\/\/antoniomartinezclinicadental.com\/de\/#organization","name":"Antonio Martinez Cl\u00ednica Dental","url":"https:\/\/antoniomartinezclinicadental.com\/de\/","logo":{"@type":"ImageObject","inLanguage":"de","@id":"https:\/\/antoniomartinezclinicadental.com\/de\/#\/schema\/logo\/image\/","url":"https:\/\/antoniomartinezclinicadental.com\/wp-content\/uploads\/2025\/02\/logosinfondo.webp","contentUrl":"https:\/\/antoniomartinezclinicadental.com\/wp-content\/uploads\/2025\/02\/logosinfondo.webp","width":533,"height":69,"caption":"Antonio Martinez Cl\u00ednica Dental"},"image":{"@id":"https:\/\/antoniomartinezclinicadental.com\/de\/#\/schema\/logo\/image\/"},"sameAs":["https:\/\/www.facebook.com\/p\/Clinica-Dental-Antonio-Martinez-100066372022427\/?locale=es_ES","https:\/\/www.instagram.com\/antoniomartinezclinicadental\/?igsh=MTI2OGtxaDhweHJnbA#"]}]}},"_links":{"self":[{"href":"https:\/\/antoniomartinezclinicadental.com\/de\/wp-json\/wp\/v2\/pages\/13647","targetHints":{"allow":["GET"]}}],"collection":[{"href":"https:\/\/antoniomartinezclinicadental.com\/de\/wp-json\/wp\/v2\/pages"}],"about":[{"href":"https:\/\/antoniomartinezclinicadental.com\/de\/wp-json\/wp\/v2\/types\/page"}],"author":[{"embeddable":true,"href":"https:\/\/antoniomartinezclinicadental.com\/de\/wp-json\/wp\/v2\/users\/1"}],"replies":[{"embeddable":true,"href":"https:\/\/antoniomartinezclinicadental.com\/de\/wp-json\/wp\/v2\/comments?post=13647"}],"version-history":[{"count":1,"href":"https:\/\/antoniomartinezclinicadental.com\/de\/wp-json\/wp\/v2\/pages\/13647\/revisions"}],"predecessor-version":[{"id":13650,"href":"https:\/\/antoniomartinezclinicadental.com\/de\/wp-json\/wp\/v2\/pages\/13647\/revisions\/13650"}],"wp:attachment":[{"href":"https:\/\/antoniomartinezclinicadental.com\/de\/wp-json\/wp\/v2\/media?parent=13647"}],"curies":[{"name":"wp","href":"https:\/\/api.w.org\/{rel}","templated":true}]}}